{"id":10058,"date":"2024-04-24T11:46:09","date_gmt":"2024-04-24T11:46:09","guid":{"rendered":"https:\/\/adidascombat.md\/product\/paleta-adidas-taekwondo-aditst03-marimea-s\/"},"modified":"2024-07-12T15:39:24","modified_gmt":"2024-07-12T15:39:24","slug":"paleta-adidas-taekwondo-aditst03-marimea-s","status":"publish","type":"product","link":"https:\/\/adidascombat.md\/ro\/Produs\/paleta-adidas-taekwondo-aditst03-marimea-s\/","title":{"rendered":"Palet\u0103 Adidas taekwondo ADITST03"},"content":{"rendered":"<p><strong>Adidas taekwondo single target pad ADITST03 red<\/strong><\/p>\n<ul>\n<li><strong>M\u0103rimea S:<\/strong> lungime total\u0103 41 cm, diametru cap aproximativ 18 cm<\/li>\n<li><strong>M\u0103rimea L<\/strong>: lungime total\u0103 47 cm, diametru cap aproximativ 22 cm<\/li>\n<\/ul>\n","protected":false},"excerpt":{"rendered":"<p>Adidas taekwondo single target pad ADITST03 red M\u0103rimea S: lungime total\u0103 41 cm, diametru cap aproximativ 18 cm M\u0103rimea L:<\/p>\n","protected":false},"featured_media":10052,"comment_status":"open","ping_status":"closed","template":"","meta":[],"product_brand":[],"product_cat":[137,79,97,141],"product_tag":[],"class_list":{"0":"post-10058","1":"product","2":"type-product","3":"status-publish","4":"has-post-thumbnail","6":"product_cat-adidas-karate-ro","7":"product_cat-adidas-taekwondo-ro","8":"product_cat-manusi-si-scuturi","9":"product_cat-manusi-si-scuturi-ro","11":"first","12":"instock","13":"shipping-taxable","14":"purchasable","15":"product-type-variable"},"_links":{"self":[{"href":"https:\/\/adidascombat.md\/ro\/wp-json\/wp\/v2\/product\/10058","targetHints":{"allow":["GET"]}}],"collection":[{"href":"https:\/\/adidascombat.md\/ro\/wp-json\/wp\/v2\/product"}],"about":[{"href":"https:\/\/adidascombat.md\/ro\/wp-json\/wp\/v2\/types\/product"}],"replies":[{"embeddable":true,"href":"https:\/\/adidascombat.md\/ro\/wp-json\/wp\/v2\/comments?post=10058"}],"version-history":[{"count":4,"href":"https:\/\/adidascombat.md\/ro\/wp-json\/wp\/v2\/product\/10058\/revisions"}],"predecessor-version":[{"id":13838,"href":"https:\/\/adidascombat.md\/ro\/wp-json\/wp\/v2\/product\/10058\/revisions\/13838"}],"wp:featuredmedia":[{"embeddable":true,"href":"https:\/\/adidascombat.md\/ro\/wp-json\/wp\/v2\/media\/10052"}],"wp:attachment":[{"href":"https:\/\/adidascombat.md\/ro\/wp-json\/wp\/v2\/media?parent=10058"}],"wp:term":[{"taxonomy":"product_brand","embeddable":true,"href":"https:\/\/adidascombat.md\/ro\/wp-json\/wp\/v2\/product_brand?post=10058"},{"taxonomy":"product_cat","embeddable":true,"href":"https:\/\/adidascombat.md\/ro\/wp-json\/wp\/v2\/product_cat?post=10058"},{"taxonomy":"product_tag","embeddable":true,"href":"https:\/\/adidascombat.md\/ro\/wp-json\/wp\/v2\/product_tag?post=10058"}],"curies":[{"name":"wp","href":"https:\/\/api.w.org\/{rel}","templated":true}]}}