{"id":10208,"date":"2024-04-24T12:30:40","date_gmt":"2024-04-24T12:30:40","guid":{"rendered":"https:\/\/adidascombat.md\/product\/manusi-ju-sports-focus-target\/"},"modified":"2025-02-10T13:26:56","modified_gmt":"2025-02-10T13:26:56","slug":"manusi-ju-sports-focus-target","status":"publish","type":"product","link":"https:\/\/adidascombat.md\/ro\/Produs\/manusi-ju-sports-focus-target\/","title":{"rendered":"M\u0103nu\u0219i Ju-Sports Focus Target"},"content":{"rendered":"<p>O pereche de m\u0103nu\u0219i, aplecate \u00eenainte pentru a permite \u00eentregii m\u00e2ini s\u0103 alunece \u00een\u0103untru. M\u0103nu\u0219ile sunt foarte mici (20 x 17 cm), u\u0219oare \u0219i, prin urmare, un partener ideal de antrenament \u00een orice geant\u0103. Greutatea \u0219i dimensiunea reduse permit antrenorului s\u0103 se mi\u0219te extrem de rapid, viteza de antrenament, precizia loviturilor \u0219i ochiul sunt foarte \u00eenalte pe lista de aici. Fabricat din cea mai fin\u0103 piele de vac\u0103.<\/p>\n","protected":false},"excerpt":{"rendered":"<p>O pereche de m\u0103nu\u0219i, aplecate \u00eenainte pentru a permite \u00eentregii m\u00e2ini s\u0103 alunece \u00een\u0103untru. M\u0103nu\u0219ile sunt foarte mici (20 x<\/p>\n","protected":false},"featured_media":10204,"comment_status":"open","ping_status":"closed","template":"","meta":[],"product_brand":[],"product_cat":[517,137,79,97,141,518],"product_tag":[],"class_list":{"0":"post-10208","1":"product","2":"type-product","3":"status-publish","4":"has-post-thumbnail","6":"product_cat-adidas-box-ro","7":"product_cat-adidas-karate-ro","8":"product_cat-adidas-taekwondo-ro","9":"product_cat-manusi-si-scuturi","10":"product_cat-manusi-si-scuturi-ro","11":"product_cat-manusi-si-scuturi-ro-2","13":"first","14":"instock","15":"shipping-taxable","16":"purchasable","17":"product-type-simple"},"_links":{"self":[{"href":"https:\/\/adidascombat.md\/ro\/wp-json\/wp\/v2\/product\/10208","targetHints":{"allow":["GET"]}}],"collection":[{"href":"https:\/\/adidascombat.md\/ro\/wp-json\/wp\/v2\/product"}],"about":[{"href":"https:\/\/adidascombat.md\/ro\/wp-json\/wp\/v2\/types\/product"}],"replies":[{"embeddable":true,"href":"https:\/\/adidascombat.md\/ro\/wp-json\/wp\/v2\/comments?post=10208"}],"version-history":[{"count":1,"href":"https:\/\/adidascombat.md\/ro\/wp-json\/wp\/v2\/product\/10208\/revisions"}],"predecessor-version":[{"id":25738,"href":"https:\/\/adidascombat.md\/ro\/wp-json\/wp\/v2\/product\/10208\/revisions\/25738"}],"wp:featuredmedia":[{"embeddable":true,"href":"https:\/\/adidascombat.md\/ro\/wp-json\/wp\/v2\/media\/10204"}],"wp:attachment":[{"href":"https:\/\/adidascombat.md\/ro\/wp-json\/wp\/v2\/media?parent=10208"}],"wp:term":[{"taxonomy":"product_brand","embeddable":true,"href":"https:\/\/adidascombat.md\/ro\/wp-json\/wp\/v2\/product_brand?post=10208"},{"taxonomy":"product_cat","embeddable":true,"href":"https:\/\/adidascombat.md\/ro\/wp-json\/wp\/v2\/product_cat?post=10208"},{"taxonomy":"product_tag","embeddable":true,"href":"https:\/\/adidascombat.md\/ro\/wp-json\/wp\/v2\/product_tag?post=10208"}],"curies":[{"name":"wp","href":"https:\/\/api.w.org\/{rel}","templated":true}]}}