{"id":10380,"date":"2024-04-24T13:51:16","date_gmt":"2024-04-24T13:51:16","guid":{"rendered":"https:\/\/adidascombat.md\/product\/rucsac-adidas-karate-adiacc090\/"},"modified":"2024-11-06T09:16:04","modified_gmt":"2024-11-06T09:16:04","slug":"rucsac-adidas-karate-adiacc090","status":"publish","type":"product","link":"https:\/\/adidascombat.md\/ro\/Produs\/rucsac-adidas-karate-adiacc090\/","title":{"rendered":"Rucsac adidas Karate adiACC090"},"content":{"rendered":"<p>Rucsacul adidas Sport din Colec\u021bia de Arte Mar\u021biale este \u00eenso\u021bitorul perfect pentru via\u021ba de zi cu zi sau pentru antrenament. Compartimentul principal incapator are un compartiment pentru laptop care se poate inchide cu Velcro. La exterior este o cu\u0219c\u0103 pentru sticle cu \u021bes\u0103tur\u0103 plas\u0103, iar pe cealalt\u0103 este un mic compartiment pentru toate lucrurile m\u0103runte pe care le iei cu tine. Acest compartiment se poate inchide cu fermoar. Curelele reglabile pot fi conectate \u00eentre ele folosind o curea mic\u0103 pentru a asigura distribu\u021bia optim\u0103 a sarcinii. Imprimeul superb de arte mar\u021biale face ca rucsacul s\u0103 fie special, bine\u00een\u021beles c\u0103 ar\u0103\u021bi aici c\u0103 e\u0219ti un artist mar\u021bial cu trup \u0219i suflet!<\/p>\n<p>Rucsacul este disponibil in doua marimi, una dintre fotografii prezinta o persoana cu doua marimi, aici ai o comparatie de marimi. \u00cen\u0103l\u021bimea persoanei este de 1,80 m.<\/p>\n<ul>\n<li>\u00a0<strong>M: 50 x 31 x 20, aprox. 31 l <\/strong><\/li>\n<li><strong>\u00a0L: 57 x 33 x 23, aprox. 43 l<\/strong><\/li>\n<\/ul>\n","protected":false},"excerpt":{"rendered":"<p>Rucsacul adidas Sport din Colec\u021bia de Arte Mar\u021biale este \u00eenso\u021bitorul perfect pentru via\u021ba de zi cu zi sau pentru antrenament.<\/p>\n","protected":false},"featured_media":10358,"comment_status":"open","ping_status":"closed","template":"","meta":[],"product_brand":[],"product_cat":[137,149],"product_tag":[],"class_list":{"0":"post-10380","1":"product","2":"type-product","3":"status-publish","4":"has-post-thumbnail","6":"product_cat-adidas-karate-ro","7":"product_cat-genti-ro-2","9":"first","10":"instock","11":"shipping-taxable","12":"purchasable","13":"product-type-variable"},"_links":{"self":[{"href":"https:\/\/adidascombat.md\/ro\/wp-json\/wp\/v2\/product\/10380","targetHints":{"allow":["GET"]}}],"collection":[{"href":"https:\/\/adidascombat.md\/ro\/wp-json\/wp\/v2\/product"}],"about":[{"href":"https:\/\/adidascombat.md\/ro\/wp-json\/wp\/v2\/types\/product"}],"replies":[{"embeddable":true,"href":"https:\/\/adidascombat.md\/ro\/wp-json\/wp\/v2\/comments?post=10380"}],"version-history":[{"count":2,"href":"https:\/\/adidascombat.md\/ro\/wp-json\/wp\/v2\/product\/10380\/revisions"}],"predecessor-version":[{"id":21464,"href":"https:\/\/adidascombat.md\/ro\/wp-json\/wp\/v2\/product\/10380\/revisions\/21464"}],"wp:featuredmedia":[{"embeddable":true,"href":"https:\/\/adidascombat.md\/ro\/wp-json\/wp\/v2\/media\/10358"}],"wp:attachment":[{"href":"https:\/\/adidascombat.md\/ro\/wp-json\/wp\/v2\/media?parent=10380"}],"wp:term":[{"taxonomy":"product_brand","embeddable":true,"href":"https:\/\/adidascombat.md\/ro\/wp-json\/wp\/v2\/product_brand?post=10380"},{"taxonomy":"product_cat","embeddable":true,"href":"https:\/\/adidascombat.md\/ro\/wp-json\/wp\/v2\/product_cat?post=10380"},{"taxonomy":"product_tag","embeddable":true,"href":"https:\/\/adidascombat.md\/ro\/wp-json\/wp\/v2\/product_tag?post=10380"}],"curies":[{"name":"wp","href":"https:\/\/api.w.org\/{rel}","templated":true}]}}