{"id":11640,"date":"2024-07-09T13:26:49","date_gmt":"2024-07-09T13:26:49","guid":{"rendered":"https:\/\/adidascombat.md\/product\/adidas-tkd-dobok-adi-club-white-collar-blue-stripes\/"},"modified":"2024-07-09T13:30:08","modified_gmt":"2024-07-09T13:30:08","slug":"adidas-tkd-dobok-adi-club-white-collar-blue-stripes","status":"publish","type":"product","link":"https:\/\/adidascombat.md\/ro\/Produs\/adidas-tkd-dobok-adi-club-white-collar-blue-stripes\/","title":{"rendered":"Adidas TKD dobok adi club white collar \/ blue stripes"},"content":{"rendered":"<p><strong>Adidas TKD dobok adi club white collar \/ blue stripes<\/strong><\/p>\n<p><strong><span class=\"jCAhz JxVs2d ChMk0b\"><span class=\"ryNqvb\">Caracteristici: <\/span><\/span><\/strong><\/p>\n<ul>\n<li><span class=\"jCAhz JxVs2d ChMk0b\"><span class=\"ryNqvb\">65% bumbac \/ 35% poliester <\/span><\/span><\/li>\n<li><span class=\"jCAhz JxVs2d ChMk0b\"><span class=\"ryNqvb\">Pantaloni cu band\u0103 elastic\u0103 \u00een talie \u0219i \u0219ireturi suplimentare<\/span><\/span><\/li>\n<li><span class=\"jCAhz JxVs2d ChMk0b\"><span class=\"ryNqvb\">Jachet\u0103 cu guler ridicat \u0219i decolteu \u00een V<\/span><\/span><\/li>\n<\/ul>\n","protected":false},"excerpt":{"rendered":"<p>Adidas TKD dobok adi club white collar \/ blue stripes Caracteristici: 65% bumbac \/ 35% poliester Pantaloni cu band\u0103 elastic\u0103<\/p>\n","protected":false},"featured_media":11632,"comment_status":"open","ping_status":"closed","template":"","meta":[],"product_brand":[],"product_cat":[79,111],"product_tag":[],"class_list":{"0":"post-11640","1":"product","2":"type-product","3":"status-publish","4":"has-post-thumbnail","6":"product_cat-adidas-taekwondo-ro","7":"product_cat-dobok","9":"first","10":"instock","11":"shipping-taxable","12":"purchasable","13":"product-type-variable"},"_links":{"self":[{"href":"https:\/\/adidascombat.md\/ro\/wp-json\/wp\/v2\/product\/11640","targetHints":{"allow":["GET"]}}],"collection":[{"href":"https:\/\/adidascombat.md\/ro\/wp-json\/wp\/v2\/product"}],"about":[{"href":"https:\/\/adidascombat.md\/ro\/wp-json\/wp\/v2\/types\/product"}],"replies":[{"embeddable":true,"href":"https:\/\/adidascombat.md\/ro\/wp-json\/wp\/v2\/comments?post=11640"}],"version-history":[{"count":1,"href":"https:\/\/adidascombat.md\/ro\/wp-json\/wp\/v2\/product\/11640\/revisions"}],"predecessor-version":[{"id":11648,"href":"https:\/\/adidascombat.md\/ro\/wp-json\/wp\/v2\/product\/11640\/revisions\/11648"}],"wp:featuredmedia":[{"embeddable":true,"href":"https:\/\/adidascombat.md\/ro\/wp-json\/wp\/v2\/media\/11632"}],"wp:attachment":[{"href":"https:\/\/adidascombat.md\/ro\/wp-json\/wp\/v2\/media?parent=11640"}],"wp:term":[{"taxonomy":"product_brand","embeddable":true,"href":"https:\/\/adidascombat.md\/ro\/wp-json\/wp\/v2\/product_brand?post=11640"},{"taxonomy":"product_cat","embeddable":true,"href":"https:\/\/adidascombat.md\/ro\/wp-json\/wp\/v2\/product_cat?post=11640"},{"taxonomy":"product_tag","embeddable":true,"href":"https:\/\/adidascombat.md\/ro\/wp-json\/wp\/v2\/product_tag?post=11640"}],"curies":[{"name":"wp","href":"https:\/\/api.w.org\/{rel}","templated":true}]}}