{"id":11754,"date":"2024-07-09T15:56:38","date_gmt":"2024-07-09T15:56:38","guid":{"rendered":"https:\/\/adidascombat.md\/product\/adidas-tkd-dobok-grand-master-aditgm02\/"},"modified":"2024-07-09T16:00:42","modified_gmt":"2024-07-09T16:00:42","slug":"adidas-tkd-dobok-grand-master-aditgm02","status":"publish","type":"product","link":"https:\/\/adidascombat.md\/ro\/Produs\/adidas-tkd-dobok-grand-master-aditgm02\/","title":{"rendered":"Adidas TKD dobok Grand Master ADITGM02"},"content":{"rendered":"<p>Adidas TKD dobok Grand Master ADITGM02<\/p>\n<p><span class=\"jCAhz JxVs2d ChMk0b\"><span class=\"ryNqvb\">Caracteristici:<\/span><\/span><\/p>\n<ul>\n<li><span class=\"jCAhz JxVs2d ChMk0b\"><span class=\"ryNqvb\">80% poliester, 20% bumbac. <\/span><\/span><\/li>\n<li><span class=\"jCAhz JxVs2d ChMk0b\"><span class=\"ryNqvb\">Costum din material exterior structurat. <\/span><\/span><\/li>\n<li><span class=\"jCAhz JxVs2d ChMk0b\"><span class=\"ryNqvb\">Pantaloni cu band\u0103 elastic\u0103 \u00een talie \u0219i \u0219ireturi suplimentare. <\/span><\/span><\/li>\n<li><span class=\"jCAhz JxVs2d ChMk0b\"><span class=\"ryNqvb\">Jachet\u0103 cu decolteu \u00een V \u0219i revere negre pentru posesorii DAN.<\/span><\/span><\/li>\n<\/ul>\n","protected":false},"excerpt":{"rendered":"<p>Adidas TKD dobok Grand Master ADITGM02 Caracteristici: 80% poliester, 20% bumbac. Costum din material exterior structurat. Pantaloni cu band\u0103 elastic\u0103<\/p>\n","protected":false},"featured_media":11746,"comment_status":"open","ping_status":"closed","template":"","meta":[],"product_brand":[],"product_cat":[79,111],"product_tag":[],"class_list":{"0":"post-11754","1":"product","2":"type-product","3":"status-publish","4":"has-post-thumbnail","6":"product_cat-adidas-taekwondo-ro","7":"product_cat-dobok","9":"first","10":"instock","11":"shipping-taxable","12":"purchasable","13":"product-type-variable"},"_links":{"self":[{"href":"https:\/\/adidascombat.md\/ro\/wp-json\/wp\/v2\/product\/11754","targetHints":{"allow":["GET"]}}],"collection":[{"href":"https:\/\/adidascombat.md\/ro\/wp-json\/wp\/v2\/product"}],"about":[{"href":"https:\/\/adidascombat.md\/ro\/wp-json\/wp\/v2\/types\/product"}],"replies":[{"embeddable":true,"href":"https:\/\/adidascombat.md\/ro\/wp-json\/wp\/v2\/comments?post=11754"}],"version-history":[{"count":3,"href":"https:\/\/adidascombat.md\/ro\/wp-json\/wp\/v2\/product\/11754\/revisions"}],"predecessor-version":[{"id":11764,"href":"https:\/\/adidascombat.md\/ro\/wp-json\/wp\/v2\/product\/11754\/revisions\/11764"}],"wp:featuredmedia":[{"embeddable":true,"href":"https:\/\/adidascombat.md\/ro\/wp-json\/wp\/v2\/media\/11746"}],"wp:attachment":[{"href":"https:\/\/adidascombat.md\/ro\/wp-json\/wp\/v2\/media?parent=11754"}],"wp:term":[{"taxonomy":"product_brand","embeddable":true,"href":"https:\/\/adidascombat.md\/ro\/wp-json\/wp\/v2\/product_brand?post=11754"},{"taxonomy":"product_cat","embeddable":true,"href":"https:\/\/adidascombat.md\/ro\/wp-json\/wp\/v2\/product_cat?post=11754"},{"taxonomy":"product_tag","embeddable":true,"href":"https:\/\/adidascombat.md\/ro\/wp-json\/wp\/v2\/product_tag?post=11754"}],"curies":[{"name":"wp","href":"https:\/\/api.w.org\/{rel}","templated":true}]}}