{"id":11837,"date":"2024-07-09T16:41:11","date_gmt":"2024-07-09T16:41:11","guid":{"rendered":"https:\/\/adidascombat.md\/product\/adidas-taekwondo-pants-adiseungri-wt-aditogf02-p\/"},"modified":"2024-07-09T16:44:27","modified_gmt":"2024-07-09T16:44:27","slug":"adidas-taekwondo-pants-adiseungri-wt-aditogf02-p","status":"publish","type":"product","link":"https:\/\/adidascombat.md\/ro\/Produs\/adidas-taekwondo-pants-adiseungri-wt-aditogf02-p\/","title":{"rendered":"Adidas Taekwondo Pants adiSeungri WT &#8211; adiTOGF02-P"},"content":{"rendered":"<p>Adidas Taekwondo Pants adiSeungri WT &#8211; adiTOGF02-P<\/p>\n<p><span class=\"jCAhz JxVs2d ChMk0b\"><span class=\"ryNqvb\">Caracteristici: <\/span><\/span><\/p>\n<ul>\n<li><span class=\"jCAhz JxVs2d ChMk0b\"><span class=\"ryNqvb\">100% Poliester <\/span><\/span><\/li>\n<li><span class=\"jCAhz JxVs2d ChMk0b\"><span class=\"ryNqvb\">Zonele de ventila\u021bie din spatele genunchilor \u0219i din spatele taliei asigur\u0103 o circula\u021bie sanguin\u0103 ideal\u0103. <\/span><\/span><\/li>\n<li><span class=\"jCAhz JxVs2d ChMk0b\"><span class=\"ryNqvb\">Potrivirea confortabil\u0103 permite cele mai rapide mi\u0219c\u0103ri, astfel \u00eenc\u00e2t s\u0103 pute\u021bi r\u0103m\u00e2ne pe deplin concentrat asupra sportului dvs. <\/span><\/span><\/li>\n<li><span class=\"jCAhz JxVs2d ChMk0b\"><span class=\"ryNqvb\">Materialul usor cu tehnologia Adidas &#8222;ClimaCool&#8221; asigura un echilibru foarte bun al temperaturii in timpul antrenamentului si competitiei.<\/span><\/span><\/li>\n<\/ul>\n","protected":false},"excerpt":{"rendered":"<p>Adidas Taekwondo Pants adiSeungri WT &#8211; adiTOGF02-P Caracteristici: 100% Poliester Zonele de ventila\u021bie din spatele genunchilor \u0219i din spatele taliei<\/p>\n","protected":false},"featured_media":11833,"comment_status":"open","ping_status":"closed","template":"","meta":[],"product_brand":[],"product_cat":[79,109],"product_tag":[],"class_list":{"0":"post-11837","1":"product","2":"type-product","3":"status-publish","4":"has-post-thumbnail","6":"product_cat-adidas-taekwondo-ro","7":"product_cat-pantaloni","9":"first","10":"instock","11":"shipping-taxable","12":"purchasable","13":"product-type-variable"},"_links":{"self":[{"href":"https:\/\/adidascombat.md\/ro\/wp-json\/wp\/v2\/product\/11837","targetHints":{"allow":["GET"]}}],"collection":[{"href":"https:\/\/adidascombat.md\/ro\/wp-json\/wp\/v2\/product"}],"about":[{"href":"https:\/\/adidascombat.md\/ro\/wp-json\/wp\/v2\/types\/product"}],"replies":[{"embeddable":true,"href":"https:\/\/adidascombat.md\/ro\/wp-json\/wp\/v2\/comments?post=11837"}],"version-history":[{"count":2,"href":"https:\/\/adidascombat.md\/ro\/wp-json\/wp\/v2\/product\/11837\/revisions"}],"predecessor-version":[{"id":11845,"href":"https:\/\/adidascombat.md\/ro\/wp-json\/wp\/v2\/product\/11837\/revisions\/11845"}],"wp:featuredmedia":[{"embeddable":true,"href":"https:\/\/adidascombat.md\/ro\/wp-json\/wp\/v2\/media\/11833"}],"wp:attachment":[{"href":"https:\/\/adidascombat.md\/ro\/wp-json\/wp\/v2\/media?parent=11837"}],"wp:term":[{"taxonomy":"product_brand","embeddable":true,"href":"https:\/\/adidascombat.md\/ro\/wp-json\/wp\/v2\/product_brand?post=11837"},{"taxonomy":"product_cat","embeddable":true,"href":"https:\/\/adidascombat.md\/ro\/wp-json\/wp\/v2\/product_cat?post=11837"},{"taxonomy":"product_tag","embeddable":true,"href":"https:\/\/adidascombat.md\/ro\/wp-json\/wp\/v2\/product_tag?post=11837"}],"curies":[{"name":"wp","href":"https:\/\/api.w.org\/{rel}","templated":true}]}}