{"id":11892,"date":"2024-07-09T17:01:26","date_gmt":"2024-07-09T17:01:26","guid":{"rendered":"https:\/\/adidascombat.md\/product\/adidas-poomsae-dobok-aditpyf01-youth-female\/"},"modified":"2024-07-09T17:04:47","modified_gmt":"2024-07-09T17:04:47","slug":"adidas-poomsae-dobok-aditpyf01-youth-female","status":"publish","type":"product","link":"https:\/\/adidascombat.md\/ro\/Produs\/adidas-poomsae-dobok-aditpyf01-youth-female\/","title":{"rendered":"Adidas Poomsae dobok ADITPYF01 youth female"},"content":{"rendered":"<p><strong>Adidas Poomsae dobok ADITPYF01 youth female<\/strong><\/p>\n<p><strong><span class=\"jCAhz JxVs2d ChMk0b\"><span class=\"ryNqvb\">Caracteristici: <\/span><\/span><\/strong><\/p>\n<ul>\n<li><span class=\"jCAhz JxVs2d ChMk0b\"><span class=\"ryNqvb\">45% poliester, 55% bumbac. <\/span><\/span><\/li>\n<li><span class=\"jCAhz JxVs2d ChMk0b\"><span class=\"ryNqvb\">O jachet\u0103 deschis\u0103 care poate fi prins\u0103 cu panglici. <\/span><\/span><\/li>\n<li><span class=\"jCAhz JxVs2d ChMk0b\"><span class=\"ryNqvb\">Pantaloni cu band\u0103 elastic\u0103 \u00een talie \u0219i \u0219ireturi suplimentare. <\/span><\/span><\/li>\n<li><span class=\"jCAhz JxVs2d ChMk0b\"><span class=\"ryNqvb\">Aprobat WT<\/span><\/span><\/li>\n<\/ul>\n","protected":false},"excerpt":{"rendered":"<p>Adidas Poomsae dobok ADITPYF01 youth female Caracteristici: 45% poliester, 55% bumbac. O jachet\u0103 deschis\u0103 care poate fi prins\u0103 cu panglici.<\/p>\n","protected":false},"featured_media":11882,"comment_status":"open","ping_status":"closed","template":"","meta":[],"product_brand":[],"product_cat":[79,111],"product_tag":[],"class_list":{"0":"post-11892","1":"product","2":"type-product","3":"status-publish","4":"has-post-thumbnail","6":"product_cat-adidas-taekwondo-ro","7":"product_cat-dobok","9":"first","10":"instock","11":"shipping-taxable","12":"purchasable","13":"product-type-variable"},"_links":{"self":[{"href":"https:\/\/adidascombat.md\/ro\/wp-json\/wp\/v2\/product\/11892","targetHints":{"allow":["GET"]}}],"collection":[{"href":"https:\/\/adidascombat.md\/ro\/wp-json\/wp\/v2\/product"}],"about":[{"href":"https:\/\/adidascombat.md\/ro\/wp-json\/wp\/v2\/types\/product"}],"replies":[{"embeddable":true,"href":"https:\/\/adidascombat.md\/ro\/wp-json\/wp\/v2\/comments?post=11892"}],"version-history":[{"count":2,"href":"https:\/\/adidascombat.md\/ro\/wp-json\/wp\/v2\/product\/11892\/revisions"}],"predecessor-version":[{"id":11899,"href":"https:\/\/adidascombat.md\/ro\/wp-json\/wp\/v2\/product\/11892\/revisions\/11899"}],"wp:featuredmedia":[{"embeddable":true,"href":"https:\/\/adidascombat.md\/ro\/wp-json\/wp\/v2\/media\/11882"}],"wp:attachment":[{"href":"https:\/\/adidascombat.md\/ro\/wp-json\/wp\/v2\/media?parent=11892"}],"wp:term":[{"taxonomy":"product_brand","embeddable":true,"href":"https:\/\/adidascombat.md\/ro\/wp-json\/wp\/v2\/product_brand?post=11892"},{"taxonomy":"product_cat","embeddable":true,"href":"https:\/\/adidascombat.md\/ro\/wp-json\/wp\/v2\/product_cat?post=11892"},{"taxonomy":"product_tag","embeddable":true,"href":"https:\/\/adidascombat.md\/ro\/wp-json\/wp\/v2\/product_tag?post=11892"}],"curies":[{"name":"wp","href":"https:\/\/api.w.org\/{rel}","templated":true}]}}