{"id":11917,"date":"2024-07-09T17:11:09","date_gmt":"2024-07-09T17:11:09","guid":{"rendered":"https:\/\/adidascombat.md\/product\/adidas-tkd-dobok-contest-aditc02_ch\/"},"modified":"2024-07-09T17:12:51","modified_gmt":"2024-07-09T17:12:51","slug":"adidas-tkd-dobok-contest-aditc02_ch","status":"publish","type":"product","link":"https:\/\/adidascombat.md\/ro\/Produs\/adidas-tkd-dobok-contest-aditc02_ch\/","title":{"rendered":"Adidas TKD dobok Contest ADITC02_CH"},"content":{"rendered":"<p><strong>Adidas TKD dobok Contest ADITC02_CH <\/strong><\/p>\n<p><strong><span class=\"jCAhz JxVs2d ChMk0b\"><span class=\"ryNqvb\">Caracteristici: <\/span><\/span><\/strong><\/p>\n<ul>\n<li><span class=\"jCAhz JxVs2d\"><span class=\"ryNqvb\">100% Poliester. <\/span><\/span><\/li>\n<li><span class=\"jCAhz JxVs2d ChMk0b\"><span class=\"ryNqvb\">Materialul usor cu tehnologia Adidas &#8222;ClimaCool&#8221; asigura un echilibru foarte bun al temperaturii in timpul antrenamentului si competitiei. <\/span><\/span><\/li>\n<li><span class=\"jCAhz JxVs2d ChMk0b\"><span class=\"ryNqvb\">\u021aes\u0103tura este \u00een relief pe interior, astfel \u00eenc\u00e2t s\u0103 nu se lipeasc\u0103 de pielea umed\u0103.<\/span><\/span><\/li>\n<\/ul>\n","protected":false},"excerpt":{"rendered":"<p>Adidas TKD dobok Contest ADITC02_CH Caracteristici: 100% Poliester. Materialul usor cu tehnologia Adidas &#8222;ClimaCool&#8221; asigura un echilibru foarte bun al<\/p>\n","protected":false},"featured_media":11907,"comment_status":"open","ping_status":"closed","template":"","meta":[],"product_brand":[],"product_cat":[79,111],"product_tag":[],"class_list":{"0":"post-11917","1":"product","2":"type-product","3":"status-publish","4":"has-post-thumbnail","6":"product_cat-adidas-taekwondo-ro","7":"product_cat-dobok","9":"first","10":"instock","11":"shipping-taxable","12":"purchasable","13":"product-type-variable"},"_links":{"self":[{"href":"https:\/\/adidascombat.md\/ro\/wp-json\/wp\/v2\/product\/11917","targetHints":{"allow":["GET"]}}],"collection":[{"href":"https:\/\/adidascombat.md\/ro\/wp-json\/wp\/v2\/product"}],"about":[{"href":"https:\/\/adidascombat.md\/ro\/wp-json\/wp\/v2\/types\/product"}],"replies":[{"embeddable":true,"href":"https:\/\/adidascombat.md\/ro\/wp-json\/wp\/v2\/comments?post=11917"}],"version-history":[{"count":1,"href":"https:\/\/adidascombat.md\/ro\/wp-json\/wp\/v2\/product\/11917\/revisions"}],"predecessor-version":[{"id":11923,"href":"https:\/\/adidascombat.md\/ro\/wp-json\/wp\/v2\/product\/11917\/revisions\/11923"}],"wp:featuredmedia":[{"embeddable":true,"href":"https:\/\/adidascombat.md\/ro\/wp-json\/wp\/v2\/media\/11907"}],"wp:attachment":[{"href":"https:\/\/adidascombat.md\/ro\/wp-json\/wp\/v2\/media?parent=11917"}],"wp:term":[{"taxonomy":"product_brand","embeddable":true,"href":"https:\/\/adidascombat.md\/ro\/wp-json\/wp\/v2\/product_brand?post=11917"},{"taxonomy":"product_cat","embeddable":true,"href":"https:\/\/adidascombat.md\/ro\/wp-json\/wp\/v2\/product_cat?post=11917"},{"taxonomy":"product_tag","embeddable":true,"href":"https:\/\/adidascombat.md\/ro\/wp-json\/wp\/v2\/product_tag?post=11917"}],"curies":[{"name":"wp","href":"https:\/\/api.w.org\/{rel}","templated":true}]}}