{"id":12263,"date":"2024-07-10T12:27:46","date_gmt":"2024-07-10T12:27:46","guid":{"rendered":"https:\/\/adidascombat.md\/product\/taekwondo-dobok-performace-pro-black-collar\/"},"modified":"2024-07-10T12:32:19","modified_gmt":"2024-07-10T12:32:19","slug":"taekwondo-dobok-performace-pro-black-collar","status":"publish","type":"product","link":"https:\/\/adidascombat.md\/ro\/Produs\/taekwondo-dobok-performace-pro-black-collar\/","title":{"rendered":"Taekwondo dobok performace pro, black collar"},"content":{"rendered":"<p><strong>Taekwondo dobok performace pro, black collar<\/strong><\/p>\n<p><strong><span class=\"jCAhz JxVs2d ChMk0b\"><span class=\"ryNqvb\">Caracteristici: <\/span><\/span><\/strong><\/p>\n<ul>\n<li><span class=\"jCAhz JxVs2d ChMk0b\"><span class=\"ryNqvb\">100% Poliester <\/span><\/span><\/li>\n<li><span class=\"jCAhz JxVs2d ChMk0b\"><span class=\"ryNqvb\">Dobok-ul este fabricat din poliester ultra-u\u0219or avansat pentru vitez\u0103 maxim\u0103 \u00een lupt\u0103<\/span><\/span><\/li>\n<li><span class=\"jCAhz JxVs2d ChMk0b\"><span class=\"ryNqvb\">Croiala moderna ofera libertate maxima de miscare <\/span><\/span><\/li>\n<li><span class=\"jCAhz JxVs2d ChMk0b\"><span class=\"ryNqvb\">Panourile din plas\u0103 \u00een spate, sub bra\u021be \u0219i \u00een pantaloni asigur\u0103 o reglare optim\u0103 a temperaturii \u00een timpul antrenamentului \u0219i competi\u021biei <\/span><\/span><\/li>\n<li><span class=\"jCAhz JxVs2d ChMk0b\"><span class=\"ryNqvb\">Jachet\u0103 cu decolteu \u00een V WTF<\/span><\/span><\/li>\n<\/ul>\n","protected":false},"excerpt":{"rendered":"<p>Taekwondo dobok performace pro, black collar Caracteristici: 100% Poliester Dobok-ul este fabricat din poliester ultra-u\u0219or avansat pentru vitez\u0103 maxim\u0103 \u00een<\/p>\n","protected":false},"featured_media":12255,"comment_status":"open","ping_status":"closed","template":"","meta":[],"product_brand":[],"product_cat":[79,111],"product_tag":[],"class_list":{"0":"post-12263","1":"product","2":"type-product","3":"status-publish","4":"has-post-thumbnail","6":"product_cat-adidas-taekwondo-ro","7":"product_cat-dobok","9":"first","10":"instock","11":"shipping-taxable","12":"purchasable","13":"product-type-variable"},"_links":{"self":[{"href":"https:\/\/adidascombat.md\/ro\/wp-json\/wp\/v2\/product\/12263","targetHints":{"allow":["GET"]}}],"collection":[{"href":"https:\/\/adidascombat.md\/ro\/wp-json\/wp\/v2\/product"}],"about":[{"href":"https:\/\/adidascombat.md\/ro\/wp-json\/wp\/v2\/types\/product"}],"replies":[{"embeddable":true,"href":"https:\/\/adidascombat.md\/ro\/wp-json\/wp\/v2\/comments?post=12263"}],"version-history":[{"count":3,"href":"https:\/\/adidascombat.md\/ro\/wp-json\/wp\/v2\/product\/12263\/revisions"}],"predecessor-version":[{"id":12272,"href":"https:\/\/adidascombat.md\/ro\/wp-json\/wp\/v2\/product\/12263\/revisions\/12272"}],"wp:featuredmedia":[{"embeddable":true,"href":"https:\/\/adidascombat.md\/ro\/wp-json\/wp\/v2\/media\/12255"}],"wp:attachment":[{"href":"https:\/\/adidascombat.md\/ro\/wp-json\/wp\/v2\/media?parent=12263"}],"wp:term":[{"taxonomy":"product_brand","embeddable":true,"href":"https:\/\/adidascombat.md\/ro\/wp-json\/wp\/v2\/product_brand?post=12263"},{"taxonomy":"product_cat","embeddable":true,"href":"https:\/\/adidascombat.md\/ro\/wp-json\/wp\/v2\/product_cat?post=12263"},{"taxonomy":"product_tag","embeddable":true,"href":"https:\/\/adidascombat.md\/ro\/wp-json\/wp\/v2\/product_tag?post=12263"}],"curies":[{"name":"wp","href":"https:\/\/api.w.org\/{rel}","templated":true}]}}