{"id":12290,"date":"2024-07-10T12:37:52","date_gmt":"2024-07-10T12:37:52","guid":{"rendered":"https:\/\/adidascombat.md\/product\/adidas-tkd-dobok-contest-aditc03_ch-blue-logo\/"},"modified":"2024-07-10T12:39:49","modified_gmt":"2024-07-10T12:39:49","slug":"adidas-tkd-dobok-contest-aditc03_ch-blue-logo","status":"publish","type":"product","link":"https:\/\/adidascombat.md\/ro\/Produs\/adidas-tkd-dobok-contest-aditc03_ch-blue-logo\/","title":{"rendered":"Adidas TKD dobok Contest ADITC03_CH blue logo"},"content":{"rendered":"<p><strong>Adidas TKD dobok Contest ADITC03_CH blue logo<\/strong><\/p>\n<p><span class=\"jCAhz JxVs2d\"><span class=\"ryNqvb\">Caracteristici: <\/span><\/span><\/p>\n<ul>\n<li><span class=\"jCAhz JxVs2d ChMk0b\"><span class=\"ryNqvb\">100% Poliester <\/span><\/span><\/li>\n<li><span class=\"jCAhz JxVs2d ChMk0b\"><span class=\"ryNqvb\">Model special in editie limitata cu logo albastru! <\/span><\/span><\/li>\n<li><span class=\"jCAhz JxVs2d ChMk0b\"><span class=\"ryNqvb\">\u021aes\u0103tur\u0103 extrem de u\u0219oar\u0103 are creste pe interior, astfel \u00eenc\u00e2t costumul s\u0103 nu se lipeasc\u0103 atunci c\u00e2nd transpira\u021bi <\/span><\/span><\/li>\n<li><span class=\"jCAhz JxVs2d ChMk0b\"><span class=\"ryNqvb\">Dobok-ul ideal pentru toti luptatorii si pentru cei care vor sa poarte un costum usor, ideal chiar si in zilele calduroase<\/span><\/span><\/li>\n<\/ul>\n","protected":false},"excerpt":{"rendered":"<p>Adidas TKD dobok Contest ADITC03_CH blue logo Caracteristici: 100% Poliester Model special in editie limitata cu logo albastru! \u021aes\u0103tur\u0103 extrem<\/p>\n","protected":false},"featured_media":12282,"comment_status":"open","ping_status":"closed","template":"","meta":[],"product_brand":[],"product_cat":[79,111],"product_tag":[],"class_list":{"0":"post-12290","1":"product","2":"type-product","3":"status-publish","4":"has-post-thumbnail","6":"product_cat-adidas-taekwondo-ro","7":"product_cat-dobok","9":"first","10":"instock","11":"shipping-taxable","12":"purchasable","13":"product-type-variable"},"_links":{"self":[{"href":"https:\/\/adidascombat.md\/ro\/wp-json\/wp\/v2\/product\/12290","targetHints":{"allow":["GET"]}}],"collection":[{"href":"https:\/\/adidascombat.md\/ro\/wp-json\/wp\/v2\/product"}],"about":[{"href":"https:\/\/adidascombat.md\/ro\/wp-json\/wp\/v2\/types\/product"}],"replies":[{"embeddable":true,"href":"https:\/\/adidascombat.md\/ro\/wp-json\/wp\/v2\/comments?post=12290"}],"version-history":[{"count":2,"href":"https:\/\/adidascombat.md\/ro\/wp-json\/wp\/v2\/product\/12290\/revisions"}],"predecessor-version":[{"id":12299,"href":"https:\/\/adidascombat.md\/ro\/wp-json\/wp\/v2\/product\/12290\/revisions\/12299"}],"wp:featuredmedia":[{"embeddable":true,"href":"https:\/\/adidascombat.md\/ro\/wp-json\/wp\/v2\/media\/12282"}],"wp:attachment":[{"href":"https:\/\/adidascombat.md\/ro\/wp-json\/wp\/v2\/media?parent=12290"}],"wp:term":[{"taxonomy":"product_brand","embeddable":true,"href":"https:\/\/adidascombat.md\/ro\/wp-json\/wp\/v2\/product_brand?post=12290"},{"taxonomy":"product_cat","embeddable":true,"href":"https:\/\/adidascombat.md\/ro\/wp-json\/wp\/v2\/product_cat?post=12290"},{"taxonomy":"product_tag","embeddable":true,"href":"https:\/\/adidascombat.md\/ro\/wp-json\/wp\/v2\/product_tag?post=12290"}],"curies":[{"name":"wp","href":"https:\/\/api.w.org\/{rel}","templated":true}]}}