{"id":12681,"date":"2024-07-10T15:57:07","date_gmt":"2024-07-10T15:57:07","guid":{"rendered":"https:\/\/adidascombat.md\/product\/adidas-baseball-cap-taekwondo-adicap01\/"},"modified":"2024-07-10T16:00:24","modified_gmt":"2024-07-10T16:00:24","slug":"adidas-baseball-cap-taekwondo-adicap01","status":"publish","type":"product","link":"https:\/\/adidascombat.md\/ro\/Produs\/adidas-baseball-cap-taekwondo-adicap01\/","title":{"rendered":"Adidas baseball cap taekwondo ADICAP01"},"content":{"rendered":"<p><strong>Adidas baseball cap taekwondo ADICAP01<\/strong><\/p>\n<p><span class=\"jCAhz JxVs2d ChMk0b\"><span class=\"ryNqvb\">\u00a0\u0218apca este confec\u021bionat\u0103 din material Climalite care elimin\u0103 umezeala, care ofer\u0103 o senza\u021bie confortabil\u0103 \u0219i uscat\u0103 atunci c\u00e2nd este purtat\u0103. <\/span><\/span><\/p>\n<p><span class=\"jCAhz JxVs2d ChMk0b\"><span class=\"ryNqvb\">\u00a0Vine cu o curea reglabil\u0103 pentru ceaf\u0103 \u0219i protec\u021bie UV \u0219i are emblematicele 3 dungi pe viziera preformat\u0103.<\/span><\/span><\/p>\n<div id=\"f11jnc6b-P2SG807\" class=\"Root Root_inited\" data-state-id=\"1_k43r0\" data-type=\"translate\" data-subtype=\"text\">\n<div class=\"Organic organic Typo Typo_text_m Typo_line_s\">\n<div class=\"Organic-ContentWrapper organic__content-wrapper\">\n<div class=\"Translate Translate_text Translate_redesign Translate_withBubbles\">\n<div class=\"Translate-Output Translate-Output_size_l\">\n<div class=\"Translate-Icons Translate-Icons_type_to\">\n<div class=\"Translate-Copy Translate-Copy_focused_false Translate-Icon\" tabindex=\"0\" title=\"\u0421\u043a\u043e\u043f\u0438\u0440\u043e\u0432\u0430\u0442\u044c\" role=\"button\" aria-label=\"\u0421\u043a\u043e\u043f\u0438\u0440\u043e\u0432\u0430\u0442\u044c \u043f\u0435\u0440\u0435\u0432\u043e\u0434\">\n<div class=\"Translate-CopyTooltip\"><\/div>\n<\/div>\n<div class=\"Translate-Speaker Translate-Speaker_direction_target Translate-Speaker_focused_false Translate-Icon Translate-Icon_disabled\" tabindex=\"0\" title=\"\u0421\u043b\u0438\u0448\u043a\u043e\u043c \u0434\u043b\u0438\u043d\u043d\u044b\u0439 \u0442\u0435\u043a\u0441\u0442\" role=\"button\" aria-label=\"\u041e\u0437\u0432\u0443\u0447\u0438\u0442\u044c \u043f\u0435\u0440\u0435\u0432\u043e\u0434\"><\/div>\n<\/div>\n<\/div>\n<\/div>\n<\/div>\n<\/div>\n<\/div>\n","protected":false},"excerpt":{"rendered":"<p>Adidas baseball cap taekwondo ADICAP01 \u00a0\u0218apca este confec\u021bionat\u0103 din material Climalite care elimin\u0103 umezeala, care ofer\u0103 o senza\u021bie confortabil\u0103 \u0219i<\/p>\n","protected":false},"featured_media":12677,"comment_status":"open","ping_status":"closed","template":"","meta":[],"product_brand":[],"product_cat":[79,93],"product_tag":[],"class_list":{"0":"post-12681","1":"product","2":"type-product","3":"status-publish","4":"has-post-thumbnail","6":"product_cat-adidas-taekwondo-ro","7":"product_cat-imbracaminte-casual","9":"first","10":"instock","11":"shipping-taxable","12":"purchasable","13":"product-type-simple"},"_links":{"self":[{"href":"https:\/\/adidascombat.md\/ro\/wp-json\/wp\/v2\/product\/12681","targetHints":{"allow":["GET"]}}],"collection":[{"href":"https:\/\/adidascombat.md\/ro\/wp-json\/wp\/v2\/product"}],"about":[{"href":"https:\/\/adidascombat.md\/ro\/wp-json\/wp\/v2\/types\/product"}],"replies":[{"embeddable":true,"href":"https:\/\/adidascombat.md\/ro\/wp-json\/wp\/v2\/comments?post=12681"}],"version-history":[{"count":3,"href":"https:\/\/adidascombat.md\/ro\/wp-json\/wp\/v2\/product\/12681\/revisions"}],"predecessor-version":[{"id":12684,"href":"https:\/\/adidascombat.md\/ro\/wp-json\/wp\/v2\/product\/12681\/revisions\/12684"}],"wp:featuredmedia":[{"embeddable":true,"href":"https:\/\/adidascombat.md\/ro\/wp-json\/wp\/v2\/media\/12677"}],"wp:attachment":[{"href":"https:\/\/adidascombat.md\/ro\/wp-json\/wp\/v2\/media?parent=12681"}],"wp:term":[{"taxonomy":"product_brand","embeddable":true,"href":"https:\/\/adidascombat.md\/ro\/wp-json\/wp\/v2\/product_brand?post=12681"},{"taxonomy":"product_cat","embeddable":true,"href":"https:\/\/adidascombat.md\/ro\/wp-json\/wp\/v2\/product_cat?post=12681"},{"taxonomy":"product_tag","embeddable":true,"href":"https:\/\/adidascombat.md\/ro\/wp-json\/wp\/v2\/product_tag?post=12681"}],"curies":[{"name":"wp","href":"https:\/\/api.w.org\/{rel}","templated":true}]}}