{"id":12691,"date":"2024-07-10T16:05:22","date_gmt":"2024-07-10T16:05:22","guid":{"rendered":"https:\/\/adidascombat.md\/product\/adidas-snap-cap-taekwondo-adicap02\/"},"modified":"2024-07-10T16:08:10","modified_gmt":"2024-07-10T16:08:10","slug":"adidas-snap-cap-taekwondo-adicap02","status":"publish","type":"product","link":"https:\/\/adidascombat.md\/ro\/Produs\/adidas-snap-cap-taekwondo-adicap02\/","title":{"rendered":"Adidas Snap-Cap Taekwondo, ADICAP02"},"content":{"rendered":"<p><strong>Adidas Snap-Cap Taekwondo, ADICAP02<\/strong><\/p>\n<p><span class=\"jCAhz JxVs2d ChMk0b\"><span class=\"ryNqvb\">\u00a0\u0218apca este confec\u021bionat\u0103 din material Climalite care elimin\u0103 umezeala, care ofer\u0103 o senza\u021bie confortabil\u0103 \u0219i uscat\u0103 atunci c\u00e2nd este purtat\u0103. <\/span><\/span><\/p>\n<p><span class=\"jCAhz JxVs2d ChMk0b\"><span class=\"ryNqvb\">\u00a0Vine cu o curea reglabil\u0103 pentru ceaf\u0103 \u0219i protec\u021bie UV \u0219i are emblematicele 3 dungi pe viziera preformat\u0103.<\/span><\/span><\/p>\n","protected":false},"excerpt":{"rendered":"<p>Adidas Snap-Cap Taekwondo, ADICAP02 \u00a0\u0218apca este confec\u021bionat\u0103 din material Climalite care elimin\u0103 umezeala, care ofer\u0103 o senza\u021bie confortabil\u0103 \u0219i uscat\u0103<\/p>\n","protected":false},"featured_media":12687,"comment_status":"open","ping_status":"closed","template":"","meta":[],"product_brand":[],"product_cat":[79,93],"product_tag":[],"class_list":{"0":"post-12691","1":"product","2":"type-product","3":"status-publish","4":"has-post-thumbnail","6":"product_cat-adidas-taekwondo-ro","7":"product_cat-imbracaminte-casual","9":"first","10":"instock","11":"shipping-taxable","12":"purchasable","13":"product-type-simple"},"_links":{"self":[{"href":"https:\/\/adidascombat.md\/ro\/wp-json\/wp\/v2\/product\/12691","targetHints":{"allow":["GET"]}}],"collection":[{"href":"https:\/\/adidascombat.md\/ro\/wp-json\/wp\/v2\/product"}],"about":[{"href":"https:\/\/adidascombat.md\/ro\/wp-json\/wp\/v2\/types\/product"}],"replies":[{"embeddable":true,"href":"https:\/\/adidascombat.md\/ro\/wp-json\/wp\/v2\/comments?post=12691"}],"version-history":[{"count":2,"href":"https:\/\/adidascombat.md\/ro\/wp-json\/wp\/v2\/product\/12691\/revisions"}],"predecessor-version":[{"id":12693,"href":"https:\/\/adidascombat.md\/ro\/wp-json\/wp\/v2\/product\/12691\/revisions\/12693"}],"wp:featuredmedia":[{"embeddable":true,"href":"https:\/\/adidascombat.md\/ro\/wp-json\/wp\/v2\/media\/12687"}],"wp:attachment":[{"href":"https:\/\/adidascombat.md\/ro\/wp-json\/wp\/v2\/media?parent=12691"}],"wp:term":[{"taxonomy":"product_brand","embeddable":true,"href":"https:\/\/adidascombat.md\/ro\/wp-json\/wp\/v2\/product_brand?post=12691"},{"taxonomy":"product_cat","embeddable":true,"href":"https:\/\/adidascombat.md\/ro\/wp-json\/wp\/v2\/product_cat?post=12691"},{"taxonomy":"product_tag","embeddable":true,"href":"https:\/\/adidascombat.md\/ro\/wp-json\/wp\/v2\/product_tag?post=12691"}],"curies":[{"name":"wp","href":"https:\/\/api.w.org\/{rel}","templated":true}]}}