{"id":12765,"date":"2024-07-11T14:24:07","date_gmt":"2024-07-11T14:24:07","guid":{"rendered":"https:\/\/adidascombat.md\/product\/adidas-backpack-taekwondo-with-body-guard-holder-adiacc096-black-white\/"},"modified":"2024-07-11T14:26:24","modified_gmt":"2024-07-11T14:26:24","slug":"adidas-backpack-taekwondo-with-body-guard-holder-adiacc096-black-white","status":"publish","type":"product","link":"https:\/\/adidascombat.md\/ro\/Produs\/adidas-backpack-taekwondo-with-body-guard-holder-adiacc096-black-white\/","title":{"rendered":"Adidas backpack Taekwondo with body guard holder ADIACC096 black\/white"},"content":{"rendered":"<p><strong>Adidas backpack Taekwondo with body guard holder ADIACC096 black\/white\u00a0<\/strong><\/p>\n<p><span class=\"jCAhz JxVs2d ChMk0b\"><span class=\"ryNqvb\"><strong>Dimensiune:<\/strong> 30x45x17 cm, aproximativ: 16 litri <\/span><\/span><\/p>\n<p><span class=\"jCAhz JxVs2d ChMk0b\"><span class=\"ryNqvb\">\u00a0Rucsacul convenabil este special conceput pentru sportivii de taekwondo, deoarece are un sistem compact de curele de transport de care vesta de lupt\u0103 poate fi ata\u0219at\u0103 \u00een siguran\u021b\u0103 \u00een lateral. <\/span><\/span><\/p>\n<p><span class=\"jCAhz JxVs2d ChMk0b\"><span class=\"ryNqvb\">\u00a0Dou\u0103 compartimente laterale \u0219i un buzunar interior suplimentar \u00een compartimentul principal v\u0103 \u021bin lucrurile \u00eengrijite \u0219i \u00een siguran\u021b\u0103. <\/span><\/span><\/p>\n<p><span class=\"jCAhz JxVs2d ChMk0b\"><span class=\"ryNqvb\">\u00a0C\u0103ptu\u0219eala moale pe bretele asigur\u0103 un confort optim la purtare.<\/span><\/span> <span class=\"jCAhz JxVs2d ChMk0b\"><span class=\"ryNqvb\">Nailonul extrem de durabil \u0219i flexibil garanteaz\u0103 o durat\u0103 lung\u0103 de via\u021b\u0103.<\/span><\/span><\/p>\n","protected":false},"excerpt":{"rendered":"<p>Adidas backpack Taekwondo with body guard holder ADIACC096 black\/white\u00a0 Dimensiune: 30x45x17 cm, aproximativ: 16 litri \u00a0Rucsacul convenabil este special conceput<\/p>\n","protected":false},"featured_media":12755,"comment_status":"open","ping_status":"closed","template":"","meta":[],"product_brand":[],"product_cat":[79,95],"product_tag":[],"class_list":{"0":"post-12765","1":"product","2":"type-product","3":"status-publish","4":"has-post-thumbnail","6":"product_cat-adidas-taekwondo-ro","7":"product_cat-genti","9":"first","10":"instock","11":"shipping-taxable","12":"purchasable","13":"product-type-simple"},"_links":{"self":[{"href":"https:\/\/adidascombat.md\/ro\/wp-json\/wp\/v2\/product\/12765","targetHints":{"allow":["GET"]}}],"collection":[{"href":"https:\/\/adidascombat.md\/ro\/wp-json\/wp\/v2\/product"}],"about":[{"href":"https:\/\/adidascombat.md\/ro\/wp-json\/wp\/v2\/types\/product"}],"replies":[{"embeddable":true,"href":"https:\/\/adidascombat.md\/ro\/wp-json\/wp\/v2\/comments?post=12765"}],"version-history":[{"count":2,"href":"https:\/\/adidascombat.md\/ro\/wp-json\/wp\/v2\/product\/12765\/revisions"}],"predecessor-version":[{"id":12767,"href":"https:\/\/adidascombat.md\/ro\/wp-json\/wp\/v2\/product\/12765\/revisions\/12767"}],"wp:featuredmedia":[{"embeddable":true,"href":"https:\/\/adidascombat.md\/ro\/wp-json\/wp\/v2\/media\/12755"}],"wp:attachment":[{"href":"https:\/\/adidascombat.md\/ro\/wp-json\/wp\/v2\/media?parent=12765"}],"wp:term":[{"taxonomy":"product_brand","embeddable":true,"href":"https:\/\/adidascombat.md\/ro\/wp-json\/wp\/v2\/product_brand?post=12765"},{"taxonomy":"product_cat","embeddable":true,"href":"https:\/\/adidascombat.md\/ro\/wp-json\/wp\/v2\/product_cat?post=12765"},{"taxonomy":"product_tag","embeddable":true,"href":"https:\/\/adidascombat.md\/ro\/wp-json\/wp\/v2\/product_tag?post=12765"}],"curies":[{"name":"wp","href":"https:\/\/api.w.org\/{rel}","templated":true}]}}