{"id":15329,"date":"2024-07-31T16:15:14","date_gmt":"2024-07-31T16:15:14","guid":{"rendered":"https:\/\/adidascombat.md\/product\/adidas-groin-guard-climacool\/"},"modified":"2025-06-16T13:52:37","modified_gmt":"2025-06-16T13:52:37","slug":"adidas-groin-guard-climacool","status":"publish","type":"product","link":"https:\/\/adidascombat.md\/ro\/Produs\/adidas-groin-guard-climacool\/","title":{"rendered":"Protec\u021bie inghinal\u0103 Adidas Climacool"},"content":{"rendered":"<p>Cu carcasa sa din plastic dur, aceast\u0103 protec\u021bie inghinal\u0103 cu form\u0103 anatomic\u0103, fabricat\u0103 din material mixt Microlight, ofer\u0103 siguran\u021b\u0103 \u0219i confort. Materialul u\u0219or din plas\u0103 este lavabil.<\/p>\n<p>&#8211; Band\u0103 de sus\u021binere lat\u0103 \u0219i elastic\u0103<br \/>\n&#8211; Cupe din plastic ranforsate<br \/>\n&#8211; Cu \u00eenveli\u0219 de cauciuc<br \/>\n&#8211; Tehnologie CLIMACOOL<br \/>\n&#8211; M\u0103rimi: S-XL<\/p>\n","protected":false},"excerpt":{"rendered":"<p>Cu carcasa sa din plastic dur, aceast\u0103 protec\u021bie inghinal\u0103 cu form\u0103 anatomic\u0103, fabricat\u0103 din material mixt Microlight, ofer\u0103 siguran\u021b\u0103 \u0219i<\/p>\n","protected":false},"featured_media":15323,"comment_status":"open","ping_status":"closed","template":"","meta":[],"product_brand":[],"product_cat":[137,757,79,99,151,769],"product_tag":[],"class_list":{"0":"post-15329","1":"product","2":"type-product","3":"status-publish","4":"has-post-thumbnail","6":"product_cat-adidas-karate-ro","7":"product_cat-adidas-kickbox-ro","8":"product_cat-adidas-taekwondo-ro","9":"product_cat-echipament-de-protectie","10":"product_cat-echipament-de-protectie-ro-2","11":"product_cat-protectie-ro-5","13":"first","14":"instock","15":"shipping-taxable","16":"purchasable","17":"product-type-variable"},"_links":{"self":[{"href":"https:\/\/adidascombat.md\/ro\/wp-json\/wp\/v2\/product\/15329","targetHints":{"allow":["GET"]}}],"collection":[{"href":"https:\/\/adidascombat.md\/ro\/wp-json\/wp\/v2\/product"}],"about":[{"href":"https:\/\/adidascombat.md\/ro\/wp-json\/wp\/v2\/types\/product"}],"replies":[{"embeddable":true,"href":"https:\/\/adidascombat.md\/ro\/wp-json\/wp\/v2\/comments?post=15329"}],"version-history":[{"count":4,"href":"https:\/\/adidascombat.md\/ro\/wp-json\/wp\/v2\/product\/15329\/revisions"}],"predecessor-version":[{"id":31719,"href":"https:\/\/adidascombat.md\/ro\/wp-json\/wp\/v2\/product\/15329\/revisions\/31719"}],"wp:featuredmedia":[{"embeddable":true,"href":"https:\/\/adidascombat.md\/ro\/wp-json\/wp\/v2\/media\/15323"}],"wp:attachment":[{"href":"https:\/\/adidascombat.md\/ro\/wp-json\/wp\/v2\/media?parent=15329"}],"wp:term":[{"taxonomy":"product_brand","embeddable":true,"href":"https:\/\/adidascombat.md\/ro\/wp-json\/wp\/v2\/product_brand?post=15329"},{"taxonomy":"product_cat","embeddable":true,"href":"https:\/\/adidascombat.md\/ro\/wp-json\/wp\/v2\/product_cat?post=15329"},{"taxonomy":"product_tag","embeddable":true,"href":"https:\/\/adidascombat.md\/ro\/wp-json\/wp\/v2\/product_tag?post=15329"}],"curies":[{"name":"wp","href":"https:\/\/api.w.org\/{rel}","templated":true}]}}