{"id":17038,"date":"2024-06-24T17:46:02","date_gmt":"2024-06-24T17:46:02","guid":{"rendered":"https:\/\/adidascombat.md\/product\/ju-sports-dobok-to-start\/"},"modified":"2024-08-13T11:58:31","modified_gmt":"2024-08-13T11:58:31","slug":"ju-sports-dobok-to-start","status":"publish","type":"product","link":"https:\/\/adidascombat.md\/ro\/Produs\/ju-sports-dobok-to-start\/","title":{"rendered":"Ju-Sports Dobok To Start"},"content":{"rendered":"<p><strong>Ju-Sports Dobok To Start<\/strong><\/p>\n<pre id=\"tw-target-text\" class=\"tw-data-text tw-text-large tw-ta\" dir=\"ltr\" data-placeholder=\"Translation\" aria-label=\"Translated text\" data-ved=\"2ahUKEwjJttmvivSGAxWG9bsIHVqLAJEQ3ewLegQIBRAT\"><span class=\"Y2IQFc\" lang=\"ru\"> Un dobok pentru copii \u0219i \u00eencep\u0103tori este un model ieftin de \u00eenalt\u0103 calitate, \r\nadaptat dup\u0103 un model coreean. \r\n \u021aes\u0103tura u\u0219oar\u0103 din bumbac garanteaz\u0103 un confort pl\u0103cut la purtare. \r\n 100% bumbac \r\n Pantaloni cu talie elastic\u0103 practic\u0103 \u0219i \u0219ireturi suplimentare. \r\nCentur\u0103 alb\u0103 este inclus\u0103.a<\/span><\/pre>\n","protected":false},"excerpt":{"rendered":"<p>Ju-Sports Dobok To Start Un dobok pentru copii \u0219i \u00eencep\u0103tori este un model ieftin de \u00eenalt\u0103 calitate, adaptat dup\u0103 un<\/p>\n","protected":false},"featured_media":11326,"comment_status":"open","ping_status":"closed","template":"","meta":[],"product_brand":[],"product_cat":[79,111],"product_tag":[],"class_list":{"0":"post-17038","1":"product","2":"type-product","3":"status-publish","4":"has-post-thumbnail","6":"product_cat-adidas-taekwondo-ro","7":"product_cat-dobok","9":"first","10":"instock","11":"shipping-taxable","12":"purchasable","13":"product-type-variable"},"_links":{"self":[{"href":"https:\/\/adidascombat.md\/ro\/wp-json\/wp\/v2\/product\/17038","targetHints":{"allow":["GET"]}}],"collection":[{"href":"https:\/\/adidascombat.md\/ro\/wp-json\/wp\/v2\/product"}],"about":[{"href":"https:\/\/adidascombat.md\/ro\/wp-json\/wp\/v2\/types\/product"}],"replies":[{"embeddable":true,"href":"https:\/\/adidascombat.md\/ro\/wp-json\/wp\/v2\/comments?post=17038"}],"version-history":[{"count":1,"href":"https:\/\/adidascombat.md\/ro\/wp-json\/wp\/v2\/product\/17038\/revisions"}],"predecessor-version":[{"id":17051,"href":"https:\/\/adidascombat.md\/ro\/wp-json\/wp\/v2\/product\/17038\/revisions\/17051"}],"wp:featuredmedia":[{"embeddable":true,"href":"https:\/\/adidascombat.md\/ro\/wp-json\/wp\/v2\/media\/11326"}],"wp:attachment":[{"href":"https:\/\/adidascombat.md\/ro\/wp-json\/wp\/v2\/media?parent=17038"}],"wp:term":[{"taxonomy":"product_brand","embeddable":true,"href":"https:\/\/adidascombat.md\/ro\/wp-json\/wp\/v2\/product_brand?post=17038"},{"taxonomy":"product_cat","embeddable":true,"href":"https:\/\/adidascombat.md\/ro\/wp-json\/wp\/v2\/product_cat?post=17038"},{"taxonomy":"product_tag","embeddable":true,"href":"https:\/\/adidascombat.md\/ro\/wp-json\/wp\/v2\/product_tag?post=17038"}],"curies":[{"name":"wp","href":"https:\/\/api.w.org\/{rel}","templated":true}]}}