{"id":17052,"date":"2024-06-24T18:04:09","date_gmt":"2024-06-24T18:04:09","guid":{"rendered":"https:\/\/adidascombat.md\/product\/ju-sports-dobok-bonsai-pro\/"},"modified":"2024-08-13T12:01:02","modified_gmt":"2024-08-13T12:01:02","slug":"ju-sports-dobok-bonsai-pro","status":"publish","type":"product","link":"https:\/\/adidascombat.md\/ro\/Produs\/ju-sports-dobok-bonsai-pro\/","title":{"rendered":"Ju-Sports Dobok Bonsai pro"},"content":{"rendered":"<p class=\"tw-data-text tw-text-large tw-ta\" dir=\"ltr\" data-placeholder=\"Translation\" aria-label=\"Translated text\" data-ved=\"2ahUKEwjJttmvivSGAxWG9bsIHVqLAJEQ3ewLegQIBRAT\"><span class=\"Y2IQFc\" lang=\"ru\"><strong>\u0414\u043e\u0431\u043e\u043a Bonsai Pro<\/strong> \u2014\u00a0 a<\/span>cesta este un dobok t\u0103iat coreean durabil \u0219i accesibil, special conceput pentru copii \u0219i \u00eencep\u0103tori.<\/p>\n<p class=\"tw-data-text tw-text-large tw-ta\" dir=\"ltr\" data-placeholder=\"Translation\" aria-label=\"Translated text\" data-ved=\"2ahUKEwjJttmvivSGAxWG9bsIHVqLAJEQ3ewLegQIBRAT\">\u021aes\u0103tura u\u0219oar\u0103 amestecat\u0103 garanteaz\u0103 un confort pl\u0103cut la purtare.<\/p>\n<p class=\"tw-data-text tw-text-large tw-ta\" dir=\"ltr\" data-placeholder=\"Translation\" aria-label=\"Translated text\" data-ved=\"2ahUKEwjJttmvivSGAxWG9bsIHVqLAJEQ3ewLegQIBRAT\">Material: 65% poliester, 35% bumbac.<\/p>\n<p class=\"tw-data-text tw-text-large tw-ta\" dir=\"ltr\" data-placeholder=\"Translation\" aria-label=\"Translated text\" data-ved=\"2ahUKEwjJttmvivSGAxWG9bsIHVqLAJEQ3ewLegQIBRAT\">&#8211; Jachet\u0103 combinat\u0103 cu g\u00e2t \u00een V \u00een stilul WTF<\/p>\n<p class=\"tw-data-text tw-text-large tw-ta\" dir=\"ltr\" data-placeholder=\"Translation\" aria-label=\"Translated text\" data-ved=\"2ahUKEwjJttmvivSGAxWG9bsIHVqLAJEQ3ewLegQIBRAT\">&#8211; Pantaloni cu band\u0103 elastic\u0103 \u0219i \u0219ireturi suplimentare<\/p>\n<p class=\"tw-data-text tw-text-large tw-ta\" dir=\"ltr\" data-placeholder=\"Translation\" aria-label=\"Translated text\" data-ved=\"2ahUKEwjJttmvivSGAxWG9bsIHVqLAJEQ3ewLegQIBRAT\">&#8211; Centura alb\u0103 inclus\u0103<\/p>\n<div id=\"f11jnc6b-P5BcJTI\" class=\"Root Root_inited\" data-state-id=\"1_5jg60\" data-type=\"translate\" data-subtype=\"empty\">\n<div class=\"VanillaReact OrganicTitle OrganicTitle_multiline Typo Typo_text_l organic__title-wrapper\"><\/div>\n<\/div>\n<pre id=\"tw-target-text\" class=\"tw-data-text tw-text-large tw-ta\" dir=\"ltr\" data-placeholder=\"Translation\" aria-label=\"Translated text\" data-ved=\"2ahUKEwjJttmvivSGAxWG9bsIHVqLAJEQ3ewLegQIBRAT\"><\/pre>\n","protected":false},"excerpt":{"rendered":"<p>\u0414\u043e\u0431\u043e\u043a Bonsai Pro \u2014\u00a0 acesta este un dobok t\u0103iat coreean durabil \u0219i accesibil, special conceput pentru copii \u0219i \u00eencep\u0103tori. \u021aes\u0103tura<\/p>\n","protected":false},"featured_media":11349,"comment_status":"open","ping_status":"closed","template":"","meta":[],"product_brand":[],"product_cat":[79,111],"product_tag":[],"class_list":{"0":"post-17052","1":"product","2":"type-product","3":"status-publish","4":"has-post-thumbnail","6":"product_cat-adidas-taekwondo-ro","7":"product_cat-dobok","9":"first","10":"instock","11":"shipping-taxable","12":"purchasable","13":"product-type-variable"},"_links":{"self":[{"href":"https:\/\/adidascombat.md\/ro\/wp-json\/wp\/v2\/product\/17052","targetHints":{"allow":["GET"]}}],"collection":[{"href":"https:\/\/adidascombat.md\/ro\/wp-json\/wp\/v2\/product"}],"about":[{"href":"https:\/\/adidascombat.md\/ro\/wp-json\/wp\/v2\/types\/product"}],"replies":[{"embeddable":true,"href":"https:\/\/adidascombat.md\/ro\/wp-json\/wp\/v2\/comments?post=17052"}],"version-history":[{"count":1,"href":"https:\/\/adidascombat.md\/ro\/wp-json\/wp\/v2\/product\/17052\/revisions"}],"predecessor-version":[{"id":17060,"href":"https:\/\/adidascombat.md\/ro\/wp-json\/wp\/v2\/product\/17052\/revisions\/17060"}],"wp:featuredmedia":[{"embeddable":true,"href":"https:\/\/adidascombat.md\/ro\/wp-json\/wp\/v2\/media\/11349"}],"wp:attachment":[{"href":"https:\/\/adidascombat.md\/ro\/wp-json\/wp\/v2\/media?parent=17052"}],"wp:term":[{"taxonomy":"product_brand","embeddable":true,"href":"https:\/\/adidascombat.md\/ro\/wp-json\/wp\/v2\/product_brand?post=17052"},{"taxonomy":"product_cat","embeddable":true,"href":"https:\/\/adidascombat.md\/ro\/wp-json\/wp\/v2\/product_cat?post=17052"},{"taxonomy":"product_tag","embeddable":true,"href":"https:\/\/adidascombat.md\/ro\/wp-json\/wp\/v2\/product_tag?post=17052"}],"curies":[{"name":"wp","href":"https:\/\/api.w.org\/{rel}","templated":true}]}}