{"id":17061,"date":"2024-06-24T18:19:26","date_gmt":"2024-06-24T18:19:26","guid":{"rendered":"https:\/\/adidascombat.md\/product\/adidas-tkd-dobok-adi-club-aditcb02-black-collar-black-stripes\/"},"modified":"2024-08-13T12:02:56","modified_gmt":"2024-08-13T12:02:56","slug":"adidas-tkd-dobok-adi-club-aditcb02-black-collar-black-stripes","status":"publish","type":"product","link":"https:\/\/adidascombat.md\/ro\/Produs\/adidas-tkd-dobok-adi-club-aditcb02-black-collar-black-stripes\/","title":{"rendered":"Adidas TKD dobok adi club ADITCB02 black collar \/ black stripes"},"content":{"rendered":"<p><strong>Adidas TKD dobok adi club ADITCB02 black collar \/ black stripes<\/strong><\/p>\n<p>Costumul este confec\u021bionat din material u\u0219or, cu revere negre pentru curele de la alb la ro\u0219u. O jachet\u0103 cu guler stand-up \u0219i g\u00e2t \u00een V \u00een stilul WTF.<\/p>\n<p>Pantaloni cu talie elastic\u0103 \u0219i \u0219ireturi suplimentare.<\/p>\n<p>Material: 35% bumbac, 65% poliester.<\/p>\n<p>&nbsp;<\/p>\n","protected":false},"excerpt":{"rendered":"<p>Adidas TKD dobok adi club ADITCB02 black collar \/ black stripes Costumul este confec\u021bionat din material u\u0219or, cu revere negre<\/p>\n","protected":false},"featured_media":11370,"comment_status":"open","ping_status":"closed","template":"","meta":[],"product_brand":[],"product_cat":[79,111],"product_tag":[],"class_list":{"0":"post-17061","1":"product","2":"type-product","3":"status-publish","4":"has-post-thumbnail","6":"product_cat-adidas-taekwondo-ro","7":"product_cat-dobok","9":"first","10":"instock","11":"shipping-taxable","12":"purchasable","13":"product-type-variable"},"_links":{"self":[{"href":"https:\/\/adidascombat.md\/ro\/wp-json\/wp\/v2\/product\/17061","targetHints":{"allow":["GET"]}}],"collection":[{"href":"https:\/\/adidascombat.md\/ro\/wp-json\/wp\/v2\/product"}],"about":[{"href":"https:\/\/adidascombat.md\/ro\/wp-json\/wp\/v2\/types\/product"}],"replies":[{"embeddable":true,"href":"https:\/\/adidascombat.md\/ro\/wp-json\/wp\/v2\/comments?post=17061"}],"version-history":[{"count":1,"href":"https:\/\/adidascombat.md\/ro\/wp-json\/wp\/v2\/product\/17061\/revisions"}],"predecessor-version":[{"id":17070,"href":"https:\/\/adidascombat.md\/ro\/wp-json\/wp\/v2\/product\/17061\/revisions\/17070"}],"wp:featuredmedia":[{"embeddable":true,"href":"https:\/\/adidascombat.md\/ro\/wp-json\/wp\/v2\/media\/11370"}],"wp:attachment":[{"href":"https:\/\/adidascombat.md\/ro\/wp-json\/wp\/v2\/media?parent=17061"}],"wp:term":[{"taxonomy":"product_brand","embeddable":true,"href":"https:\/\/adidascombat.md\/ro\/wp-json\/wp\/v2\/product_brand?post=17061"},{"taxonomy":"product_cat","embeddable":true,"href":"https:\/\/adidascombat.md\/ro\/wp-json\/wp\/v2\/product_cat?post=17061"},{"taxonomy":"product_tag","embeddable":true,"href":"https:\/\/adidascombat.md\/ro\/wp-json\/wp\/v2\/product_tag?post=17061"}],"curies":[{"name":"wp","href":"https:\/\/api.w.org\/{rel}","templated":true}]}}