{"id":17071,"date":"2024-06-24T18:30:37","date_gmt":"2024-06-24T18:30:37","guid":{"rendered":"https:\/\/adidascombat.md\/product\/adidas-tkd-dobok-adi-champion-colour-aditcco1-black\/"},"modified":"2024-08-13T12:04:50","modified_gmt":"2024-08-13T12:04:50","slug":"adidas-tkd-dobok-adi-champion-colour-aditcco1-black","status":"publish","type":"product","link":"https:\/\/adidascombat.md\/ro\/Produs\/adidas-tkd-dobok-adi-champion-colour-aditcco1-black\/","title":{"rendered":"Adidas TKD dobok adi champion COLOUR ADITCCO1 black"},"content":{"rendered":"<p><strong>Adidas TKD dobok adi champion COLOUR ADITCCO black\u00a0<\/strong><\/p>\n<p>Costumul este realizat din material superior structurat, de culoare complet neagr\u0103.<\/p>\n<p>O jachet\u0103 cu guler stand-up \u0219i g\u00e2t \u00een V \u00een stilul WTF.<\/p>\n<p>Pantaloni cu talie elastic\u0103 \u0219i \u0219ireturi suplimentare. Capetele m\u00e2necilor \u0219i picioarelor sunt cusute de 9 ori.<\/p>\n<p>Material: 55% bumbac, 45% poliester.<\/p>\n<p>&nbsp;<\/p>\n","protected":false},"excerpt":{"rendered":"<p>Adidas TKD dobok adi champion COLOUR ADITCCO black\u00a0 Costumul este realizat din material superior structurat, de culoare complet neagr\u0103. O<\/p>\n","protected":false},"featured_media":11391,"comment_status":"open","ping_status":"closed","template":"","meta":[],"product_brand":[],"product_cat":[79,111],"product_tag":[],"class_list":{"0":"post-17071","1":"product","2":"type-product","3":"status-publish","4":"has-post-thumbnail","6":"product_cat-adidas-taekwondo-ro","7":"product_cat-dobok","9":"first","10":"instock","11":"shipping-taxable","12":"purchasable","13":"product-type-variable"},"_links":{"self":[{"href":"https:\/\/adidascombat.md\/ro\/wp-json\/wp\/v2\/product\/17071","targetHints":{"allow":["GET"]}}],"collection":[{"href":"https:\/\/adidascombat.md\/ro\/wp-json\/wp\/v2\/product"}],"about":[{"href":"https:\/\/adidascombat.md\/ro\/wp-json\/wp\/v2\/types\/product"}],"replies":[{"embeddable":true,"href":"https:\/\/adidascombat.md\/ro\/wp-json\/wp\/v2\/comments?post=17071"}],"version-history":[{"count":1,"href":"https:\/\/adidascombat.md\/ro\/wp-json\/wp\/v2\/product\/17071\/revisions"}],"predecessor-version":[{"id":17078,"href":"https:\/\/adidascombat.md\/ro\/wp-json\/wp\/v2\/product\/17071\/revisions\/17078"}],"wp:featuredmedia":[{"embeddable":true,"href":"https:\/\/adidascombat.md\/ro\/wp-json\/wp\/v2\/media\/11391"}],"wp:attachment":[{"href":"https:\/\/adidascombat.md\/ro\/wp-json\/wp\/v2\/media?parent=17071"}],"wp:term":[{"taxonomy":"product_brand","embeddable":true,"href":"https:\/\/adidascombat.md\/ro\/wp-json\/wp\/v2\/product_brand?post=17071"},{"taxonomy":"product_cat","embeddable":true,"href":"https:\/\/adidascombat.md\/ro\/wp-json\/wp\/v2\/product_cat?post=17071"},{"taxonomy":"product_tag","embeddable":true,"href":"https:\/\/adidascombat.md\/ro\/wp-json\/wp\/v2\/product_tag?post=17071"}],"curies":[{"name":"wp","href":"https:\/\/api.w.org\/{rel}","templated":true}]}}