{"id":17079,"date":"2024-06-24T18:40:42","date_gmt":"2024-06-24T18:40:42","guid":{"rendered":"https:\/\/adidascombat.md\/product\/adidas-tkd-dobok-fighter-eco-with-stripes-black-collar\/"},"modified":"2024-08-13T12:07:06","modified_gmt":"2024-08-13T12:07:06","slug":"adidas-tkd-dobok-fighter-eco-with-stripes-black-collar","status":"publish","type":"product","link":"https:\/\/adidascombat.md\/ro\/Produs\/adidas-tkd-dobok-fighter-eco-with-stripes-black-collar\/","title":{"rendered":"Adidas TKD dobok Fighter eco with stripes, black collar"},"content":{"rendered":"<p><strong>Adidas TKD dobok Fighter eco with stripes, black collar<\/strong><\/p>\n<p>Aproape to\u021bi sportivii de top au \u00eencredere \u00een lupt\u0103torul u\u0219or \u0219i au \u00eencredere \u00een gestionarea mobilit\u0103\u021bii \u0219i umidit\u0103\u021bii Dobok. Aici, \u00een versiunea cu rever negru.<\/p>\n<p>Materialul u\u0219or cu tehnologia Adidas &#8222;ClimaCool&#8221; ofer\u0103 un echilibru de temperatur\u0103 foarte bun \u00een timpul antrenamentelor \u0219i competi\u021biilor. \u021aes\u0103tura este \u00een relief pe interior, astfel \u00eenc\u00e2t s\u0103 nu se lipeasc\u0103 de pielea umed\u0103.<\/p>\n<p>Dobok are logo-ul Adidas pe rever. Cu trei dungi pe sacou \u0219i pantaloni. Cu inser\u021bii Clima-Cool \u00een zona g\u00e2tului, pe interiorul pantalonilor \u0219i pe fese chiar sub talie. Axile sunt, de asemenea, t\u0103iate cu \u021bes\u0103tur\u0103 din plas\u0103.<\/p>\n<p>Material: 100% poliester.<\/p>\n","protected":false},"excerpt":{"rendered":"<p>Adidas TKD dobok Fighter eco with stripes, black collar Aproape to\u021bi sportivii de top au \u00eencredere \u00een lupt\u0103torul u\u0219or \u0219i<\/p>\n","protected":false},"featured_media":11417,"comment_status":"open","ping_status":"closed","template":"","meta":[],"product_brand":[],"product_cat":[79,111],"product_tag":[],"class_list":{"0":"post-17079","1":"product","2":"type-product","3":"status-publish","4":"has-post-thumbnail","6":"product_cat-adidas-taekwondo-ro","7":"product_cat-dobok","9":"first","10":"instock","11":"shipping-taxable","12":"purchasable","13":"product-type-variable"},"_links":{"self":[{"href":"https:\/\/adidascombat.md\/ro\/wp-json\/wp\/v2\/product\/17079","targetHints":{"allow":["GET"]}}],"collection":[{"href":"https:\/\/adidascombat.md\/ro\/wp-json\/wp\/v2\/product"}],"about":[{"href":"https:\/\/adidascombat.md\/ro\/wp-json\/wp\/v2\/types\/product"}],"replies":[{"embeddable":true,"href":"https:\/\/adidascombat.md\/ro\/wp-json\/wp\/v2\/comments?post=17079"}],"version-history":[{"count":2,"href":"https:\/\/adidascombat.md\/ro\/wp-json\/wp\/v2\/product\/17079\/revisions"}],"predecessor-version":[{"id":17088,"href":"https:\/\/adidascombat.md\/ro\/wp-json\/wp\/v2\/product\/17079\/revisions\/17088"}],"wp:featuredmedia":[{"embeddable":true,"href":"https:\/\/adidascombat.md\/ro\/wp-json\/wp\/v2\/media\/11417"}],"wp:attachment":[{"href":"https:\/\/adidascombat.md\/ro\/wp-json\/wp\/v2\/media?parent=17079"}],"wp:term":[{"taxonomy":"product_brand","embeddable":true,"href":"https:\/\/adidascombat.md\/ro\/wp-json\/wp\/v2\/product_brand?post=17079"},{"taxonomy":"product_cat","embeddable":true,"href":"https:\/\/adidascombat.md\/ro\/wp-json\/wp\/v2\/product_cat?post=17079"},{"taxonomy":"product_tag","embeddable":true,"href":"https:\/\/adidascombat.md\/ro\/wp-json\/wp\/v2\/product_tag?post=17079"}],"curies":[{"name":"wp","href":"https:\/\/api.w.org\/{rel}","templated":true}]}}