{"id":17089,"date":"2024-06-24T19:31:26","date_gmt":"2024-06-24T19:31:26","guid":{"rendered":"https:\/\/adidascombat.md\/product\/adidas-tkd-dobok-adi-champ-iv-aditch04-white-collar\/"},"modified":"2024-08-13T12:08:24","modified_gmt":"2024-08-13T12:08:24","slug":"adidas-tkd-dobok-adi-champ-iv-aditch04-white-collar","status":"publish","type":"product","link":"https:\/\/adidascombat.md\/ro\/Produs\/adidas-tkd-dobok-adi-champ-iv-aditch04-white-collar\/","title":{"rendered":"Adidas TKD dobok adi CHAMP IV ADITCH04 white collar"},"content":{"rendered":"<p><strong>Adidas TKD dobok adi CHAMP IV ADITCH04 white collar<\/strong><\/p>\n<p>Modelul adiChamp IV este realizat dintr-un nou material jacquard, pe care este \u021besut\u0103 sigla Adidas. Acest lucru confer\u0103 castelului un aspect incomparabil.<\/p>\n<p>Con\u021binutul de 90% poliester face costumul frumos \u0219i u\u0219or, iar zonele Climacool din zonele importante asigur\u0103 o ventila\u021bie perfect\u0103 \u0219i \u00eendep\u0103rtarea transpira\u021biei.<\/p>\n<p>Un dobok cu revere negre pentru proprietarii Dan. O jachet\u0103 cu guler stand-up \u0219i g\u00e2t \u00een V \u00een stilul WT. Pantaloni cu talie elastic\u0103 \u0219i \u0219ireturi suplimentare. Capetele m\u00e2necilor \u0219i picioarelor sunt cusute de 9 ori.<\/p>\n<p>Material: 90% poliester, 10% bumbac.<\/p>\n","protected":false},"excerpt":{"rendered":"<p>Adidas TKD dobok adi CHAMP IV ADITCH04 white collar Modelul adiChamp IV este realizat dintr-un nou material jacquard, pe care<\/p>\n","protected":false},"featured_media":11465,"comment_status":"open","ping_status":"closed","template":"","meta":[],"product_brand":[],"product_cat":[79,111],"product_tag":[],"class_list":{"0":"post-17089","1":"product","2":"type-product","3":"status-publish","4":"has-post-thumbnail","6":"product_cat-adidas-taekwondo-ro","7":"product_cat-dobok","9":"first","10":"instock","11":"shipping-taxable","12":"purchasable","13":"product-type-variable"},"_links":{"self":[{"href":"https:\/\/adidascombat.md\/ro\/wp-json\/wp\/v2\/product\/17089","targetHints":{"allow":["GET"]}}],"collection":[{"href":"https:\/\/adidascombat.md\/ro\/wp-json\/wp\/v2\/product"}],"about":[{"href":"https:\/\/adidascombat.md\/ro\/wp-json\/wp\/v2\/types\/product"}],"replies":[{"embeddable":true,"href":"https:\/\/adidascombat.md\/ro\/wp-json\/wp\/v2\/comments?post=17089"}],"version-history":[{"count":1,"href":"https:\/\/adidascombat.md\/ro\/wp-json\/wp\/v2\/product\/17089\/revisions"}],"predecessor-version":[{"id":17096,"href":"https:\/\/adidascombat.md\/ro\/wp-json\/wp\/v2\/product\/17089\/revisions\/17096"}],"wp:featuredmedia":[{"embeddable":true,"href":"https:\/\/adidascombat.md\/ro\/wp-json\/wp\/v2\/media\/11465"}],"wp:attachment":[{"href":"https:\/\/adidascombat.md\/ro\/wp-json\/wp\/v2\/media?parent=17089"}],"wp:term":[{"taxonomy":"product_brand","embeddable":true,"href":"https:\/\/adidascombat.md\/ro\/wp-json\/wp\/v2\/product_brand?post=17089"},{"taxonomy":"product_cat","embeddable":true,"href":"https:\/\/adidascombat.md\/ro\/wp-json\/wp\/v2\/product_cat?post=17089"},{"taxonomy":"product_tag","embeddable":true,"href":"https:\/\/adidascombat.md\/ro\/wp-json\/wp\/v2\/product_tag?post=17089"}],"curies":[{"name":"wp","href":"https:\/\/api.w.org\/{rel}","templated":true}]}}