{"id":17097,"date":"2024-06-24T19:41:22","date_gmt":"2024-06-24T19:41:22","guid":{"rendered":"https:\/\/adidascombat.md\/product\/ju-sports-dobok-chagi-2\/"},"modified":"2024-08-13T12:12:03","modified_gmt":"2024-08-13T12:12:03","slug":"ju-sports-dobok-chagi-2","status":"publish","type":"product","link":"https:\/\/adidascombat.md\/ro\/Produs\/ju-sports-dobok-chagi-2\/","title":{"rendered":"Ju-Sports Dobok Chagi"},"content":{"rendered":"<p id=\"tw-target-text\" class=\"tw-data-text tw-text-large tw-ta\" dir=\"ltr\" data-placeholder=\"Translation\" aria-label=\"Translated text\" data-ved=\"2ahUKEwjJttmvivSGAxWG9bsIHVqLAJEQ3ewLegQIBRAT\"><strong><span class=\"Y2IQFc\" lang=\"ru\"> Ju-Sports Dobok Chagi<\/span><\/strong><\/p>\n<p>Chagi este un taekwondo dobok t\u0103iat clasic din policoton u\u0219or, foarte durabil \u0219i durabil, cu o suprafa\u021b\u0103 cu nervuri.<\/p>\n<p>Jacheta combinat\u0103 este realizat\u0103 \u00een stil WTF cu g\u00e2t \u00een V, pantalonii au un \u0219an\u021b care ofer\u0103 spa\u021biu optim pentru picioare pentru efectuarea loviturilor \u00eenalte. \u021aes\u0103tura u\u0219oar\u0103 amestecat\u0103 garanteaz\u0103 un confort pl\u0103cut la purtare.<\/p>\n<p>Material: 65% poliester, 35% bumbac<\/p>\n<p>&nbsp;<\/p>\n","protected":false},"excerpt":{"rendered":"<p>Ju-Sports Dobok Chagi Chagi este un taekwondo dobok t\u0103iat clasic din policoton u\u0219or, foarte durabil \u0219i durabil, cu o suprafa\u021b\u0103<\/p>\n","protected":false},"featured_media":11445,"comment_status":"open","ping_status":"closed","template":"","meta":[],"product_brand":[],"product_cat":[79,111],"product_tag":[],"class_list":{"0":"post-17097","1":"product","2":"type-product","3":"status-publish","4":"has-post-thumbnail","6":"product_cat-adidas-taekwondo-ro","7":"product_cat-dobok","9":"first","10":"instock","11":"shipping-taxable","12":"purchasable","13":"product-type-variable"},"_links":{"self":[{"href":"https:\/\/adidascombat.md\/ro\/wp-json\/wp\/v2\/product\/17097","targetHints":{"allow":["GET"]}}],"collection":[{"href":"https:\/\/adidascombat.md\/ro\/wp-json\/wp\/v2\/product"}],"about":[{"href":"https:\/\/adidascombat.md\/ro\/wp-json\/wp\/v2\/types\/product"}],"replies":[{"embeddable":true,"href":"https:\/\/adidascombat.md\/ro\/wp-json\/wp\/v2\/comments?post=17097"}],"version-history":[{"count":2,"href":"https:\/\/adidascombat.md\/ro\/wp-json\/wp\/v2\/product\/17097\/revisions"}],"predecessor-version":[{"id":17111,"href":"https:\/\/adidascombat.md\/ro\/wp-json\/wp\/v2\/product\/17097\/revisions\/17111"}],"wp:featuredmedia":[{"embeddable":true,"href":"https:\/\/adidascombat.md\/ro\/wp-json\/wp\/v2\/media\/11445"}],"wp:attachment":[{"href":"https:\/\/adidascombat.md\/ro\/wp-json\/wp\/v2\/media?parent=17097"}],"wp:term":[{"taxonomy":"product_brand","embeddable":true,"href":"https:\/\/adidascombat.md\/ro\/wp-json\/wp\/v2\/product_brand?post=17097"},{"taxonomy":"product_cat","embeddable":true,"href":"https:\/\/adidascombat.md\/ro\/wp-json\/wp\/v2\/product_cat?post=17097"},{"taxonomy":"product_tag","embeddable":true,"href":"https:\/\/adidascombat.md\/ro\/wp-json\/wp\/v2\/product_tag?post=17097"}],"curies":[{"name":"wp","href":"https:\/\/api.w.org\/{rel}","templated":true}]}}