{"id":18731,"date":"2024-08-13T17:45:37","date_gmt":"2024-08-13T17:45:37","guid":{"rendered":"https:\/\/adidascombat.md\/product\/adidas-backpack-adiacc020-kids\/"},"modified":"2024-08-13T17:47:07","modified_gmt":"2024-08-13T17:47:07","slug":"adidas-backpack-adiacc020-kids","status":"publish","type":"product","link":"https:\/\/adidascombat.md\/ro\/Produs\/adidas-backpack-adiacc020-kids\/","title":{"rendered":"adidas backpack adiACC020 kids"},"content":{"rendered":"<p>Rucsacul adidas este ideal pentru cei mai mici lupt\u0103tori datorit\u0103 dimensiunii sale!<\/p>\n<p>Material: \u021bes\u0103tur\u0103 de in durabil\u0103 cu \u021bes\u0103tur\u0103 sidefat\u0103.<\/p>\n<p>Dimensiunile sunt de aproximativ <strong>40 x 30 x 5 cm (aprox. 9 L)<\/strong> cu curele reglabile \u0219i m\u00e2ner de transport.<\/p>\n","protected":false},"excerpt":{"rendered":"<p>Rucsacul adidas este ideal pentru cei mai mici lupt\u0103tori datorit\u0103 dimensiunii sale! Material: \u021bes\u0103tur\u0103 de in durabil\u0103 cu \u021bes\u0103tur\u0103 sidefat\u0103.<\/p>\n","protected":false},"featured_media":18715,"comment_status":"open","ping_status":"closed","template":"","meta":[],"product_brand":[],"product_cat":[113,79,95,131,149],"product_tag":[],"class_list":{"0":"post-18731","1":"product","2":"type-product","3":"status-publish","4":"has-post-thumbnail","6":"product_cat-adidas-judo-ro","7":"product_cat-adidas-taekwondo-ro","8":"product_cat-genti","9":"product_cat-genti-ro","10":"product_cat-genti-ro-2","12":"first","13":"instock","14":"shipping-taxable","15":"purchasable","16":"product-type-simple"},"_links":{"self":[{"href":"https:\/\/adidascombat.md\/ro\/wp-json\/wp\/v2\/product\/18731","targetHints":{"allow":["GET"]}}],"collection":[{"href":"https:\/\/adidascombat.md\/ro\/wp-json\/wp\/v2\/product"}],"about":[{"href":"https:\/\/adidascombat.md\/ro\/wp-json\/wp\/v2\/types\/product"}],"replies":[{"embeddable":true,"href":"https:\/\/adidascombat.md\/ro\/wp-json\/wp\/v2\/comments?post=18731"}],"version-history":[{"count":1,"href":"https:\/\/adidascombat.md\/ro\/wp-json\/wp\/v2\/product\/18731\/revisions"}],"predecessor-version":[{"id":18732,"href":"https:\/\/adidascombat.md\/ro\/wp-json\/wp\/v2\/product\/18731\/revisions\/18732"}],"wp:featuredmedia":[{"embeddable":true,"href":"https:\/\/adidascombat.md\/ro\/wp-json\/wp\/v2\/media\/18715"}],"wp:attachment":[{"href":"https:\/\/adidascombat.md\/ro\/wp-json\/wp\/v2\/media?parent=18731"}],"wp:term":[{"taxonomy":"product_brand","embeddable":true,"href":"https:\/\/adidascombat.md\/ro\/wp-json\/wp\/v2\/product_brand?post=18731"},{"taxonomy":"product_cat","embeddable":true,"href":"https:\/\/adidascombat.md\/ro\/wp-json\/wp\/v2\/product_cat?post=18731"},{"taxonomy":"product_tag","embeddable":true,"href":"https:\/\/adidascombat.md\/ro\/wp-json\/wp\/v2\/product_tag?post=18731"}],"curies":[{"name":"wp","href":"https:\/\/api.w.org\/{rel}","templated":true}]}}