{"id":19291,"date":"2024-08-28T15:45:11","date_gmt":"2024-08-28T15:45:11","guid":{"rendered":"https:\/\/adidascombat.md\/product\/adidas-2%d0%b21-%d1%81%d1%83%d0%bc%d0%ba%d0%b0-%d0%b4%d0%bb%d1%8f-%d0%b1%d0%be%d0%b5%d0%b2%d1%8b%d1%85-%d0%b2%d0%b8%d0%b4%d0%be%d0%b2-%d1%81%d0%bf%d0%be%d1%80%d1%82%d0%b0-%d1%87%d0%b5%d1%80%d0%bd\/"},"modified":"2024-08-28T15:49:33","modified_gmt":"2024-08-28T15:49:33","slug":"adidas-2%d0%b21-%d1%81%d1%83%d0%bc%d0%ba%d0%b0-%d0%b4%d0%bb%d1%8f-%d0%b1%d0%be%d0%b5%d0%b2%d1%8b%d1%85-%d0%b2%d0%b8%d0%b4%d0%be%d0%b2-%d1%81%d0%bf%d0%be%d1%80%d1%82%d0%b0-%d1%87%d0%b5%d1%80%d0%bd","status":"publish","type":"product","link":"https:\/\/adidascombat.md\/ro\/Produs\/adidas-2%d0%b21-%d1%81%d1%83%d0%bc%d0%ba%d0%b0-%d0%b4%d0%bb%d1%8f-%d0%b1%d0%be%d0%b5%d0%b2%d1%8b%d1%85-%d0%b2%d0%b8%d0%b4%d0%be%d0%b2-%d1%81%d0%bf%d0%be%d1%80%d1%82%d0%b0-%d1%87%d0%b5%d1%80%d0%bd\/","title":{"rendered":"adidas 2in1 Geant\u0103 Combat Sports negru\/alb PU, adiACC051"},"content":{"rendered":"<p>Gen\u021bile sport din noua colec\u021bie adidas Martial Arts vin \u00eentr-o selec\u021bie larg\u0103 de modele \u0219i dimensiuni, astfel \u00eenc\u00e2t nu numai arti\u0219tii mar\u021biali s\u0103 se bucure de ele. Toate modelele sunt fabricate din materiale extrem de durabile, durabile \u0219i u\u0219or de \u00eentre\u021binut.<\/p>\n<p>Geanta 2 \u00een 1 nu este doar adaptat\u0103 nevoilor arti\u0219tilor mar\u021biali, ci \u0219i deosebit de practic\u0103, deoarece este \u0219i un rucsac. Curelele sunt plasate \u00eentr-o pung\u0103 special\u0103 de protec\u021bie. Ca \u0219i \u00een cazul tuturor modelelor din colec\u021bia actual\u0103, acesta ofer\u0103 un compartiment principal spa\u021bios, cu fermoar mare elegant \u0219i cu \u00eenchidere rapid\u0103. De asemenea, este disponibil un compartiment lateral suplimentar cu buzunar integrat din plas\u0103 pentru depozitarea \u00een siguran\u021b\u0103 a obiectelor mici. Toate compartimentele \u0219i buzunarele sunt echipate cu fermoar.<\/p>\n<p>C\u0103ptu\u0219eala moale de pe cureaua de um\u0103r, m\u00e2nerele de prindere \u0219i curelele asigur\u0103 un confort optim de transport. Modelul este disponibil \u00een dou\u0103 dimensiuni \u0219i dou\u0103 versiuni de design. Poliuretanul extraordinar de robust garanteaz\u0103 o durat\u0103 lung\u0103 de via\u021b\u0103.<\/p>\n<ul>\n<li><code><strong>M\u0103rimea M:<\/strong><\/code> 62 x 31 x 31 cm, capacitate: 50 litri<\/li>\n<li><strong>M\u0103rimea L:<\/strong> 72 x 34 x 34 cm, capacitate: 65 litri<\/li>\n<li>bucl\u0103 practic\u0103 pentru ag\u0103\u021bat<\/li>\n<\/ul>\n","protected":false},"excerpt":{"rendered":"<p>Gen\u021bile sport din noua colec\u021bie adidas Martial Arts vin \u00eentr-o selec\u021bie larg\u0103 de modele \u0219i dimensiuni, astfel \u00eenc\u00e2t nu numai<\/p>\n","protected":false},"featured_media":30872,"comment_status":"open","ping_status":"closed","template":"","meta":[],"product_brand":[],"product_cat":[517,113,137,757,79,95,131,149,537,774],"product_tag":[],"class_list":{"0":"post-19291","1":"product","2":"type-product","3":"status-publish","4":"has-post-thumbnail","6":"product_cat-adidas-box-ro","7":"product_cat-adidas-judo-ro","8":"product_cat-adidas-karate-ro","9":"product_cat-adidas-kickbox-ro","10":"product_cat-adidas-taekwondo-ro","11":"product_cat-genti","12":"product_cat-genti-ro","13":"product_cat-genti-ro-2","14":"product_cat-genti-ro-4","15":"product_cat-genti-ro-5","17":"first","18":"instock","19":"shipping-taxable","20":"purchasable","21":"product-type-variable"},"_links":{"self":[{"href":"https:\/\/adidascombat.md\/ro\/wp-json\/wp\/v2\/product\/19291","targetHints":{"allow":["GET"]}}],"collection":[{"href":"https:\/\/adidascombat.md\/ro\/wp-json\/wp\/v2\/product"}],"about":[{"href":"https:\/\/adidascombat.md\/ro\/wp-json\/wp\/v2\/types\/product"}],"replies":[{"embeddable":true,"href":"https:\/\/adidascombat.md\/ro\/wp-json\/wp\/v2\/comments?post=19291"}],"version-history":[{"count":1,"href":"https:\/\/adidascombat.md\/ro\/wp-json\/wp\/v2\/product\/19291\/revisions"}],"predecessor-version":[{"id":19295,"href":"https:\/\/adidascombat.md\/ro\/wp-json\/wp\/v2\/product\/19291\/revisions\/19295"}],"wp:featuredmedia":[{"embeddable":true,"href":"https:\/\/adidascombat.md\/ro\/wp-json\/wp\/v2\/media\/30872"}],"wp:attachment":[{"href":"https:\/\/adidascombat.md\/ro\/wp-json\/wp\/v2\/media?parent=19291"}],"wp:term":[{"taxonomy":"product_brand","embeddable":true,"href":"https:\/\/adidascombat.md\/ro\/wp-json\/wp\/v2\/product_brand?post=19291"},{"taxonomy":"product_cat","embeddable":true,"href":"https:\/\/adidascombat.md\/ro\/wp-json\/wp\/v2\/product_cat?post=19291"},{"taxonomy":"product_tag","embeddable":true,"href":"https:\/\/adidascombat.md\/ro\/wp-json\/wp\/v2\/product_tag?post=19291"}],"curies":[{"name":"wp","href":"https:\/\/api.w.org\/{rel}","templated":true}]}}