{"id":19320,"date":"2024-08-28T15:58:11","date_gmt":"2024-08-28T15:58:11","guid":{"rendered":"https:\/\/adidascombat.md\/product\/adidas-trolley-judo-%d1%87%d0%b5%d1%80%d0%bd%d1%8b%d0%b9-%d0%b1%d0%b5%d0%bb%d1%8b%d0%b9-%d0%bd%d0%b5%d0%b9%d0%bb%d0%be%d0%bd-adiacc057j\/"},"modified":"2024-08-28T16:01:46","modified_gmt":"2024-08-28T16:01:46","slug":"adidas-trolley-judo-%d1%87%d0%b5%d1%80%d0%bd%d1%8b%d0%b9-%d0%b1%d0%b5%d0%bb%d1%8b%d0%b9-%d0%bd%d0%b5%d0%b9%d0%bb%d0%be%d0%bd-adiacc057j","status":"publish","type":"product","link":"https:\/\/adidascombat.md\/ro\/Produs\/adidas-trolley-judo-%d1%87%d0%b5%d1%80%d0%bd%d1%8b%d0%b9-%d0%b1%d0%b5%d0%bb%d1%8b%d0%b9-%d0%bd%d0%b5%d0%b9%d0%bb%d0%be%d0%bd-adiacc057j\/","title":{"rendered":"adidas Trolley Judo nailon negru\/alb, adiACC057J"},"content":{"rendered":"<div class=\"product-detail-description-text\">\n<div class=\"product-detail-description-text\">\n<p>\u00a0Gen\u021bile sport din noua colec\u021bie adidas Martial Arts vin \u00eentr-o selec\u021bie larg\u0103 de modele \u0219i dimensiuni, astfel \u00eenc\u00e2t nu numai arti\u0219tii mar\u021biali s\u0103 se bucure de ele. Toate modelele sunt fabricate din materiale extrem de durabile, durabile \u0219i u\u0219or de \u00eentre\u021binut.<\/p>\n<p>Geanta este adaptat\u0103 cu precizie nevoilor arti\u0219tilor mar\u021biali. Ca \u0219i \u00een cazul tuturor modelelor din colec\u021bia actual\u0103, acesta ofer\u0103 un compartiment principal spa\u021bios, cu fermoar mare elegant \u0219i cu \u00eenchidere rapid\u0103. De asemenea, este disponibil un compartiment lateral suplimentar cu buzunar integrat din plas\u0103 pentru depozitarea \u00een siguran\u021b\u0103 a obiectelor mici. Toate compartimentele \u0219i buzunarele sunt echipate cu fermoar.<\/p>\n<p>C\u0103ptu\u0219eala moale de pe cureaua de um\u0103r \u0219i m\u00e2nere asigur\u0103 un confort optim de transport. Modelul este disponibil \u00een cinci versiuni de design. Poliesterul extraordinar de robust (600D) garanteaz\u0103 o durat\u0103 lung\u0103 de via\u021b\u0103.<\/p>\n<ul>\n<li><strong>Dimensiuni: <\/strong>80x40x37 cm, 120 litri<\/li>\n<li>Curea de tensionare \u00een compartimentul principal pentru ancorare sigur\u0103<\/li>\n<li>Form\u0103 de baz\u0103 rigid\u0103 \u0219i \u00eent\u0103rit\u0103, cu ro\u021bi \u00eencorporate stabil<\/li>\n<li>M\u00e2ner extensibil<\/li>\n<li>Poliester 600D<\/li>\n<\/ul>\n<\/div>\n<div class=\"product-detail-properties\">\n<div class=\"row product-detail-properties-container\">\n<div class=\"col-md-10 col-lg-6\"><\/div>\n<\/div>\n<\/div>\n<\/div>\n<div class=\"product-detail-properties\">\n<div class=\"row product-detail-properties-container\">\n<div class=\"col-md-10 col-lg-6\"><\/div>\n<\/div>\n<\/div>\n","protected":false},"excerpt":{"rendered":"<p>\u00a0Gen\u021bile sport din noua colec\u021bie adidas Martial Arts vin \u00eentr-o selec\u021bie larg\u0103 de modele \u0219i dimensiuni, astfel \u00eenc\u00e2t nu numai<\/p>\n","protected":false},"featured_media":19298,"comment_status":"open","ping_status":"closed","template":"","meta":[],"product_brand":[],"product_cat":[113,131],"product_tag":[],"class_list":{"0":"post-19320","1":"product","2":"type-product","3":"status-publish","4":"has-post-thumbnail","6":"product_cat-adidas-judo-ro","7":"product_cat-genti-ro","9":"first","10":"instock","11":"shipping-taxable","12":"purchasable","13":"product-type-simple"},"_links":{"self":[{"href":"https:\/\/adidascombat.md\/ro\/wp-json\/wp\/v2\/product\/19320","targetHints":{"allow":["GET"]}}],"collection":[{"href":"https:\/\/adidascombat.md\/ro\/wp-json\/wp\/v2\/product"}],"about":[{"href":"https:\/\/adidascombat.md\/ro\/wp-json\/wp\/v2\/types\/product"}],"replies":[{"embeddable":true,"href":"https:\/\/adidascombat.md\/ro\/wp-json\/wp\/v2\/comments?post=19320"}],"version-history":[{"count":2,"href":"https:\/\/adidascombat.md\/ro\/wp-json\/wp\/v2\/product\/19320\/revisions"}],"predecessor-version":[{"id":19322,"href":"https:\/\/adidascombat.md\/ro\/wp-json\/wp\/v2\/product\/19320\/revisions\/19322"}],"wp:featuredmedia":[{"embeddable":true,"href":"https:\/\/adidascombat.md\/ro\/wp-json\/wp\/v2\/media\/19298"}],"wp:attachment":[{"href":"https:\/\/adidascombat.md\/ro\/wp-json\/wp\/v2\/media?parent=19320"}],"wp:term":[{"taxonomy":"product_brand","embeddable":true,"href":"https:\/\/adidascombat.md\/ro\/wp-json\/wp\/v2\/product_brand?post=19320"},{"taxonomy":"product_cat","embeddable":true,"href":"https:\/\/adidascombat.md\/ro\/wp-json\/wp\/v2\/product_cat?post=19320"},{"taxonomy":"product_tag","embeddable":true,"href":"https:\/\/adidascombat.md\/ro\/wp-json\/wp\/v2\/product_tag?post=19320"}],"curies":[{"name":"wp","href":"https:\/\/api.w.org\/{rel}","templated":true}]}}