{"id":19666,"date":"2024-09-05T08:14:17","date_gmt":"2024-09-05T08:14:17","guid":{"rendered":"https:\/\/adidascombat.md\/product\/adidas-judo-community-line-%d1%84%d1%83%d1%82%d0%b1%d0%be%d0%bb%d0%ba%d0%b0-circle-%d1%87%d0%b5%d1%80%d0%bd%d1%8b%d0%b9-%d0%b1%d0%b5%d0%bb%d1%8b%d0%b9\/"},"modified":"2024-09-05T08:15:29","modified_gmt":"2024-09-05T08:15:29","slug":"adidas-judo-community-line-%d1%84%d1%83%d1%82%d0%b1%d0%be%d0%bb%d0%ba%d0%b0-circle-%d1%87%d0%b5%d1%80%d0%bd%d1%8b%d0%b9-%d0%b1%d0%b5%d0%bb%d1%8b%d0%b9","status":"publish","type":"product","link":"https:\/\/adidascombat.md\/ro\/Produs\/adidas-judo-community-line-%d1%84%d1%83%d1%82%d0%b1%d0%be%d0%bb%d0%ba%d0%b0-circle-%d1%87%d0%b5%d1%80%d0%bd%d1%8b%d0%b9-%d0%b1%d0%b5%d0%bb%d1%8b%d0%b9\/","title":{"rendered":"adidas Tricou Judo Community Line \u201eCircle\u201d negru\/alb"},"content":{"rendered":"<p>Tricou adidas Community Judo: Cu croial\u0103 sportiv\u0103 sub\u021bire, design cool \u0219i aspect rotund adidas atr\u0103g\u0103tor, acesta este noul tricou adidas Community.<\/p>\n<p>Fie pentru antrenament sau \u00een timpul liber, vei face \u00eentotdeauna o figur\u0103 frumoas\u0103 \u00een acest tricou!<\/p>\n<p>Logo-ul adidas Performance de pe partea superioar\u0103 a bra\u021bului confer\u0103 c\u0103m\u0103\u0219ii o not\u0103 \u0219i mai nobil\u0103!<\/p>\n<p>Material: 100 % bumbac<\/p>\n","protected":false},"excerpt":{"rendered":"<p>Tricou adidas Community Judo: Cu croial\u0103 sportiv\u0103 sub\u021bire, design cool \u0219i aspect rotund adidas atr\u0103g\u0103tor, acesta este noul tricou adidas<\/p>\n","protected":false},"featured_media":19660,"comment_status":"open","ping_status":"closed","template":"","meta":[],"product_brand":[],"product_cat":[113,129],"product_tag":[],"class_list":{"0":"post-19666","1":"product","2":"type-product","3":"status-publish","4":"has-post-thumbnail","6":"product_cat-adidas-judo-ro","7":"product_cat-imbracaminte-casual-ro","9":"first","10":"instock","11":"shipping-taxable","12":"purchasable","13":"product-type-variable"},"_links":{"self":[{"href":"https:\/\/adidascombat.md\/ro\/wp-json\/wp\/v2\/product\/19666","targetHints":{"allow":["GET"]}}],"collection":[{"href":"https:\/\/adidascombat.md\/ro\/wp-json\/wp\/v2\/product"}],"about":[{"href":"https:\/\/adidascombat.md\/ro\/wp-json\/wp\/v2\/types\/product"}],"replies":[{"embeddable":true,"href":"https:\/\/adidascombat.md\/ro\/wp-json\/wp\/v2\/comments?post=19666"}],"version-history":[{"count":1,"href":"https:\/\/adidascombat.md\/ro\/wp-json\/wp\/v2\/product\/19666\/revisions"}],"predecessor-version":[{"id":19673,"href":"https:\/\/adidascombat.md\/ro\/wp-json\/wp\/v2\/product\/19666\/revisions\/19673"}],"wp:featuredmedia":[{"embeddable":true,"href":"https:\/\/adidascombat.md\/ro\/wp-json\/wp\/v2\/media\/19660"}],"wp:attachment":[{"href":"https:\/\/adidascombat.md\/ro\/wp-json\/wp\/v2\/media?parent=19666"}],"wp:term":[{"taxonomy":"product_brand","embeddable":true,"href":"https:\/\/adidascombat.md\/ro\/wp-json\/wp\/v2\/product_brand?post=19666"},{"taxonomy":"product_cat","embeddable":true,"href":"https:\/\/adidascombat.md\/ro\/wp-json\/wp\/v2\/product_cat?post=19666"},{"taxonomy":"product_tag","embeddable":true,"href":"https:\/\/adidascombat.md\/ro\/wp-json\/wp\/v2\/product_tag?post=19666"}],"curies":[{"name":"wp","href":"https:\/\/api.w.org\/{rel}","templated":true}]}}