{"id":19841,"date":"2024-09-10T16:59:06","date_gmt":"2024-09-10T16:59:06","guid":{"rendered":"https:\/\/adidascombat.md\/product\/%d1%84%d1%83%d1%82%d0%b1%d0%be%d0%bb%d0%ba%d0%b0-adidas-badge-of-sport-%d0%b4%d0%bb%d1%8f-%d0%b4%d0%b7%d1%8e%d0%b4%d0%be-%d1%87%d0%b5%d1%80%d0%bd%d0%b0%d1%8f-adiclts20j\/"},"modified":"2024-09-10T17:01:05","modified_gmt":"2024-09-10T17:01:05","slug":"%d1%84%d1%83%d1%82%d0%b1%d0%be%d0%bb%d0%ba%d0%b0-adidas-badge-of-sport-%d0%b4%d0%bb%d1%8f-%d0%b4%d0%b7%d1%8e%d0%b4%d0%be-%d1%87%d0%b5%d1%80%d0%bd%d0%b0%d1%8f-adiclts20j","status":"publish","type":"product","link":"https:\/\/adidascombat.md\/ro\/Produs\/%d1%84%d1%83%d1%82%d0%b1%d0%be%d0%bb%d0%ba%d0%b0-adidas-badge-of-sport-%d0%b4%d0%bb%d1%8f-%d0%b4%d0%b7%d1%8e%d0%b4%d0%be-%d1%87%d0%b5%d1%80%d0%bd%d0%b0%d1%8f-adiclts20j\/","title":{"rendered":"Tricou adidas Badge of Sport judo negru adiCLTS20J"},"content":{"rendered":"<p>Tricou adidas Badge of Sport Judo: potrivire excelent\u0103, design cool \u0219i un aspect superb adidas cu sportul inclus \u00een logo, acesta este noul tricou adidas. Fie c\u0103 este vorba de antrenament sau de timp liber, vei ar\u0103ta mereu bine \u00een acest tricou!<\/p>\n<p>&#8211;\u00a0 Material: 100% bumbac.<br \/>\n&#8211;\u00a0 Culoare: negru cu imprimeu.<br \/>\n&#8211;\u00a0 Marimi: 152-XL<\/p>\n","protected":false},"excerpt":{"rendered":"<p>Tricou adidas Badge of Sport Judo: potrivire excelent\u0103, design cool \u0219i un aspect superb adidas cu sportul inclus \u00een logo,<\/p>\n","protected":false},"featured_media":19839,"comment_status":"open","ping_status":"closed","template":"","meta":[],"product_brand":[],"product_cat":[113,129],"product_tag":[],"class_list":{"0":"post-19841","1":"product","2":"type-product","3":"status-publish","4":"has-post-thumbnail","6":"product_cat-adidas-judo-ro","7":"product_cat-imbracaminte-casual-ro","9":"first","10":"instock","11":"shipping-taxable","12":"purchasable","13":"product-type-variable"},"_links":{"self":[{"href":"https:\/\/adidascombat.md\/ro\/wp-json\/wp\/v2\/product\/19841","targetHints":{"allow":["GET"]}}],"collection":[{"href":"https:\/\/adidascombat.md\/ro\/wp-json\/wp\/v2\/product"}],"about":[{"href":"https:\/\/adidascombat.md\/ro\/wp-json\/wp\/v2\/types\/product"}],"replies":[{"embeddable":true,"href":"https:\/\/adidascombat.md\/ro\/wp-json\/wp\/v2\/comments?post=19841"}],"version-history":[{"count":1,"href":"https:\/\/adidascombat.md\/ro\/wp-json\/wp\/v2\/product\/19841\/revisions"}],"predecessor-version":[{"id":19849,"href":"https:\/\/adidascombat.md\/ro\/wp-json\/wp\/v2\/product\/19841\/revisions\/19849"}],"wp:featuredmedia":[{"embeddable":true,"href":"https:\/\/adidascombat.md\/ro\/wp-json\/wp\/v2\/media\/19839"}],"wp:attachment":[{"href":"https:\/\/adidascombat.md\/ro\/wp-json\/wp\/v2\/media?parent=19841"}],"wp:term":[{"taxonomy":"product_brand","embeddable":true,"href":"https:\/\/adidascombat.md\/ro\/wp-json\/wp\/v2\/product_brand?post=19841"},{"taxonomy":"product_cat","embeddable":true,"href":"https:\/\/adidascombat.md\/ro\/wp-json\/wp\/v2\/product_cat?post=19841"},{"taxonomy":"product_tag","embeddable":true,"href":"https:\/\/adidascombat.md\/ro\/wp-json\/wp\/v2\/product_tag?post=19841"}],"curies":[{"name":"wp","href":"https:\/\/api.w.org\/{rel}","templated":true}]}}