{"id":19871,"date":"2024-09-10T17:07:52","date_gmt":"2024-09-10T17:07:52","guid":{"rendered":"https:\/\/adidascombat.md\/product\/%d1%84%d1%83%d1%82%d0%b1%d0%be%d0%bb%d0%ba%d0%b0-adidas-badge-of-sport-%d0%b4%d0%bb%d1%8f-%d0%b4%d0%b7%d1%8e%d0%b4%d0%be-%d0%b1%d0%b5%d0%bb%d0%b0%d1%8f-adiclts20j\/"},"modified":"2024-09-10T17:10:39","modified_gmt":"2024-09-10T17:10:39","slug":"%d1%84%d1%83%d1%82%d0%b1%d0%be%d0%bb%d0%ba%d0%b0-adidas-badge-of-sport-%d0%b4%d0%bb%d1%8f-%d0%b4%d0%b7%d1%8e%d0%b4%d0%be-%d0%b1%d0%b5%d0%bb%d0%b0%d1%8f-adiclts20j","status":"publish","type":"product","link":"https:\/\/adidascombat.md\/ro\/Produs\/%d1%84%d1%83%d1%82%d0%b1%d0%be%d0%bb%d0%ba%d0%b0-adidas-badge-of-sport-%d0%b4%d0%bb%d1%8f-%d0%b4%d0%b7%d1%8e%d0%b4%d0%be-%d0%b1%d0%b5%d0%bb%d0%b0%d1%8f-adiclts20j\/","title":{"rendered":"Tricou adidas Badge of Sport judo alb adiCLTS20J"},"content":{"rendered":"<div id=\"tab-description\" class=\"entry-content woocommerce-Tabs-panel woocommerce-Tabs-panel--description wd-active panel wc-tab\" role=\"tabpanel\" aria-labelledby=\"tab-title-description\" data-accordion-index=\"description\">\n<div class=\"wc-tab-inner\">\n<p>Tricou adidas Badge of Sport Judo: potrivire excelent\u0103, design cool \u0219i un aspect superb adidas cu sportul inclus \u00een logo, acesta este noul tricou adidas. Fie c\u0103 este vorba de antrenament sau de timp liber, vei ar\u0103ta mereu bine \u00een acest tricou!<\/p>\n<p>\u2013\u00a0 Material: 100% bumbac.<br \/>\n\u2013\u00a0 Culoare: alb cu imprimeu.<br \/>\n\u2013\u00a0 Marimi: 152-XL<\/p>\n<\/div>\n<\/div>\n","protected":false},"excerpt":{"rendered":"<p>Tricou adidas Badge of Sport Judo: potrivire excelent\u0103, design cool \u0219i un aspect superb adidas cu sportul inclus \u00een logo,<\/p>\n","protected":false},"featured_media":19869,"comment_status":"open","ping_status":"closed","template":"","meta":[],"product_brand":[],"product_cat":[113,129],"product_tag":[],"class_list":{"0":"post-19871","1":"product","2":"type-product","3":"status-publish","4":"has-post-thumbnail","6":"product_cat-adidas-judo-ro","7":"product_cat-imbracaminte-casual-ro","9":"first","10":"instock","11":"shipping-taxable","12":"purchasable","13":"product-type-variable"},"_links":{"self":[{"href":"https:\/\/adidascombat.md\/ro\/wp-json\/wp\/v2\/product\/19871","targetHints":{"allow":["GET"]}}],"collection":[{"href":"https:\/\/adidascombat.md\/ro\/wp-json\/wp\/v2\/product"}],"about":[{"href":"https:\/\/adidascombat.md\/ro\/wp-json\/wp\/v2\/types\/product"}],"replies":[{"embeddable":true,"href":"https:\/\/adidascombat.md\/ro\/wp-json\/wp\/v2\/comments?post=19871"}],"version-history":[{"count":2,"href":"https:\/\/adidascombat.md\/ro\/wp-json\/wp\/v2\/product\/19871\/revisions"}],"predecessor-version":[{"id":19878,"href":"https:\/\/adidascombat.md\/ro\/wp-json\/wp\/v2\/product\/19871\/revisions\/19878"}],"wp:featuredmedia":[{"embeddable":true,"href":"https:\/\/adidascombat.md\/ro\/wp-json\/wp\/v2\/media\/19869"}],"wp:attachment":[{"href":"https:\/\/adidascombat.md\/ro\/wp-json\/wp\/v2\/media?parent=19871"}],"wp:term":[{"taxonomy":"product_brand","embeddable":true,"href":"https:\/\/adidascombat.md\/ro\/wp-json\/wp\/v2\/product_brand?post=19871"},{"taxonomy":"product_cat","embeddable":true,"href":"https:\/\/adidascombat.md\/ro\/wp-json\/wp\/v2\/product_cat?post=19871"},{"taxonomy":"product_tag","embeddable":true,"href":"https:\/\/adidascombat.md\/ro\/wp-json\/wp\/v2\/product_tag?post=19871"}],"curies":[{"name":"wp","href":"https:\/\/api.w.org\/{rel}","templated":true}]}}