{"id":19895,"date":"2024-09-10T17:18:59","date_gmt":"2024-09-10T17:18:59","guid":{"rendered":"https:\/\/adidascombat.md\/product\/%d1%84%d1%83%d1%82%d0%b1%d0%be%d0%bb%d0%ba%d0%b0-adidas-community-22-judo-%d0%ba%d1%80%d0%b0%d1%81%d0%bd%d0%b0%d1%8f-adiclts21v-j\/"},"modified":"2024-09-10T17:22:20","modified_gmt":"2024-09-10T17:22:20","slug":"%d1%84%d1%83%d1%82%d0%b1%d0%be%d0%bb%d0%ba%d0%b0-adidas-community-22-judo-%d0%ba%d1%80%d0%b0%d1%81%d0%bd%d0%b0%d1%8f-adiclts21v-j","status":"publish","type":"product","link":"https:\/\/adidascombat.md\/ro\/Produs\/%d1%84%d1%83%d1%82%d0%b1%d0%be%d0%bb%d0%ba%d0%b0-adidas-community-22-judo-%d0%ba%d1%80%d0%b0%d1%81%d0%bd%d0%b0%d1%8f-adiclts21v-j\/","title":{"rendered":"Tricou adidas Community 22 Judo rosu, adiCLTS21V-J"},"content":{"rendered":"<p>Potrivire excelent\u0103, design cool \u0219i un aspect grozav de la Adidas cu un logo Sport tratat &#8211; noul tricou Adidas. Fie c\u0103 este vorba de antrenament sau de timp liber, vei ar\u0103ta mereu grozav \u00een acest tricou!<\/p>\n<p>Noul design \u0219i noile culori vor oferi antrenamentelor dvs. aspectul potrivit.<\/p>\n<ul>\n<li>\u00a0Material: 100% bumbac.<\/li>\n<li>Culoare: Ro\u0219u cu imprimeu.<\/li>\n<li>Marimi: S-XL<\/li>\n<\/ul>\n","protected":false},"excerpt":{"rendered":"<p>Potrivire excelent\u0103, design cool \u0219i un aspect grozav de la Adidas cu un logo Sport tratat &#8211; noul tricou Adidas.<\/p>\n","protected":false},"featured_media":19886,"comment_status":"open","ping_status":"closed","template":"","meta":[],"product_brand":[],"product_cat":[113,129],"product_tag":[],"class_list":{"0":"post-19895","1":"product","2":"type-product","3":"status-publish","4":"has-post-thumbnail","6":"product_cat-adidas-judo-ro","7":"product_cat-imbracaminte-casual-ro","9":"first","10":"instock","11":"shipping-taxable","12":"purchasable","13":"product-type-variable"},"_links":{"self":[{"href":"https:\/\/adidascombat.md\/ro\/wp-json\/wp\/v2\/product\/19895","targetHints":{"allow":["GET"]}}],"collection":[{"href":"https:\/\/adidascombat.md\/ro\/wp-json\/wp\/v2\/product"}],"about":[{"href":"https:\/\/adidascombat.md\/ro\/wp-json\/wp\/v2\/types\/product"}],"replies":[{"embeddable":true,"href":"https:\/\/adidascombat.md\/ro\/wp-json\/wp\/v2\/comments?post=19895"}],"version-history":[{"count":2,"href":"https:\/\/adidascombat.md\/ro\/wp-json\/wp\/v2\/product\/19895\/revisions"}],"predecessor-version":[{"id":19902,"href":"https:\/\/adidascombat.md\/ro\/wp-json\/wp\/v2\/product\/19895\/revisions\/19902"}],"wp:featuredmedia":[{"embeddable":true,"href":"https:\/\/adidascombat.md\/ro\/wp-json\/wp\/v2\/media\/19886"}],"wp:attachment":[{"href":"https:\/\/adidascombat.md\/ro\/wp-json\/wp\/v2\/media?parent=19895"}],"wp:term":[{"taxonomy":"product_brand","embeddable":true,"href":"https:\/\/adidascombat.md\/ro\/wp-json\/wp\/v2\/product_brand?post=19895"},{"taxonomy":"product_cat","embeddable":true,"href":"https:\/\/adidascombat.md\/ro\/wp-json\/wp\/v2\/product_cat?post=19895"},{"taxonomy":"product_tag","embeddable":true,"href":"https:\/\/adidascombat.md\/ro\/wp-json\/wp\/v2\/product_tag?post=19895"}],"curies":[{"name":"wp","href":"https:\/\/api.w.org\/{rel}","templated":true}]}}