{"id":19923,"date":"2024-09-10T17:34:01","date_gmt":"2024-09-10T17:34:01","guid":{"rendered":"https:\/\/adidascombat.md\/product\/%d1%84%d1%83%d1%82%d0%b1%d0%be%d0%bb%d0%ba%d0%b0-adidas-community-22-judo-%d1%87%d0%b5%d1%80%d0%bd%d0%b0%d1%8f-adiclts21v-j\/"},"modified":"2024-09-10T18:09:54","modified_gmt":"2024-09-10T18:09:54","slug":"%d1%84%d1%83%d1%82%d0%b1%d0%be%d0%bb%d0%ba%d0%b0-adidas-community-22-judo-%d1%87%d0%b5%d1%80%d0%bd%d0%b0%d1%8f-adiclts21v-j","status":"publish","type":"product","link":"https:\/\/adidascombat.md\/ro\/Produs\/%d1%84%d1%83%d1%82%d0%b1%d0%be%d0%bb%d0%ba%d0%b0-adidas-community-22-judo-%d1%87%d0%b5%d1%80%d0%bd%d0%b0%d1%8f-adiclts21v-j\/","title":{"rendered":"Tricou adidas Community 22 Judo negru, adiCLTS21V-J"},"content":{"rendered":"<div id=\"tab-description\" class=\"entry-content woocommerce-Tabs-panel woocommerce-Tabs-panel--description wd-active panel wc-tab\" role=\"tabpanel\" aria-labelledby=\"tab-title-description\" data-accordion-index=\"description\">\n<div class=\"wc-tab-inner\">\n<p>Potrivire excelent\u0103, design cool \u0219i un aspect grozav de la Adidas cu un logo Sport tratat \u2013 noul tricou Adidas. Fie c\u0103 este vorba de antrenament sau de timp liber, vei ar\u0103ta mereu grozav \u00een acest tricou!<\/p>\n<p>Noul design \u0219i noile culori vor oferi antrenamentelor dvs. aspectul potrivit.<\/p>\n<ul>\n<li>\u00a0Material: 100% bumbac.<\/li>\n<li>Culoare: Negru cu imprimeu.<\/li>\n<li>Marimi: S-XL<\/li>\n<\/ul>\n<\/div>\n<\/div>\n","protected":false},"excerpt":{"rendered":"<p>Potrivire excelent\u0103, design cool \u0219i un aspect grozav de la Adidas cu un logo Sport tratat \u2013 noul tricou Adidas.<\/p>\n","protected":false},"featured_media":19911,"comment_status":"open","ping_status":"closed","template":"","meta":[],"product_brand":[],"product_cat":[113,129],"product_tag":[],"class_list":{"0":"post-19923","1":"product","2":"type-product","3":"status-publish","4":"has-post-thumbnail","6":"product_cat-adidas-judo-ro","7":"product_cat-imbracaminte-casual-ro","9":"first","10":"instock","11":"shipping-taxable","12":"purchasable","13":"product-type-variable"},"_links":{"self":[{"href":"https:\/\/adidascombat.md\/ro\/wp-json\/wp\/v2\/product\/19923","targetHints":{"allow":["GET"]}}],"collection":[{"href":"https:\/\/adidascombat.md\/ro\/wp-json\/wp\/v2\/product"}],"about":[{"href":"https:\/\/adidascombat.md\/ro\/wp-json\/wp\/v2\/types\/product"}],"replies":[{"embeddable":true,"href":"https:\/\/adidascombat.md\/ro\/wp-json\/wp\/v2\/comments?post=19923"}],"version-history":[{"count":2,"href":"https:\/\/adidascombat.md\/ro\/wp-json\/wp\/v2\/product\/19923\/revisions"}],"predecessor-version":[{"id":19930,"href":"https:\/\/adidascombat.md\/ro\/wp-json\/wp\/v2\/product\/19923\/revisions\/19930"}],"wp:featuredmedia":[{"embeddable":true,"href":"https:\/\/adidascombat.md\/ro\/wp-json\/wp\/v2\/media\/19911"}],"wp:attachment":[{"href":"https:\/\/adidascombat.md\/ro\/wp-json\/wp\/v2\/media?parent=19923"}],"wp:term":[{"taxonomy":"product_brand","embeddable":true,"href":"https:\/\/adidascombat.md\/ro\/wp-json\/wp\/v2\/product_brand?post=19923"},{"taxonomy":"product_cat","embeddable":true,"href":"https:\/\/adidascombat.md\/ro\/wp-json\/wp\/v2\/product_cat?post=19923"},{"taxonomy":"product_tag","embeddable":true,"href":"https:\/\/adidascombat.md\/ro\/wp-json\/wp\/v2\/product_tag?post=19923"}],"curies":[{"name":"wp","href":"https:\/\/api.w.org\/{rel}","templated":true}]}}