{"id":19955,"date":"2024-09-20T11:08:29","date_gmt":"2024-09-20T11:08:29","guid":{"rendered":"https:\/\/adidascombat.md\/product\/stand-up-bag-waterbag-v2-black\/"},"modified":"2024-09-20T11:12:12","modified_gmt":"2024-09-20T11:12:12","slug":"stand-up-bag-waterbag-v2-black","status":"publish","type":"product","link":"https:\/\/adidascombat.md\/ro\/Produs\/stand-up-bag-waterbag-v2-black\/","title":{"rendered":"Stand-up Bag Waterbag V2 black"},"content":{"rendered":"<p>O geant\u0103 \u00een picioare pentru antrenarea pumnilor. Baza modelului cutiei poate fi umplut\u0103 cu ap\u0103 sau nisip. Ventuzele \u021bin punga \u00een pozi\u021bie. Ideal pentru copii \u0219i adolescen\u021bi.<\/p>\n<p>Nu trebuie s\u0103 \u00eenchide\u021bi un sac de nisip \u0219i pute\u021bi \u00eencepe antrenamentul imediat.<\/p>\n<p>Dimensiuni:<br \/>\nStand: inaltime: 80 cm, diametru 53 cm, Greutate: in functie de umplutura<br \/>\nSuprafata de joc: inaltime: 100 cm, diametru 32 cm, Greutate aprox. 9 kg<\/p>\n","protected":false},"excerpt":{"rendered":"<p>O geant\u0103 \u00een picioare pentru antrenarea pumnilor. Baza modelului cutiei poate fi umplut\u0103 cu ap\u0103 sau nisip. Ventuzele \u021bin punga<\/p>\n","protected":false},"featured_media":19947,"comment_status":"open","ping_status":"closed","template":"","meta":[],"product_brand":[],"product_cat":[517,79,81,539],"product_tag":[],"class_list":{"0":"post-19955","1":"product","2":"type-product","3":"status-publish","4":"has-post-thumbnail","6":"product_cat-adidas-box-ro","7":"product_cat-adidas-taekwondo-ro","8":"product_cat-manechine-si-saci-de-box","9":"product_cat-saci-ro-4","11":"first","12":"instock","13":"shipping-taxable","14":"purchasable","15":"product-type-simple"},"_links":{"self":[{"href":"https:\/\/adidascombat.md\/ro\/wp-json\/wp\/v2\/product\/19955","targetHints":{"allow":["GET"]}}],"collection":[{"href":"https:\/\/adidascombat.md\/ro\/wp-json\/wp\/v2\/product"}],"about":[{"href":"https:\/\/adidascombat.md\/ro\/wp-json\/wp\/v2\/types\/product"}],"replies":[{"embeddable":true,"href":"https:\/\/adidascombat.md\/ro\/wp-json\/wp\/v2\/comments?post=19955"}],"version-history":[{"count":1,"href":"https:\/\/adidascombat.md\/ro\/wp-json\/wp\/v2\/product\/19955\/revisions"}],"predecessor-version":[{"id":19956,"href":"https:\/\/adidascombat.md\/ro\/wp-json\/wp\/v2\/product\/19955\/revisions\/19956"}],"wp:featuredmedia":[{"embeddable":true,"href":"https:\/\/adidascombat.md\/ro\/wp-json\/wp\/v2\/media\/19947"}],"wp:attachment":[{"href":"https:\/\/adidascombat.md\/ro\/wp-json\/wp\/v2\/media?parent=19955"}],"wp:term":[{"taxonomy":"product_brand","embeddable":true,"href":"https:\/\/adidascombat.md\/ro\/wp-json\/wp\/v2\/product_brand?post=19955"},{"taxonomy":"product_cat","embeddable":true,"href":"https:\/\/adidascombat.md\/ro\/wp-json\/wp\/v2\/product_cat?post=19955"},{"taxonomy":"product_tag","embeddable":true,"href":"https:\/\/adidascombat.md\/ro\/wp-json\/wp\/v2\/product_tag?post=19955"}],"curies":[{"name":"wp","href":"https:\/\/api.w.org\/{rel}","templated":true}]}}