{"id":19962,"date":"2024-09-20T11:17:09","date_gmt":"2024-09-20T11:17:09","guid":{"rendered":"https:\/\/adidascombat.md\/product\/standsack-waterbag-dummy\/"},"modified":"2024-09-20T11:30:56","modified_gmt":"2024-09-20T11:30:56","slug":"standsack-waterbag-dummy","status":"publish","type":"product","link":"https:\/\/adidascombat.md\/ro\/Produs\/standsack-waterbag-dummy\/","title":{"rendered":"Standsack Waterbag Dummy"},"content":{"rendered":"<p>Datorit\u0103 \u00een\u0103l\u021bimii reglabile, manechinul cu stand-box este instrumentul optim de antrenament.<\/p>\n<p>Spuma superioar\u0103 seam\u0103n\u0103 anatomic cu o form\u0103 uman\u0103 \u0219i, prin urmare, ofer\u0103 un antrenament realist. Baza modelului cutiei poate fi umplut\u0103 cu ap\u0103 sau nisip.<\/p>\n<p>Blat din spum\u0103 cu form\u0103 anatomic\u0103<br \/>\n\u00cen\u0103l\u021bime reglabil\u0103<br \/>\nGreutate: gol aproximativ 6,5 kg, umplut cu ap\u0103 105 kg, umplut cu nisip 125 kg<\/p>\n","protected":false},"excerpt":{"rendered":"<p>Datorit\u0103 \u00een\u0103l\u021bimii reglabile, manechinul cu stand-box este instrumentul optim de antrenament. Spuma superioar\u0103 seam\u0103n\u0103 anatomic cu o form\u0103 uman\u0103 \u0219i,<\/p>\n","protected":false},"featured_media":19960,"comment_status":"open","ping_status":"closed","template":"","meta":[],"product_brand":[],"product_cat":[517,79,81,539],"product_tag":[],"class_list":{"0":"post-19962","1":"product","2":"type-product","3":"status-publish","4":"has-post-thumbnail","6":"product_cat-adidas-box-ro","7":"product_cat-adidas-taekwondo-ro","8":"product_cat-manechine-si-saci-de-box","9":"product_cat-saci-ro-4","11":"first","12":"instock","13":"shipping-taxable","14":"purchasable","15":"product-type-simple"},"_links":{"self":[{"href":"https:\/\/adidascombat.md\/ro\/wp-json\/wp\/v2\/product\/19962","targetHints":{"allow":["GET"]}}],"collection":[{"href":"https:\/\/adidascombat.md\/ro\/wp-json\/wp\/v2\/product"}],"about":[{"href":"https:\/\/adidascombat.md\/ro\/wp-json\/wp\/v2\/types\/product"}],"replies":[{"embeddable":true,"href":"https:\/\/adidascombat.md\/ro\/wp-json\/wp\/v2\/comments?post=19962"}],"version-history":[{"count":1,"href":"https:\/\/adidascombat.md\/ro\/wp-json\/wp\/v2\/product\/19962\/revisions"}],"predecessor-version":[{"id":19963,"href":"https:\/\/adidascombat.md\/ro\/wp-json\/wp\/v2\/product\/19962\/revisions\/19963"}],"wp:featuredmedia":[{"embeddable":true,"href":"https:\/\/adidascombat.md\/ro\/wp-json\/wp\/v2\/media\/19960"}],"wp:attachment":[{"href":"https:\/\/adidascombat.md\/ro\/wp-json\/wp\/v2\/media?parent=19962"}],"wp:term":[{"taxonomy":"product_brand","embeddable":true,"href":"https:\/\/adidascombat.md\/ro\/wp-json\/wp\/v2\/product_brand?post=19962"},{"taxonomy":"product_cat","embeddable":true,"href":"https:\/\/adidascombat.md\/ro\/wp-json\/wp\/v2\/product_cat?post=19962"},{"taxonomy":"product_tag","embeddable":true,"href":"https:\/\/adidascombat.md\/ro\/wp-json\/wp\/v2\/product_tag?post=19962"}],"curies":[{"name":"wp","href":"https:\/\/api.w.org\/{rel}","templated":true}]}}