{"id":19999,"date":"2024-09-23T09:07:58","date_gmt":"2024-09-23T09:07:58","guid":{"rendered":"https:\/\/adidascombat.md\/product\/adidas-community-%d1%84%d1%83%d1%82%d0%b1%d0%be%d0%bb%d0%ba%d0%b0-judo-pro-%d1%81%d0%b5%d1%80%d1%8b%d0%b9-%d1%87%d0%b5%d1%80%d0%bd%d1%8b%d0%b9-adicl01j\/"},"modified":"2024-09-23T09:10:43","modified_gmt":"2024-09-23T09:10:43","slug":"adidas-community-%d1%84%d1%83%d1%82%d0%b1%d0%be%d0%bb%d0%ba%d0%b0-judo-pro-%d1%81%d0%b5%d1%80%d1%8b%d0%b9-%d1%87%d0%b5%d1%80%d0%bd%d1%8b%d0%b9-adicl01j","status":"publish","type":"product","link":"https:\/\/adidascombat.md\/ro\/Produs\/adidas-community-%d1%84%d1%83%d1%82%d0%b1%d0%be%d0%bb%d0%ba%d0%b0-judo-pro-%d1%81%d0%b5%d1%80%d1%8b%d0%b9-%d1%87%d0%b5%d1%80%d0%bd%d1%8b%d0%b9-adicl01j\/","title":{"rendered":"adidas Community \u0424\u0443\u0442\u0431\u043e\u043b\u043a\u0430 Judo &#8222;Pro&#8221; \u0441\u0435\u0440\u044b\u0439\/\u0447\u0435\u0440\u043d\u044b\u0439, adiCL01J"},"content":{"rendered":"<p>Tricou adidas Community Judo: Potrivire excelent\u0103, design cool \u0219i aspect simplu adidas este noul tricou adidas Community.<\/p>\n<p>Indiferent dac\u0103 te antrenezi sau \u00een timpul liber, vei ar\u0103ta mereu grozav \u00een acest tricou!<\/p>\n<p>Material: 100% bumbac;<\/p>\n","protected":false},"excerpt":{"rendered":"<p>Tricou adidas Community Judo: Potrivire excelent\u0103, design cool \u0219i aspect simplu adidas este noul tricou adidas Community. Indiferent dac\u0103 te<\/p>\n","protected":false},"featured_media":19997,"comment_status":"open","ping_status":"closed","template":"","meta":[],"product_brand":[],"product_cat":[113,129],"product_tag":[],"class_list":{"0":"post-19999","1":"product","2":"type-product","3":"status-publish","4":"has-post-thumbnail","6":"product_cat-adidas-judo-ro","7":"product_cat-imbracaminte-casual-ro","9":"first","10":"instock","11":"shipping-taxable","12":"purchasable","13":"product-type-variable"},"_links":{"self":[{"href":"https:\/\/adidascombat.md\/ro\/wp-json\/wp\/v2\/product\/19999","targetHints":{"allow":["GET"]}}],"collection":[{"href":"https:\/\/adidascombat.md\/ro\/wp-json\/wp\/v2\/product"}],"about":[{"href":"https:\/\/adidascombat.md\/ro\/wp-json\/wp\/v2\/types\/product"}],"replies":[{"embeddable":true,"href":"https:\/\/adidascombat.md\/ro\/wp-json\/wp\/v2\/comments?post=19999"}],"version-history":[{"count":1,"href":"https:\/\/adidascombat.md\/ro\/wp-json\/wp\/v2\/product\/19999\/revisions"}],"predecessor-version":[{"id":20005,"href":"https:\/\/adidascombat.md\/ro\/wp-json\/wp\/v2\/product\/19999\/revisions\/20005"}],"wp:featuredmedia":[{"embeddable":true,"href":"https:\/\/adidascombat.md\/ro\/wp-json\/wp\/v2\/media\/19997"}],"wp:attachment":[{"href":"https:\/\/adidascombat.md\/ro\/wp-json\/wp\/v2\/media?parent=19999"}],"wp:term":[{"taxonomy":"product_brand","embeddable":true,"href":"https:\/\/adidascombat.md\/ro\/wp-json\/wp\/v2\/product_brand?post=19999"},{"taxonomy":"product_cat","embeddable":true,"href":"https:\/\/adidascombat.md\/ro\/wp-json\/wp\/v2\/product_cat?post=19999"},{"taxonomy":"product_tag","embeddable":true,"href":"https:\/\/adidascombat.md\/ro\/wp-json\/wp\/v2\/product_tag?post=19999"}],"curies":[{"name":"wp","href":"https:\/\/api.w.org\/{rel}","templated":true}]}}