{"id":20043,"date":"2024-09-23T09:22:31","date_gmt":"2024-09-23T09:22:31","guid":{"rendered":"https:\/\/adidascombat.md\/product\/%d1%84%d1%83%d1%82%d0%b1%d0%be%d0%bb%d0%ba%d0%b0-adidas-community-graphic-judo-%d1%81%d0%b5%d1%80%d0%b0%d1%8f-adiclts24-ju\/"},"modified":"2024-09-23T09:24:29","modified_gmt":"2024-09-23T09:24:29","slug":"%d1%84%d1%83%d1%82%d0%b1%d0%be%d0%bb%d0%ba%d0%b0-adidas-community-graphic-judo-%d1%81%d0%b5%d1%80%d0%b0%d1%8f-adiclts24-ju","status":"publish","type":"product","link":"https:\/\/adidascombat.md\/ro\/Produs\/%d1%84%d1%83%d1%82%d0%b1%d0%be%d0%bb%d0%ba%d0%b0-adidas-community-graphic-judo-%d1%81%d0%b5%d1%80%d0%b0%d1%8f-adiclts24-ju\/","title":{"rendered":"Tricou adidas Community Graphic Judo gri, adiCLTS24-JU"},"content":{"rendered":"<p><span class=\"jCAhz\"><span class=\"ryNqvb\">\u00a0Arat\u0103-\u021bi sportul cu un nou tricou Judo! <\/span><\/span><\/p>\n<p><span class=\"jCAhz ChMk0b\"><span class=\"ryNqvb\">\u00a0Croial\u0103 grozav\u0103, design cool \u0219i aspect adidas grozav cu sport \u00een logo, iat\u0103 noul tricou adidas. <\/span><\/span><\/p>\n<p><span class=\"jCAhz ChMk0b\"><span class=\"ryNqvb\">\u00a0Indiferent dac\u0103 te antrenezi sau \u00een timpul liber, vei ar\u0103ta mereu grozav \u00een acest tricou!<\/span><\/span> <span class=\"jCAhz ChMk0b\"><span class=\"ryNqvb\">Noile modele \u0219i culori vor oferi antrenamentului t\u0103u aspectul potrivit. <\/span><\/span><\/p>\n<p><span class=\"jCAhz ChMk0b\"><span class=\"ryNqvb\">\u00a0Material: 100% bumbac <\/span><\/span><\/p>\n<p><span class=\"jCAhz ChMk0b\"><span class=\"ryNqvb\">\u00a0Culoare: negru cu imprimeu <\/span><\/span><\/p>\n<p><span class=\"jCAhz ChMk0b\"><span class=\"ryNqvb\">\u00a0M\u0103rimi: XS-XL<\/span><\/span><\/p>\n","protected":false},"excerpt":{"rendered":"<p>\u00a0Arat\u0103-\u021bi sportul cu un nou tricou Judo! \u00a0Croial\u0103 grozav\u0103, design cool \u0219i aspect adidas grozav cu sport \u00een logo, iat\u0103<\/p>\n","protected":false},"featured_media":20033,"comment_status":"open","ping_status":"closed","template":"","meta":[],"product_brand":[],"product_cat":[113,129],"product_tag":[],"class_list":{"0":"post-20043","1":"product","2":"type-product","3":"status-publish","4":"has-post-thumbnail","6":"product_cat-adidas-judo-ro","7":"product_cat-imbracaminte-casual-ro","9":"first","10":"instock","11":"shipping-taxable","12":"purchasable","13":"product-type-variable"},"_links":{"self":[{"href":"https:\/\/adidascombat.md\/ro\/wp-json\/wp\/v2\/product\/20043","targetHints":{"allow":["GET"]}}],"collection":[{"href":"https:\/\/adidascombat.md\/ro\/wp-json\/wp\/v2\/product"}],"about":[{"href":"https:\/\/adidascombat.md\/ro\/wp-json\/wp\/v2\/types\/product"}],"replies":[{"embeddable":true,"href":"https:\/\/adidascombat.md\/ro\/wp-json\/wp\/v2\/comments?post=20043"}],"version-history":[{"count":1,"href":"https:\/\/adidascombat.md\/ro\/wp-json\/wp\/v2\/product\/20043\/revisions"}],"predecessor-version":[{"id":20049,"href":"https:\/\/adidascombat.md\/ro\/wp-json\/wp\/v2\/product\/20043\/revisions\/20049"}],"wp:featuredmedia":[{"embeddable":true,"href":"https:\/\/adidascombat.md\/ro\/wp-json\/wp\/v2\/media\/20033"}],"wp:attachment":[{"href":"https:\/\/adidascombat.md\/ro\/wp-json\/wp\/v2\/media?parent=20043"}],"wp:term":[{"taxonomy":"product_brand","embeddable":true,"href":"https:\/\/adidascombat.md\/ro\/wp-json\/wp\/v2\/product_brand?post=20043"},{"taxonomy":"product_cat","embeddable":true,"href":"https:\/\/adidascombat.md\/ro\/wp-json\/wp\/v2\/product_cat?post=20043"},{"taxonomy":"product_tag","embeddable":true,"href":"https:\/\/adidascombat.md\/ro\/wp-json\/wp\/v2\/product_tag?post=20043"}],"curies":[{"name":"wp","href":"https:\/\/api.w.org\/{rel}","templated":true}]}}