{"id":20063,"date":"2024-09-27T09:21:04","date_gmt":"2024-09-27T09:21:04","guid":{"rendered":"https:\/\/adidascombat.md\/product\/%d1%84%d1%83%d1%82%d0%b1%d0%be%d0%bb%d0%ba%d0%b0-%d1%81-%d1%80%d0%b8%d1%81%d1%83%d0%bd%d0%ba%d0%be%d0%bc-%d1%81%d0%be%d0%be%d0%b1%d1%89%d0%b5%d1%81%d1%82%d0%b2%d0%b0-adidas-judo-%d1%87%d0%b5%d1%80\/"},"modified":"2024-09-27T09:23:36","modified_gmt":"2024-09-27T09:23:36","slug":"%d1%84%d1%83%d1%82%d0%b1%d0%be%d0%bb%d0%ba%d0%b0-%d1%81-%d1%80%d0%b8%d1%81%d1%83%d0%bd%d0%ba%d0%be%d0%bc-%d1%81%d0%be%d0%be%d0%b1%d1%89%d0%b5%d1%81%d1%82%d0%b2%d0%b0-adidas-judo-%d1%87%d0%b5%d1%80","status":"publish","type":"product","link":"https:\/\/adidascombat.md\/ro\/Produs\/%d1%84%d1%83%d1%82%d0%b1%d0%be%d0%bb%d0%ba%d0%b0-%d1%81-%d1%80%d0%b8%d1%81%d1%83%d0%bd%d0%ba%d0%be%d0%bc-%d1%81%d0%be%d0%be%d0%b1%d1%89%d0%b5%d1%81%d1%82%d0%b2%d0%b0-adidas-judo-%d1%87%d0%b5%d1%80\/","title":{"rendered":"Tricou grafic adidas Judo Community negru"},"content":{"rendered":"<p>Linia adidas Community este realizat\u0103 din \u021bes\u0103turi func\u021bionale, presp\u0103late \u0219i piept\u0103nate, prietenoase cu pielea, care asigur\u0103 o reglare optim\u0103 a temperaturii corpului \u0219i propriet\u0103\u021bi de absorb\u021bie a umidit\u0103\u021bii.<\/p>\n<p>Al\u0103turi de func\u021bionalitate, hainele se caracterizeaz\u0103 prin design dinamic \u0219i culori luminoase.<\/p>\n","protected":false},"excerpt":{"rendered":"<p>Linia adidas Community este realizat\u0103 din \u021bes\u0103turi func\u021bionale, presp\u0103late \u0219i piept\u0103nate, prietenoase cu pielea, care asigur\u0103 o reglare optim\u0103 a<\/p>\n","protected":false},"featured_media":20059,"comment_status":"open","ping_status":"closed","template":"","meta":[],"product_brand":[],"product_cat":[113,129],"product_tag":[],"class_list":{"0":"post-20063","1":"product","2":"type-product","3":"status-publish","4":"has-post-thumbnail","6":"product_cat-adidas-judo-ro","7":"product_cat-imbracaminte-casual-ro","9":"first","10":"instock","11":"shipping-taxable","12":"purchasable","13":"product-type-variable"},"_links":{"self":[{"href":"https:\/\/adidascombat.md\/ro\/wp-json\/wp\/v2\/product\/20063","targetHints":{"allow":["GET"]}}],"collection":[{"href":"https:\/\/adidascombat.md\/ro\/wp-json\/wp\/v2\/product"}],"about":[{"href":"https:\/\/adidascombat.md\/ro\/wp-json\/wp\/v2\/types\/product"}],"replies":[{"embeddable":true,"href":"https:\/\/adidascombat.md\/ro\/wp-json\/wp\/v2\/comments?post=20063"}],"version-history":[{"count":2,"href":"https:\/\/adidascombat.md\/ro\/wp-json\/wp\/v2\/product\/20063\/revisions"}],"predecessor-version":[{"id":20069,"href":"https:\/\/adidascombat.md\/ro\/wp-json\/wp\/v2\/product\/20063\/revisions\/20069"}],"wp:featuredmedia":[{"embeddable":true,"href":"https:\/\/adidascombat.md\/ro\/wp-json\/wp\/v2\/media\/20059"}],"wp:attachment":[{"href":"https:\/\/adidascombat.md\/ro\/wp-json\/wp\/v2\/media?parent=20063"}],"wp:term":[{"taxonomy":"product_brand","embeddable":true,"href":"https:\/\/adidascombat.md\/ro\/wp-json\/wp\/v2\/product_brand?post=20063"},{"taxonomy":"product_cat","embeddable":true,"href":"https:\/\/adidascombat.md\/ro\/wp-json\/wp\/v2\/product_cat?post=20063"},{"taxonomy":"product_tag","embeddable":true,"href":"https:\/\/adidascombat.md\/ro\/wp-json\/wp\/v2\/product_tag?post=20063"}],"curies":[{"name":"wp","href":"https:\/\/api.w.org\/{rel}","templated":true}]}}