{"id":20143,"date":"2024-10-01T15:26:05","date_gmt":"2024-10-01T15:26:05","guid":{"rendered":"https:\/\/adidascombat.md\/product\/%d1%82%d0%be%d0%bb%d1%81%d1%82%d0%be%d0%b2%d0%ba%d0%b0-adidas-community-graphic-judo-%d1%81%d0%b5%d1%80%d0%b0%d1%8f-adiclhd24-ju\/"},"modified":"2024-10-01T15:28:36","modified_gmt":"2024-10-01T15:28:36","slug":"%d1%82%d0%be%d0%bb%d1%81%d1%82%d0%be%d0%b2%d0%ba%d0%b0-adidas-community-graphic-judo-%d1%81%d0%b5%d1%80%d0%b0%d1%8f-adiclhd24-ju","status":"publish","type":"product","link":"https:\/\/adidascombat.md\/ro\/Produs\/%d1%82%d0%be%d0%bb%d1%81%d1%82%d0%be%d0%b2%d0%ba%d0%b0-adidas-community-graphic-judo-%d1%81%d0%b5%d1%80%d0%b0%d1%8f-adiclhd24-ju\/","title":{"rendered":"Hanorac Adidas Community Graphic Judo sur, adiCLHD24-JU"},"content":{"rendered":"<p>Croiala grozav\u0103, designul cool \u0219i aspectul grozav al Adidas cu imaginea sportului inclus \u00een logo este noul Hanorac Adidas.<\/p>\n<p>Fie c\u0103 este vorba de antrenament sau de timp liber, vei ar\u0103ta \u00eentotdeauna bine \u00een acest hanorac! Noul design \u0219i noile culori v\u0103 vor oferi antrenamentelor aspectul potrivit.<\/p>\n<p>Material: 80% bumbac, 20% Poliester.<br \/>\nCuloare: sur cu imprimare.<br \/>\nDimensiuni: XS-XL.<\/p>\n","protected":false},"excerpt":{"rendered":"<p>Croiala grozav\u0103, designul cool \u0219i aspectul grozav al Adidas cu imaginea sportului inclus \u00een logo este noul Hanorac Adidas. Fie<\/p>\n","protected":false},"featured_media":20135,"comment_status":"open","ping_status":"closed","template":"","meta":[],"product_brand":[],"product_cat":[113,129],"product_tag":[],"class_list":{"0":"post-20143","1":"product","2":"type-product","3":"status-publish","4":"has-post-thumbnail","6":"product_cat-adidas-judo-ro","7":"product_cat-imbracaminte-casual-ro","9":"first","10":"instock","11":"shipping-taxable","12":"purchasable","13":"product-type-variable"},"_links":{"self":[{"href":"https:\/\/adidascombat.md\/ro\/wp-json\/wp\/v2\/product\/20143","targetHints":{"allow":["GET"]}}],"collection":[{"href":"https:\/\/adidascombat.md\/ro\/wp-json\/wp\/v2\/product"}],"about":[{"href":"https:\/\/adidascombat.md\/ro\/wp-json\/wp\/v2\/types\/product"}],"replies":[{"embeddable":true,"href":"https:\/\/adidascombat.md\/ro\/wp-json\/wp\/v2\/comments?post=20143"}],"version-history":[{"count":2,"href":"https:\/\/adidascombat.md\/ro\/wp-json\/wp\/v2\/product\/20143\/revisions"}],"predecessor-version":[{"id":20150,"href":"https:\/\/adidascombat.md\/ro\/wp-json\/wp\/v2\/product\/20143\/revisions\/20150"}],"wp:featuredmedia":[{"embeddable":true,"href":"https:\/\/adidascombat.md\/ro\/wp-json\/wp\/v2\/media\/20135"}],"wp:attachment":[{"href":"https:\/\/adidascombat.md\/ro\/wp-json\/wp\/v2\/media?parent=20143"}],"wp:term":[{"taxonomy":"product_brand","embeddable":true,"href":"https:\/\/adidascombat.md\/ro\/wp-json\/wp\/v2\/product_brand?post=20143"},{"taxonomy":"product_cat","embeddable":true,"href":"https:\/\/adidascombat.md\/ro\/wp-json\/wp\/v2\/product_cat?post=20143"},{"taxonomy":"product_tag","embeddable":true,"href":"https:\/\/adidascombat.md\/ro\/wp-json\/wp\/v2\/product_tag?post=20143"}],"curies":[{"name":"wp","href":"https:\/\/api.w.org\/{rel}","templated":true}]}}