{"id":20298,"date":"2024-10-01T17:33:42","date_gmt":"2024-10-01T17:33:42","guid":{"rendered":"https:\/\/adidascombat.md\/product\/%d1%81%d0%bf%d0%be%d1%80%d1%82%d0%b8%d0%b2%d0%bd%d1%8b%d0%b9-%d0%ba%d0%be%d1%81%d1%82%d1%8e%d0%bc-adidas-%d0%ba%d0%be%d1%81%d1%82%d1%8e%d0%bc-%d0%b4%d0%bb%d1%8f-%d1%81%d0%b0%d1%83%d0%bd%d1%8b-adiss0\/"},"modified":"2024-10-01T18:18:06","modified_gmt":"2024-10-01T18:18:06","slug":"%d1%81%d0%bf%d0%be%d1%80%d1%82%d0%b8%d0%b2%d0%bd%d1%8b%d0%b9-%d0%ba%d0%be%d1%81%d1%82%d1%8e%d0%bc-adidas-%d0%ba%d0%be%d1%81%d1%82%d1%8e%d0%bc-%d0%b4%d0%bb%d1%8f-%d1%81%d0%b0%d1%83%d0%bd%d1%8b-adiss0","status":"publish","type":"product","link":"https:\/\/adidascombat.md\/ro\/Produs\/%d1%81%d0%bf%d0%be%d1%80%d1%82%d0%b8%d0%b2%d0%bd%d1%8b%d0%b9-%d0%ba%d0%be%d1%81%d1%82%d1%8e%d0%bc-adidas-%d0%ba%d0%be%d1%81%d1%82%d1%8e%d0%bc-%d0%b4%d0%bb%d1%8f-%d1%81%d0%b0%d1%83%d0%bd%d1%8b-adiss0\/","title":{"rendered":"Trening adidas, costum de saun\u0103, ADISS01CS"},"content":{"rendered":"<p>Un instrument ideal pentru pierderea \u00een greutate \u0219i pierderea de ap\u0103 chiar \u00eenainte de c\u00e2nt\u0103rire.<\/p>\n<p>Datorit\u0103 materialului, transpira\u021bia nu se evapor\u0103, ci r\u0103m\u00e2ne sub costum, a\u0219a c\u0103 trebuie s\u0103 pune\u021bi ceva sub el pentru a-l absorbi.<\/p>\n<p>Apoi pute\u021bi \u00eencepe &#8222;sauna&#8221;. Costumul este spa\u021bios, ceva se potrive\u0219te sub el, exist\u0103 man\u0219ete, astfel \u00eenc\u00e2t totul s\u0103 r\u0103m\u00e2n\u0103 str\u00e2ns \u0219i str\u00e2ns.<\/p>\n<p>100% poliester<\/p>\n","protected":false},"excerpt":{"rendered":"<p>Un instrument ideal pentru pierderea \u00een greutate \u0219i pierderea de ap\u0103 chiar \u00eenainte de c\u00e2nt\u0103rire. Datorit\u0103 materialului, transpira\u021bia nu se<\/p>\n","protected":false},"featured_media":20278,"comment_status":"open","ping_status":"closed","template":"","meta":[],"product_brand":[],"product_cat":[785,517,801,113,137,757,79,93,129,147,535,761,793,815],"product_tag":[],"class_list":{"0":"post-20298","1":"product","2":"type-product","3":"status-publish","4":"has-post-thumbnail","6":"product_cat-adidas-bjj-ro","7":"product_cat-adidas-box-ro","8":"product_cat-adidas-ju-jutsu","9":"product_cat-adidas-judo-ro","10":"product_cat-adidas-karate-ro","11":"product_cat-adidas-kickbox-ro","12":"product_cat-adidas-taekwondo-ro","13":"product_cat-imbracaminte-casual","14":"product_cat-imbracaminte-casual-ro","15":"product_cat-imbracaminte-casual-ro-2","16":"product_cat-imbracaminte-casual-ro-4","17":"product_cat-imbracaminte-casual-ro-5","18":"product_cat-imbracaminte-casual-ro-6","19":"product_cat-imbracaminte-incaltaminte-ro-7","21":"first","22":"instock","23":"shipping-taxable","24":"purchasable","25":"product-type-variable"},"_links":{"self":[{"href":"https:\/\/adidascombat.md\/ro\/wp-json\/wp\/v2\/product\/20298","targetHints":{"allow":["GET"]}}],"collection":[{"href":"https:\/\/adidascombat.md\/ro\/wp-json\/wp\/v2\/product"}],"about":[{"href":"https:\/\/adidascombat.md\/ro\/wp-json\/wp\/v2\/types\/product"}],"replies":[{"embeddable":true,"href":"https:\/\/adidascombat.md\/ro\/wp-json\/wp\/v2\/comments?post=20298"}],"version-history":[{"count":2,"href":"https:\/\/adidascombat.md\/ro\/wp-json\/wp\/v2\/product\/20298\/revisions"}],"predecessor-version":[{"id":20306,"href":"https:\/\/adidascombat.md\/ro\/wp-json\/wp\/v2\/product\/20298\/revisions\/20306"}],"wp:featuredmedia":[{"embeddable":true,"href":"https:\/\/adidascombat.md\/ro\/wp-json\/wp\/v2\/media\/20278"}],"wp:attachment":[{"href":"https:\/\/adidascombat.md\/ro\/wp-json\/wp\/v2\/media?parent=20298"}],"wp:term":[{"taxonomy":"product_brand","embeddable":true,"href":"https:\/\/adidascombat.md\/ro\/wp-json\/wp\/v2\/product_brand?post=20298"},{"taxonomy":"product_cat","embeddable":true,"href":"https:\/\/adidascombat.md\/ro\/wp-json\/wp\/v2\/product_cat?post=20298"},{"taxonomy":"product_tag","embeddable":true,"href":"https:\/\/adidascombat.md\/ro\/wp-json\/wp\/v2\/product_tag?post=20298"}],"curies":[{"name":"wp","href":"https:\/\/api.w.org\/{rel}","templated":true}]}}