{"id":21921,"date":"2024-11-06T14:38:25","date_gmt":"2024-11-06T14:38:25","guid":{"rendered":"https:\/\/adidascombat.md\/product\/makiwara-canvas\/"},"modified":"2024-11-06T14:40:36","modified_gmt":"2024-11-06T14:40:36","slug":"makiwara-canvas","status":"publish","type":"product","link":"https:\/\/adidascombat.md\/ro\/Produs\/makiwara-canvas\/","title":{"rendered":"Makiwara Canvas"},"content":{"rendered":"<p>Makiwara este f\u0103cut\u0103 din lemn, unul dintre instrumentele tradi\u021bionale de antrenament \u00een sportul budo. Pentru montarea pe perete in spate exista suporturi pentru suruburi in lemn, suruburi neincluse. &#8211;\u00a0 &#8211; &#8211;\u00a0 &#8211; Versiunea \u00eengust\u0103 <strong>(S)<\/strong> m\u0103soar\u0103 <strong>40&#215;11,5 cm<\/strong>,<\/p>\n<p>&#8211; varianta lat\u0103 <strong>(L)<\/strong> \u2013 <strong>40&#215;22,5 cm.<\/strong><\/p>\n<p>Makiwara din lemn, unul dintre instrumentele tradi\u021bionale de antrenament \u00een sportul budo<\/p>\n<p>Pentru montarea pe perete, exist\u0103 suporturi cu \u0219uruburi \u00een lemn din spate; \u0219uruburile autofiletante nu sunt incluse.<\/p>\n<p>P\u00e2nz\u0103 acoperit\u0103<\/p>\n","protected":false},"excerpt":{"rendered":"<p>Makiwara este f\u0103cut\u0103 din lemn, unul dintre instrumentele tradi\u021bionale de antrenament \u00een sportul budo. Pentru montarea pe perete in spate<\/p>\n","protected":false},"featured_media":21919,"comment_status":"open","ping_status":"closed","template":"","meta":[],"product_brand":[],"product_cat":[145,137],"product_tag":[],"class_list":{"0":"post-21921","1":"product","2":"type-product","3":"status-publish","4":"has-post-thumbnail","6":"product_cat-accesorii-ro-2","7":"product_cat-adidas-karate-ro","9":"first","10":"instock","11":"shipping-taxable","12":"purchasable","13":"product-type-variable"},"_links":{"self":[{"href":"https:\/\/adidascombat.md\/ro\/wp-json\/wp\/v2\/product\/21921","targetHints":{"allow":["GET"]}}],"collection":[{"href":"https:\/\/adidascombat.md\/ro\/wp-json\/wp\/v2\/product"}],"about":[{"href":"https:\/\/adidascombat.md\/ro\/wp-json\/wp\/v2\/types\/product"}],"replies":[{"embeddable":true,"href":"https:\/\/adidascombat.md\/ro\/wp-json\/wp\/v2\/comments?post=21921"}],"version-history":[{"count":1,"href":"https:\/\/adidascombat.md\/ro\/wp-json\/wp\/v2\/product\/21921\/revisions"}],"predecessor-version":[{"id":21924,"href":"https:\/\/adidascombat.md\/ro\/wp-json\/wp\/v2\/product\/21921\/revisions\/21924"}],"wp:featuredmedia":[{"embeddable":true,"href":"https:\/\/adidascombat.md\/ro\/wp-json\/wp\/v2\/media\/21919"}],"wp:attachment":[{"href":"https:\/\/adidascombat.md\/ro\/wp-json\/wp\/v2\/media?parent=21921"}],"wp:term":[{"taxonomy":"product_brand","embeddable":true,"href":"https:\/\/adidascombat.md\/ro\/wp-json\/wp\/v2\/product_brand?post=21921"},{"taxonomy":"product_cat","embeddable":true,"href":"https:\/\/adidascombat.md\/ro\/wp-json\/wp\/v2\/product_cat?post=21921"},{"taxonomy":"product_tag","embeddable":true,"href":"https:\/\/adidascombat.md\/ro\/wp-json\/wp\/v2\/product_tag?post=21921"}],"curies":[{"name":"wp","href":"https:\/\/api.w.org\/{rel}","templated":true}]}}