{"id":21949,"date":"2024-11-06T15:39:10","date_gmt":"2024-11-06T15:39:10","guid":{"rendered":"https:\/\/adidascombat.md\/product\/%d0%b1%d1%80%d0%b5%d0%bb%d0%be%d0%ba-%d1%80%d0%b5%d0%bc%d0%b5%d0%bd%d1%8c-%d0%ba%d0%b0%d1%80%d0%b0%d1%82%d1%8d\/"},"modified":"2024-11-06T15:45:27","modified_gmt":"2024-11-06T15:45:27","slug":"%d0%b1%d1%80%d0%b5%d0%bb%d0%be%d0%ba-%d1%80%d0%b5%d0%bc%d0%b5%d0%bd%d1%8c-%d0%ba%d0%b0%d1%80%d0%b0%d1%82%d1%8d","status":"publish","type":"product","link":"https:\/\/adidascombat.md\/ro\/Produs\/%d0%b1%d1%80%d0%b5%d0%bb%d0%be%d0%ba-%d1%80%d0%b5%d0%bc%d0%b5%d0%bd%d1%8c-%d0%ba%d0%b0%d1%80%d0%b0%d1%82%d1%8d\/","title":{"rendered":"Breloc Centura Karate"},"content":{"rendered":"<p>Element original de centur\u0103 ca breloc, cu simbol sportiv Kanji \u00een broderie fin\u0103 din aur, aprox. 10&#215;4 cm<\/p>\n<p>Particularitati:<br \/>\n&#8211;\u00a0 Tesatura originala<br \/>\n&#8211;\u00a0 Arat\u0103 culoarea curelei tale pe breloc!<br \/>\n&#8211;\u00a0 Broderie de aur superba<br \/>\n&#8211;\u00a0 cu kanji sportiv<br \/>\n&#8211;\u00a0 aprox. <strong>10&#215;4 cm<\/strong><\/p>\n","protected":false},"excerpt":{"rendered":"<p>Element original de centur\u0103 ca breloc, cu simbol sportiv Kanji \u00een broderie fin\u0103 din aur, aprox. 10&#215;4 cm Particularitati: &#8211;\u00a0<\/p>\n","protected":false},"featured_media":21947,"comment_status":"open","ping_status":"closed","template":"","meta":[],"product_brand":[],"product_cat":[145,137],"product_tag":[],"class_list":{"0":"post-21949","1":"product","2":"type-product","3":"status-publish","4":"has-post-thumbnail","6":"product_cat-accesorii-ro-2","7":"product_cat-adidas-karate-ro","9":"first","10":"instock","11":"shipping-taxable","12":"purchasable","13":"product-type-variable"},"_links":{"self":[{"href":"https:\/\/adidascombat.md\/ro\/wp-json\/wp\/v2\/product\/21949","targetHints":{"allow":["GET"]}}],"collection":[{"href":"https:\/\/adidascombat.md\/ro\/wp-json\/wp\/v2\/product"}],"about":[{"href":"https:\/\/adidascombat.md\/ro\/wp-json\/wp\/v2\/types\/product"}],"replies":[{"embeddable":true,"href":"https:\/\/adidascombat.md\/ro\/wp-json\/wp\/v2\/comments?post=21949"}],"version-history":[{"count":1,"href":"https:\/\/adidascombat.md\/ro\/wp-json\/wp\/v2\/product\/21949\/revisions"}],"predecessor-version":[{"id":21958,"href":"https:\/\/adidascombat.md\/ro\/wp-json\/wp\/v2\/product\/21949\/revisions\/21958"}],"wp:featuredmedia":[{"embeddable":true,"href":"https:\/\/adidascombat.md\/ro\/wp-json\/wp\/v2\/media\/21947"}],"wp:attachment":[{"href":"https:\/\/adidascombat.md\/ro\/wp-json\/wp\/v2\/media?parent=21949"}],"wp:term":[{"taxonomy":"product_brand","embeddable":true,"href":"https:\/\/adidascombat.md\/ro\/wp-json\/wp\/v2\/product_brand?post=21949"},{"taxonomy":"product_cat","embeddable":true,"href":"https:\/\/adidascombat.md\/ro\/wp-json\/wp\/v2\/product_cat?post=21949"},{"taxonomy":"product_tag","embeddable":true,"href":"https:\/\/adidascombat.md\/ro\/wp-json\/wp\/v2\/product_tag?post=21949"}],"curies":[{"name":"wp","href":"https:\/\/api.w.org\/{rel}","templated":true}]}}