{"id":21963,"date":"2024-11-06T15:48:08","date_gmt":"2024-11-06T15:48:08","guid":{"rendered":"https:\/\/adidascombat.md\/product\/%d0%b1%d1%80%d0%b5%d0%bb%d0%be%d0%ba-%d0%b8%d0%b7-%d0%bd%d0%b0%d1%82%d1%83%d1%80%d0%b0%d0%bb%d1%8c%d0%bd%d0%be%d0%b9-%d0%ba%d0%be%d0%b6%d0%b8-%d1%81-%d0%b3%d1%80%d0%b0%d0%b2%d0%b8%d1%80%d0%be%d0%b2\/"},"modified":"2024-11-06T15:51:23","modified_gmt":"2024-11-06T15:51:23","slug":"%d0%b1%d1%80%d0%b5%d0%bb%d0%be%d0%ba-%d0%b8%d0%b7-%d0%bd%d0%b0%d1%82%d1%83%d1%80%d0%b0%d0%bb%d1%8c%d0%bd%d0%be%d0%b9-%d0%ba%d0%be%d0%b6%d0%b8-%d1%81-%d0%b3%d1%80%d0%b0%d0%b2%d0%b8%d1%80%d0%be%d0%b2","status":"publish","type":"product","link":"https:\/\/adidascombat.md\/ro\/Produs\/%d0%b1%d1%80%d0%b5%d0%bb%d0%be%d0%ba-%d0%b8%d0%b7-%d0%bd%d0%b0%d1%82%d1%83%d1%80%d0%b0%d0%bb%d1%8c%d0%bd%d0%be%d0%b9-%d0%ba%d0%be%d0%b6%d0%b8-%d1%81-%d0%b3%d1%80%d0%b0%d0%b2%d0%b8%d1%80%d0%be%d0%b2\/","title":{"rendered":"Breloc din piele natural\u0103 cu gravur\u0103 kanji karate"},"content":{"rendered":"<p>Breloc de \u00eenalt\u0103 calitate gravat cu Kanji Karate (piele autentic\u0103 cu plac\u0103 metalic\u0103) <strong>(7&#215;4,5 cm)<\/strong><\/p>\n","protected":false},"excerpt":{"rendered":"<p>Breloc de \u00eenalt\u0103 calitate gravat cu Kanji Karate (piele autentic\u0103 cu plac\u0103 metalic\u0103) (7&#215;4,5 cm)<\/p>\n","protected":false},"featured_media":21961,"comment_status":"open","ping_status":"closed","template":"","meta":[],"product_brand":[],"product_cat":[145,137],"product_tag":[],"class_list":{"0":"post-21963","1":"product","2":"type-product","3":"status-publish","4":"has-post-thumbnail","6":"product_cat-accesorii-ro-2","7":"product_cat-adidas-karate-ro","9":"first","10":"instock","11":"shipping-taxable","12":"purchasable","13":"product-type-simple"},"_links":{"self":[{"href":"https:\/\/adidascombat.md\/ro\/wp-json\/wp\/v2\/product\/21963","targetHints":{"allow":["GET"]}}],"collection":[{"href":"https:\/\/adidascombat.md\/ro\/wp-json\/wp\/v2\/product"}],"about":[{"href":"https:\/\/adidascombat.md\/ro\/wp-json\/wp\/v2\/types\/product"}],"replies":[{"embeddable":true,"href":"https:\/\/adidascombat.md\/ro\/wp-json\/wp\/v2\/comments?post=21963"}],"version-history":[{"count":2,"href":"https:\/\/adidascombat.md\/ro\/wp-json\/wp\/v2\/product\/21963\/revisions"}],"predecessor-version":[{"id":21966,"href":"https:\/\/adidascombat.md\/ro\/wp-json\/wp\/v2\/product\/21963\/revisions\/21966"}],"wp:featuredmedia":[{"embeddable":true,"href":"https:\/\/adidascombat.md\/ro\/wp-json\/wp\/v2\/media\/21961"}],"wp:attachment":[{"href":"https:\/\/adidascombat.md\/ro\/wp-json\/wp\/v2\/media?parent=21963"}],"wp:term":[{"taxonomy":"product_brand","embeddable":true,"href":"https:\/\/adidascombat.md\/ro\/wp-json\/wp\/v2\/product_brand?post=21963"},{"taxonomy":"product_cat","embeddable":true,"href":"https:\/\/adidascombat.md\/ro\/wp-json\/wp\/v2\/product_cat?post=21963"},{"taxonomy":"product_tag","embeddable":true,"href":"https:\/\/adidascombat.md\/ro\/wp-json\/wp\/v2\/product_tag?post=21963"}],"curies":[{"name":"wp","href":"https:\/\/api.w.org\/{rel}","templated":true}]}}