{"id":22111,"date":"2024-12-04T12:15:04","date_gmt":"2024-12-04T12:15:04","guid":{"rendered":"https:\/\/adidascombat.md\/product\/grip-trainer-uchi-komi-tube-throwing-entrance-rope\/"},"modified":"2024-12-04T12:19:13","modified_gmt":"2024-12-04T12:19:13","slug":"grip-trainer-uchi-komi-tube-throwing-entrance-rope","status":"publish","type":"product","link":"https:\/\/adidascombat.md\/ro\/Produs\/grip-trainer-uchi-komi-tube-throwing-entrance-rope\/","title":{"rendered":"Grip Trainer &#8211; Uchi-Komi Tube &#8211; Throwing Entrance Rope"},"content":{"rendered":"<p>\u00cembun\u0103t\u0103\u021bi\u021bi-v\u0103 antrenamentul cu Ju-Sports Uchi-Komi-Tube!<\/p>\n<p>Panglica este at\u00e2rnat\u0103 de ojeal\u0103, apoi \u00ee\u021bi po\u021bi exersa intrarea de aruncare pe p\u00e2nza gi (cu revere de judo) ata\u0219at\u0103 de panglic\u0103. Desigur, po\u021bi face \u0219i toate celelalte forme de antrenament de for\u021b\u0103 \u00een care folose\u0219ti un tub.<\/p>\n<p>\u021aes\u0103tura de judo serve\u0219te apoi ca prindere, \u00eembun\u0103t\u0103\u021bind \u00een acela\u0219i timp puterea de prindere \u0219i mu\u0219chii antebra\u021bului.<\/p>\n<p>Sigla Ju-Sports este brodata elegant pe material, iar tubul este cusut de mai multe ori in material.<\/p>\n","protected":false},"excerpt":{"rendered":"<p>\u00cembun\u0103t\u0103\u021bi\u021bi-v\u0103 antrenamentul cu Ju-Sports Uchi-Komi-Tube! Panglica este at\u00e2rnat\u0103 de ojeal\u0103, apoi \u00ee\u021bi po\u021bi exersa intrarea de aruncare pe p\u00e2nza gi<\/p>\n","protected":false},"featured_media":22126,"comment_status":"open","ping_status":"closed","template":"","meta":[],"product_brand":[],"product_cat":[123,113],"product_tag":[],"class_list":{"0":"post-22111","1":"product","2":"type-product","3":"status-publish","4":"has-post-thumbnail","6":"product_cat-accesorii-ro","7":"product_cat-adidas-judo-ro","9":"first","10":"instock","11":"shipping-taxable","12":"purchasable","13":"product-type-simple"},"_links":{"self":[{"href":"https:\/\/adidascombat.md\/ro\/wp-json\/wp\/v2\/product\/22111","targetHints":{"allow":["GET"]}}],"collection":[{"href":"https:\/\/adidascombat.md\/ro\/wp-json\/wp\/v2\/product"}],"about":[{"href":"https:\/\/adidascombat.md\/ro\/wp-json\/wp\/v2\/types\/product"}],"replies":[{"embeddable":true,"href":"https:\/\/adidascombat.md\/ro\/wp-json\/wp\/v2\/comments?post=22111"}],"version-history":[{"count":3,"href":"https:\/\/adidascombat.md\/ro\/wp-json\/wp\/v2\/product\/22111\/revisions"}],"predecessor-version":[{"id":22128,"href":"https:\/\/adidascombat.md\/ro\/wp-json\/wp\/v2\/product\/22111\/revisions\/22128"}],"wp:featuredmedia":[{"embeddable":true,"href":"https:\/\/adidascombat.md\/ro\/wp-json\/wp\/v2\/media\/22126"}],"wp:attachment":[{"href":"https:\/\/adidascombat.md\/ro\/wp-json\/wp\/v2\/media?parent=22111"}],"wp:term":[{"taxonomy":"product_brand","embeddable":true,"href":"https:\/\/adidascombat.md\/ro\/wp-json\/wp\/v2\/product_brand?post=22111"},{"taxonomy":"product_cat","embeddable":true,"href":"https:\/\/adidascombat.md\/ro\/wp-json\/wp\/v2\/product_cat?post=22111"},{"taxonomy":"product_tag","embeddable":true,"href":"https:\/\/adidascombat.md\/ro\/wp-json\/wp\/v2\/product_tag?post=22111"}],"curies":[{"name":"wp","href":"https:\/\/api.w.org\/{rel}","templated":true}]}}