{"id":22351,"date":"2024-12-20T14:36:08","date_gmt":"2024-12-20T14:36:08","guid":{"rendered":"https:\/\/adidascombat.md\/product\/adidas-head-protection-%d0%b4%d0%bb%d1%8f-%d0%b4%d0%b5%d1%82%d0%b5%d0%b9-rookie-%d1%81%d0%b8%d0%bd%d0%b8%d0%b9-%d0%ba%d1%80%d0%b0%d1%81%d0%bd%d1%8b%d0%b9-adibh01\/"},"modified":"2024-12-20T14:46:57","modified_gmt":"2024-12-20T14:46:57","slug":"adidas-head-protection-%d0%b4%d0%bb%d1%8f-%d0%b4%d0%b5%d1%82%d0%b5%d0%b9-rookie-%d1%81%d0%b8%d0%bd%d0%b8%d0%b9-%d0%ba%d1%80%d0%b0%d1%81%d0%bd%d1%8b%d0%b9-adibh01","status":"publish","type":"product","link":"https:\/\/adidascombat.md\/ro\/Produs\/adidas-head-protection-%d0%b4%d0%bb%d1%8f-%d0%b4%d0%b5%d1%82%d0%b5%d0%b9-rookie-%d1%81%d0%b8%d0%bd%d0%b8%d0%b9-%d0%ba%d1%80%d0%b0%d1%81%d0%bd%d1%8b%d0%b9-adibh01\/","title":{"rendered":"Protec\u021bie cap adidas pentru copii &#8211; Rookie blue\/red, ADIBH01"},"content":{"rendered":"<p>Aceast\u0103 protec\u021bie pentru cap este realizat\u0103 din piele sintetic\u0103 durabil\u0103, de \u00eenalt\u0103 calitate, care are propriet\u0103\u021bi asem\u0103n\u0103toare pielii. Tehnologia I-Protech cu spum\u0103 \u00eembun\u0103t\u0103\u021bit\u0103 ofer\u0103 o amortizare optim\u0103 \u0219i ajut\u0103 la prevenirea r\u0103nilor. Este potrivit mai ales pentru competi\u021bii \u0219i, de asemenea, pentru kickboxing.<\/p>\n<p><strong>Disponibil \u00een urm\u0103toarele dimensiuni \u0219i culori:<\/strong><\/p>\n<p>Protec\u021bia capului este disponibil\u0103 \u00een urm\u0103toarele m\u0103rimi &#8211; XS &#8211; S &#8211; M &#8211; L &#8211; XL<\/p>\n<p>Disponibil \u00een culori &#8211; albastru &#8211; ro\u0219u<\/p>\n<p><strong>Beneficiile protec\u021biei capului<\/strong><\/p>\n<p>&#8211; Fabricat din piele sintetica PU3G &#8211; Tehnologia I-Protech &#8211; Potrivit si pentru kickboxing &#8211; Marimi: XS, S, M, L, XL<\/p>\n<p>Protec\u021bia pentru cap adidas se potrive\u0219te perfect \u0219i este u\u0219or de reglat.<br \/>\nDimensiune aprox. \u00een\u0103l\u021bime p\u00e2n\u0103 la 140 cm: XS, p\u00e2n\u0103 la 150 cm: S, p\u00e2n\u0103 la 160 cm M, p\u00e2n\u0103 la 170: L<\/p>\n","protected":false},"excerpt":{"rendered":"<p>Aceast\u0103 protec\u021bie pentru cap este realizat\u0103 din piele sintetic\u0103 durabil\u0103, de \u00eenalt\u0103 calitate, care are propriet\u0103\u021bi asem\u0103n\u0103toare pielii. Tehnologia I-Protech<\/p>\n","protected":false},"featured_media":22347,"comment_status":"open","ping_status":"closed","template":"","meta":[],"product_brand":[],"product_cat":[517,541,525],"product_tag":[],"class_list":{"0":"post-22351","1":"product","2":"type-product","3":"status-publish","4":"has-post-thumbnail","6":"product_cat-adidas-box-ro","7":"product_cat-box-copii-ro-4","8":"product_cat-casti-ro-4-ro","10":"first","11":"instock","12":"shipping-taxable","13":"purchasable","14":"product-type-variable"},"_links":{"self":[{"href":"https:\/\/adidascombat.md\/ro\/wp-json\/wp\/v2\/product\/22351","targetHints":{"allow":["GET"]}}],"collection":[{"href":"https:\/\/adidascombat.md\/ro\/wp-json\/wp\/v2\/product"}],"about":[{"href":"https:\/\/adidascombat.md\/ro\/wp-json\/wp\/v2\/types\/product"}],"replies":[{"embeddable":true,"href":"https:\/\/adidascombat.md\/ro\/wp-json\/wp\/v2\/comments?post=22351"}],"version-history":[{"count":3,"href":"https:\/\/adidascombat.md\/ro\/wp-json\/wp\/v2\/product\/22351\/revisions"}],"predecessor-version":[{"id":22365,"href":"https:\/\/adidascombat.md\/ro\/wp-json\/wp\/v2\/product\/22351\/revisions\/22365"}],"wp:featuredmedia":[{"embeddable":true,"href":"https:\/\/adidascombat.md\/ro\/wp-json\/wp\/v2\/media\/22347"}],"wp:attachment":[{"href":"https:\/\/adidascombat.md\/ro\/wp-json\/wp\/v2\/media?parent=22351"}],"wp:term":[{"taxonomy":"product_brand","embeddable":true,"href":"https:\/\/adidascombat.md\/ro\/wp-json\/wp\/v2\/product_brand?post=22351"},{"taxonomy":"product_cat","embeddable":true,"href":"https:\/\/adidascombat.md\/ro\/wp-json\/wp\/v2\/product_cat?post=22351"},{"taxonomy":"product_tag","embeddable":true,"href":"https:\/\/adidascombat.md\/ro\/wp-json\/wp\/v2\/product_tag?post=22351"}],"curies":[{"name":"wp","href":"https:\/\/api.w.org\/{rel}","templated":true}]}}