{"id":22416,"date":"2025-01-03T10:11:19","date_gmt":"2025-01-03T10:11:19","guid":{"rendered":"https:\/\/adidascombat.md\/product\/adidas-sandbag-lightweight-%d0%bd%d0%b0%d0%bf%d0%be%d0%bb%d0%bd%d0%b5%d0%bd%d0%bd%d1%8b%d0%b9-adibac110c\/"},"modified":"2025-01-03T10:13:24","modified_gmt":"2025-01-03T10:13:24","slug":"adidas-sandbag-lightweight-%d0%bd%d0%b0%d0%bf%d0%be%d0%bb%d0%bd%d0%b5%d0%bd%d0%bd%d1%8b%d0%b9-adibac110c","status":"publish","type":"product","link":"https:\/\/adidascombat.md\/ro\/Produs\/adidas-sandbag-lightweight-%d0%bd%d0%b0%d0%bf%d0%be%d0%bb%d0%bd%d0%b5%d0%bd%d0%bd%d1%8b%d0%b9-adibac110c\/","title":{"rendered":"Sac de nisip Adidas U\u0219or &#8211; (umplut), adiBAC110C"},"content":{"rendered":"<p>Pentru fiecare \u00eencep\u0103tor care caut\u0103 un adversar dur \u0219i un sac de box rezistent. Datorit\u0103 greut\u0103\u021bii relativ u\u0219oare a sacului de box din nailon, chiar \u0219i loviturile bl\u00e2nde \u00eel pun rapid \u00een mi\u0219care \u0219i ofer\u0103 astfel un antrenament activ de for\u021b\u0103 \u0219i anduran\u021b\u0103. Acest sac de box este confec\u021bionat din \u021bes\u0103tur\u0103 neagr\u0103 de nailon-poliester \u0219i are o suspensie cu lan\u021b \u00een 4 puncte cu ochiuri metalice pentru o mai mare stabilitate. Sacul de box din nailon este umplut cu \u021bes\u0103turi \u0219i este un sac controlat prin scanare (verificat electronic pentru obiecte metalice).<\/p>\n<p>Geanta u\u0219oar\u0103 de box adidas este disponibil\u0103 \u00een urm\u0103toarele dimensiuni: &#8211; aproximativ 90 x 30 cm &#8211; 20 kg &#8211; aproximativ 120 x 30 cm &#8211; 28 kg<br \/>\nToate sunt disponibile pe negru.<\/p>\n<p>Beneficiile unui sac de box u\u0219or<br \/>\nSac de box din poliester negru.<br \/>\nSuspensie cu lan\u021b \u00een 4 puncte<br \/>\nUmplut cu materiale textile (sacul este scanat &#8211; verific\u0103 electronic dac\u0103 exist\u0103 obiecte metalice)<\/p>\n","protected":false},"excerpt":{"rendered":"<p>Pentru fiecare \u00eencep\u0103tor care caut\u0103 un adversar dur \u0219i un sac de box rezistent. Datorit\u0103 greut\u0103\u021bii relativ u\u0219oare a sacului<\/p>\n","protected":false},"featured_media":22414,"comment_status":"open","ping_status":"closed","template":"","meta":[],"product_brand":[],"product_cat":[517,79,541,81,539],"product_tag":[],"class_list":{"0":"post-22416","1":"product","2":"type-product","3":"status-publish","4":"has-post-thumbnail","6":"product_cat-adidas-box-ro","7":"product_cat-adidas-taekwondo-ro","8":"product_cat-box-copii-ro-4","9":"product_cat-manechine-si-saci-de-box","10":"product_cat-saci-ro-4","12":"first","13":"instock","14":"shipping-taxable","15":"purchasable","16":"product-type-variable"},"_links":{"self":[{"href":"https:\/\/adidascombat.md\/ro\/wp-json\/wp\/v2\/product\/22416","targetHints":{"allow":["GET"]}}],"collection":[{"href":"https:\/\/adidascombat.md\/ro\/wp-json\/wp\/v2\/product"}],"about":[{"href":"https:\/\/adidascombat.md\/ro\/wp-json\/wp\/v2\/types\/product"}],"replies":[{"embeddable":true,"href":"https:\/\/adidascombat.md\/ro\/wp-json\/wp\/v2\/comments?post=22416"}],"version-history":[{"count":1,"href":"https:\/\/adidascombat.md\/ro\/wp-json\/wp\/v2\/product\/22416\/revisions"}],"predecessor-version":[{"id":22419,"href":"https:\/\/adidascombat.md\/ro\/wp-json\/wp\/v2\/product\/22416\/revisions\/22419"}],"wp:featuredmedia":[{"embeddable":true,"href":"https:\/\/adidascombat.md\/ro\/wp-json\/wp\/v2\/media\/22414"}],"wp:attachment":[{"href":"https:\/\/adidascombat.md\/ro\/wp-json\/wp\/v2\/media?parent=22416"}],"wp:term":[{"taxonomy":"product_brand","embeddable":true,"href":"https:\/\/adidascombat.md\/ro\/wp-json\/wp\/v2\/product_brand?post=22416"},{"taxonomy":"product_cat","embeddable":true,"href":"https:\/\/adidascombat.md\/ro\/wp-json\/wp\/v2\/product_cat?post=22416"},{"taxonomy":"product_tag","embeddable":true,"href":"https:\/\/adidascombat.md\/ro\/wp-json\/wp\/v2\/product_tag?post=22416"}],"curies":[{"name":"wp","href":"https:\/\/api.w.org\/{rel}","templated":true}]}}