{"id":22437,"date":"2025-01-03T10:20:44","date_gmt":"2025-01-03T10:20:44","guid":{"rendered":"https:\/\/adidascombat.md\/product\/adidas-multi-boxing-short-%d1%87%d0%b5%d1%80%d0%bd%d1%8b%d0%b9-%d0%b7%d0%be%d0%bb%d0%be%d1%82%d0%be%d0%b9-adismb01\/"},"modified":"2025-01-03T10:22:33","modified_gmt":"2025-01-03T10:22:33","slug":"adidas-multi-boxing-short-%d1%87%d0%b5%d1%80%d0%bd%d1%8b%d0%b9-%d0%b7%d0%be%d0%bb%d0%be%d1%82%d0%be%d0%b9-adismb01","status":"publish","type":"product","link":"https:\/\/adidascombat.md\/ro\/Produs\/adidas-multi-boxing-short-%d1%87%d0%b5%d1%80%d0%bd%d1%8b%d0%b9-%d0%b7%d0%be%d0%bb%d0%be%d1%82%d0%be%d0%b9-adismb01\/","title":{"rendered":"Adidas Multi-Boxing Short negru\/auriu, ADISMB01"},"content":{"rendered":"<p>Pantalonii scur\u021bi adidas Multiboxing sunt confec\u021biona\u021bi din satin \u0219i au un \u0219nur pentru un sprijin suplimentar. Talia lat\u0103 a pantalonilor scurti Multiboxing asigur\u0103 o potrivire optim\u0103.<\/p>\n<p>Pantalonii scurti sunt disponibili in marimile de la S la XL.<\/p>\n","protected":false},"excerpt":{"rendered":"<p>Pantalonii scur\u021bi adidas Multiboxing sunt confec\u021biona\u021bi din satin \u0219i au un \u0219nur pentru un sprijin suplimentar. Talia lat\u0103 a pantalonilor<\/p>\n","protected":false},"featured_media":22435,"comment_status":"open","ping_status":"closed","template":"","meta":[],"product_brand":[],"product_cat":[517,520],"product_tag":[],"class_list":{"0":"post-22437","1":"product","2":"type-product","3":"status-publish","4":"has-post-thumbnail","6":"product_cat-adidas-box-ro","7":"product_cat-imbracaminte-antrenament-ro-4","9":"first","10":"instock","11":"shipping-taxable","12":"purchasable","13":"product-type-variable"},"_links":{"self":[{"href":"https:\/\/adidascombat.md\/ro\/wp-json\/wp\/v2\/product\/22437","targetHints":{"allow":["GET"]}}],"collection":[{"href":"https:\/\/adidascombat.md\/ro\/wp-json\/wp\/v2\/product"}],"about":[{"href":"https:\/\/adidascombat.md\/ro\/wp-json\/wp\/v2\/types\/product"}],"replies":[{"embeddable":true,"href":"https:\/\/adidascombat.md\/ro\/wp-json\/wp\/v2\/comments?post=22437"}],"version-history":[{"count":2,"href":"https:\/\/adidascombat.md\/ro\/wp-json\/wp\/v2\/product\/22437\/revisions"}],"predecessor-version":[{"id":22444,"href":"https:\/\/adidascombat.md\/ro\/wp-json\/wp\/v2\/product\/22437\/revisions\/22444"}],"wp:featuredmedia":[{"embeddable":true,"href":"https:\/\/adidascombat.md\/ro\/wp-json\/wp\/v2\/media\/22435"}],"wp:attachment":[{"href":"https:\/\/adidascombat.md\/ro\/wp-json\/wp\/v2\/media?parent=22437"}],"wp:term":[{"taxonomy":"product_brand","embeddable":true,"href":"https:\/\/adidascombat.md\/ro\/wp-json\/wp\/v2\/product_brand?post=22437"},{"taxonomy":"product_cat","embeddable":true,"href":"https:\/\/adidascombat.md\/ro\/wp-json\/wp\/v2\/product_cat?post=22437"},{"taxonomy":"product_tag","embeddable":true,"href":"https:\/\/adidascombat.md\/ro\/wp-json\/wp\/v2\/product_tag?post=22437"}],"curies":[{"name":"wp","href":"https:\/\/api.w.org\/{rel}","templated":true}]}}