{"id":22499,"date":"2025-01-03T11:07:10","date_gmt":"2025-01-03T11:07:10","guid":{"rendered":"https:\/\/adidascombat.md\/product\/%d0%b1%d0%be%d0%ba%d1%81%d0%b5%d1%80%d1%81%d0%ba%d0%b8%d0%b5-%d1%88%d0%be%d1%80%d1%82%d1%8b-adidas-adibts02\/"},"modified":"2025-01-03T11:10:32","modified_gmt":"2025-01-03T11:10:32","slug":"%d0%b1%d0%be%d0%ba%d1%81%d0%b5%d1%80%d1%81%d0%ba%d0%b8%d0%b5-%d1%88%d0%be%d1%80%d1%82%d1%8b-adidas-adibts02","status":"publish","type":"product","link":"https:\/\/adidascombat.md\/ro\/Produs\/%d0%b1%d0%be%d0%ba%d1%81%d0%b5%d1%80%d1%81%d0%ba%d0%b8%d0%b5-%d1%88%d0%be%d1%80%d1%82%d1%8b-adidas-adibts02\/","title":{"rendered":"Pantaloni scur\u021bi de box adidas, ADIBTS02"},"content":{"rendered":"<p>Pantalonii scur\u021bi de box Adidas Punch Line sunt fabrica\u021bi 100% din poliester Diamond Flex. Greutatea total\u0103 foarte u\u0219oar\u0103 (110 g\/m2) \u0219i materialele spandex cusute suplimentare ofer\u0103 sportivului libertate ideal\u0103 de mi\u0219care. \u021aes\u0103tura moale cu g\u00e2tul rotund de pe linia Boxing Top Punch ofer\u0103 un management superior al umidit\u0103\u021bii.<\/p>\n<p>Disponibil \u00een urm\u0103toarele dimensiuni \u0219i culori:<\/p>\n<p>Linia de pantaloni scur\u021bi de box adidas Punch este disponibil\u0103 \u00een urm\u0103toarele m\u0103rimi: &#8211; M\u0103rime: XXS &#8211; 2XL.<\/p>\n<p>Toate disponibile \u00een culori: &#8211; Albastru\/Alb &#8211; Ro\u0219u\/Alb &#8211; Negru\/Alb &#8211; Alb\/Negru<\/p>\n<p>Beneficiile pantalonilor scur\u021bi de box adidas Punch Line<\/p>\n<p>&#8211; Top boxer Diamond Flex 100% poliester &#8211; Greutate: 110 g\/m2 &#8211; Material spandex pentru o libertate de miscare perfecta &#8211; Decoltat<\/p>\n","protected":false},"excerpt":{"rendered":"<p>Pantalonii scur\u021bi de box Adidas Punch Line sunt fabrica\u021bi 100% din poliester Diamond Flex. Greutatea total\u0103 foarte u\u0219oar\u0103 (110 g\/m2)<\/p>\n","protected":false},"featured_media":22489,"comment_status":"open","ping_status":"closed","template":"","meta":[],"product_brand":[],"product_cat":[517,520],"product_tag":[],"class_list":{"0":"post-22499","1":"product","2":"type-product","3":"status-publish","4":"has-post-thumbnail","6":"product_cat-adidas-box-ro","7":"product_cat-imbracaminte-antrenament-ro-4","9":"first","10":"instock","11":"shipping-taxable","12":"purchasable","13":"product-type-variable"},"_links":{"self":[{"href":"https:\/\/adidascombat.md\/ro\/wp-json\/wp\/v2\/product\/22499","targetHints":{"allow":["GET"]}}],"collection":[{"href":"https:\/\/adidascombat.md\/ro\/wp-json\/wp\/v2\/product"}],"about":[{"href":"https:\/\/adidascombat.md\/ro\/wp-json\/wp\/v2\/types\/product"}],"replies":[{"embeddable":true,"href":"https:\/\/adidascombat.md\/ro\/wp-json\/wp\/v2\/comments?post=22499"}],"version-history":[{"count":2,"href":"https:\/\/adidascombat.md\/ro\/wp-json\/wp\/v2\/product\/22499\/revisions"}],"predecessor-version":[{"id":22529,"href":"https:\/\/adidascombat.md\/ro\/wp-json\/wp\/v2\/product\/22499\/revisions\/22529"}],"wp:featuredmedia":[{"embeddable":true,"href":"https:\/\/adidascombat.md\/ro\/wp-json\/wp\/v2\/media\/22489"}],"wp:attachment":[{"href":"https:\/\/adidascombat.md\/ro\/wp-json\/wp\/v2\/media?parent=22499"}],"wp:term":[{"taxonomy":"product_brand","embeddable":true,"href":"https:\/\/adidascombat.md\/ro\/wp-json\/wp\/v2\/product_brand?post=22499"},{"taxonomy":"product_cat","embeddable":true,"href":"https:\/\/adidascombat.md\/ro\/wp-json\/wp\/v2\/product_cat?post=22499"},{"taxonomy":"product_tag","embeddable":true,"href":"https:\/\/adidascombat.md\/ro\/wp-json\/wp\/v2\/product_tag?post=22499"}],"curies":[{"name":"wp","href":"https:\/\/api.w.org\/{rel}","templated":true}]}}