{"id":22543,"date":"2025-01-03T11:19:55","date_gmt":"2025-01-03T11:19:55","guid":{"rendered":"https:\/\/adidascombat.md\/product\/%d0%ba%d0%bb%d0%b0%d1%81%d1%81%d0%b8%d1%87%d0%b5%d1%81%d0%ba%d0%b8%d0%b5-%d1%88%d0%be%d1%80%d1%82%d1%8b-adidas-boxing-wear-bxwsh01\/"},"modified":"2025-01-03T11:21:43","modified_gmt":"2025-01-03T11:21:43","slug":"%d0%ba%d0%bb%d0%b0%d1%81%d1%81%d0%b8%d1%87%d0%b5%d1%81%d0%ba%d0%b8%d0%b5-%d1%88%d0%be%d1%80%d1%82%d1%8b-adidas-boxing-wear-bxwsh01","status":"publish","type":"product","link":"https:\/\/adidascombat.md\/ro\/Produs\/%d0%ba%d0%bb%d0%b0%d1%81%d1%81%d0%b8%d1%87%d0%b5%d1%81%d0%ba%d0%b8%d0%b5-%d1%88%d0%be%d1%80%d1%82%d1%8b-adidas-boxing-wear-bxwsh01\/","title":{"rendered":"Pantaloni scur\u021bi clasici adidas Boxing Wear, BXWSH01"},"content":{"rendered":"<p>Pantaloni scur\u021bi de box tradi\u021bionali<\/p>\n<p>Haine pentru boxeri de la Adidas. Ideea este preluat\u0103 aici, croiala este adaptat\u0103 special nevoilor antrenamentului de box. Pantalonii scur\u021bi tradi\u021bionali sunt confec\u021biona\u021bi dintr-un amestec de bumbac \u0219i fac pantaloni casual grozavi. Cu o etichet\u0103 subtil\u0103 de box pe piciorul st\u00e2ng, po\u021bi \u00een continuare s\u0103-\u021bi ar\u0103\u021bi sportul.<\/p>\n<p>Material:<br \/>\nMaterial: 65 si poliester, 35% bumbac.<\/p>\n<p>Culoare: negru\/gri<\/p>\n","protected":false},"excerpt":{"rendered":"<p>Pantaloni scur\u021bi de box tradi\u021bionali Haine pentru boxeri de la Adidas. Ideea este preluat\u0103 aici, croiala este adaptat\u0103 special nevoilor<\/p>\n","protected":false},"featured_media":22541,"comment_status":"open","ping_status":"closed","template":"","meta":[],"product_brand":[],"product_cat":[517,520],"product_tag":[],"class_list":{"0":"post-22543","1":"product","2":"type-product","3":"status-publish","4":"has-post-thumbnail","6":"product_cat-adidas-box-ro","7":"product_cat-imbracaminte-antrenament-ro-4","9":"first","10":"instock","11":"shipping-taxable","12":"purchasable","13":"product-type-variable"},"_links":{"self":[{"href":"https:\/\/adidascombat.md\/ro\/wp-json\/wp\/v2\/product\/22543","targetHints":{"allow":["GET"]}}],"collection":[{"href":"https:\/\/adidascombat.md\/ro\/wp-json\/wp\/v2\/product"}],"about":[{"href":"https:\/\/adidascombat.md\/ro\/wp-json\/wp\/v2\/types\/product"}],"replies":[{"embeddable":true,"href":"https:\/\/adidascombat.md\/ro\/wp-json\/wp\/v2\/comments?post=22543"}],"version-history":[{"count":1,"href":"https:\/\/adidascombat.md\/ro\/wp-json\/wp\/v2\/product\/22543\/revisions"}],"predecessor-version":[{"id":22549,"href":"https:\/\/adidascombat.md\/ro\/wp-json\/wp\/v2\/product\/22543\/revisions\/22549"}],"wp:featuredmedia":[{"embeddable":true,"href":"https:\/\/adidascombat.md\/ro\/wp-json\/wp\/v2\/media\/22541"}],"wp:attachment":[{"href":"https:\/\/adidascombat.md\/ro\/wp-json\/wp\/v2\/media?parent=22543"}],"wp:term":[{"taxonomy":"product_brand","embeddable":true,"href":"https:\/\/adidascombat.md\/ro\/wp-json\/wp\/v2\/product_brand?post=22543"},{"taxonomy":"product_cat","embeddable":true,"href":"https:\/\/adidascombat.md\/ro\/wp-json\/wp\/v2\/product_cat?post=22543"},{"taxonomy":"product_tag","embeddable":true,"href":"https:\/\/adidascombat.md\/ro\/wp-json\/wp\/v2\/product_tag?post=22543"}],"curies":[{"name":"wp","href":"https:\/\/api.w.org\/{rel}","templated":true}]}}