{"id":22563,"date":"2025-01-03T11:35:42","date_gmt":"2025-01-03T11:35:42","guid":{"rendered":"https:\/\/adidascombat.md\/product\/%d1%88%d0%be%d1%80%d1%82%d1%8b-adidas-boxing-wear-tech-%d1%81-%d1%82%d0%b0%d0%b9%d1%82%d1%81%d0%b0%d0%bc%d0%b8-bxwtsh02\/"},"modified":"2025-01-03T11:40:23","modified_gmt":"2025-01-03T11:40:23","slug":"%d1%88%d0%be%d1%80%d1%82%d1%8b-adidas-boxing-wear-tech-%d1%81-%d1%82%d0%b0%d0%b9%d1%82%d1%81%d0%b0%d0%bc%d0%b8-bxwtsh02","status":"publish","type":"product","link":"https:\/\/adidascombat.md\/ro\/Produs\/%d1%88%d0%be%d1%80%d1%82%d1%8b-adidas-boxing-wear-tech-%d1%81-%d1%82%d0%b0%d0%b9%d1%82%d1%81%d0%b0%d0%bc%d0%b8-bxwtsh02\/","title":{"rendered":"Pantaloni scur\u021bi adidas Boxing Wear Tech cu colan\u021bi, BXWTSH02"},"content":{"rendered":"<p>Pantaloni scur\u021bi de box din material tehnic<\/p>\n<p>Haine pentru boxeri de la Adidas. Ideea este preluat\u0103 aici, croiala este adaptat\u0103 special nevoilor antrenamentului de box. Pantalonii sunt foarte usori si libertatea de miscare este enorma. Nimic nu st\u0103 \u00een calea unui antrenament perfect de box. \u201eBox\u201d este cusut discret pe piciorul st\u00e2ng al pantalonului. Colan\u021bii de compresie sunt cusu\u021bi pentru a men\u021bine tonusul muscular \u00een timpul antrenamentului.<\/p>\n<p>Material:<br \/>\nMaterial pantaloni: 90% poliester (poliester reciclat &#8211; pentru utilizarea durabil\u0103 a resurselor \u00een \u00eembr\u0103c\u0103mintea sport!), 10% poliuretan (PU).<br \/>\nMesh: 100% poliester (100% poliester reciclat &#8211; pentru \u00eembr\u0103c\u0103minte sportiv\u0103 durabil\u0103!)<br \/>\nInterior: 93% poliester (poliester reciclat &#8211; pentru utilizarea durabil\u0103 a resurselor \u00een \u00eembr\u0103c\u0103mintea sport!), 7% poliuretan (PU).<\/p>\n<p>Culoare: negru\/alb<\/p>\n<p>V\u0103 rug\u0103m s\u0103 re\u021bine\u021bi: deoarece acesta este un produs unisex, femeile ar trebui s\u0103 aleag\u0103 o m\u0103rime mai mic\u0103.<\/p>\n","protected":false},"excerpt":{"rendered":"<p>Pantaloni scur\u021bi de box din material tehnic Haine pentru boxeri de la Adidas. Ideea este preluat\u0103 aici, croiala este adaptat\u0103<\/p>\n","protected":false},"featured_media":22559,"comment_status":"open","ping_status":"closed","template":"","meta":[],"product_brand":[],"product_cat":[517,520],"product_tag":[],"class_list":{"0":"post-22563","1":"product","2":"type-product","3":"status-publish","4":"has-post-thumbnail","6":"product_cat-adidas-box-ro","7":"product_cat-imbracaminte-antrenament-ro-4","9":"first","10":"instock","11":"shipping-taxable","12":"purchasable","13":"product-type-variable"},"_links":{"self":[{"href":"https:\/\/adidascombat.md\/ro\/wp-json\/wp\/v2\/product\/22563","targetHints":{"allow":["GET"]}}],"collection":[{"href":"https:\/\/adidascombat.md\/ro\/wp-json\/wp\/v2\/product"}],"about":[{"href":"https:\/\/adidascombat.md\/ro\/wp-json\/wp\/v2\/types\/product"}],"replies":[{"embeddable":true,"href":"https:\/\/adidascombat.md\/ro\/wp-json\/wp\/v2\/comments?post=22563"}],"version-history":[{"count":2,"href":"https:\/\/adidascombat.md\/ro\/wp-json\/wp\/v2\/product\/22563\/revisions"}],"predecessor-version":[{"id":22570,"href":"https:\/\/adidascombat.md\/ro\/wp-json\/wp\/v2\/product\/22563\/revisions\/22570"}],"wp:featuredmedia":[{"embeddable":true,"href":"https:\/\/adidascombat.md\/ro\/wp-json\/wp\/v2\/media\/22559"}],"wp:attachment":[{"href":"https:\/\/adidascombat.md\/ro\/wp-json\/wp\/v2\/media?parent=22563"}],"wp:term":[{"taxonomy":"product_brand","embeddable":true,"href":"https:\/\/adidascombat.md\/ro\/wp-json\/wp\/v2\/product_brand?post=22563"},{"taxonomy":"product_cat","embeddable":true,"href":"https:\/\/adidascombat.md\/ro\/wp-json\/wp\/v2\/product_cat?post=22563"},{"taxonomy":"product_tag","embeddable":true,"href":"https:\/\/adidascombat.md\/ro\/wp-json\/wp\/v2\/product_tag?post=22563"}],"curies":[{"name":"wp","href":"https:\/\/api.w.org\/{rel}","templated":true}]}}