{"id":22589,"date":"2025-01-03T11:45:57","date_gmt":"2025-01-03T11:45:57","guid":{"rendered":"https:\/\/adidascombat.md\/product\/%d1%88%d0%be%d1%80%d1%82%d1%8b-adidas-boxing-wear-tech-%d1%81-%d0%b3%d0%b5%d1%82%d1%80%d0%b0%d0%bc%d0%b8-bxwtsh03\/"},"modified":"2025-01-03T11:59:07","modified_gmt":"2025-01-03T11:59:07","slug":"%d1%88%d0%be%d1%80%d1%82%d1%8b-adidas-boxing-wear-tech-%d1%81-%d0%b3%d0%b5%d1%82%d1%80%d0%b0%d0%bc%d0%b8-bxwtsh03","status":"publish","type":"product","link":"https:\/\/adidascombat.md\/ro\/Produs\/%d1%88%d0%be%d1%80%d1%82%d1%8b-adidas-boxing-wear-tech-%d1%81-%d0%b3%d0%b5%d1%82%d1%80%d0%b0%d0%bc%d0%b8-bxwtsh03\/","title":{"rendered":"Pantaloni scur\u021bi adidas Boxing Wear Tech cu ghete, BXWTSH03"},"content":{"rendered":"<p>Pantaloni scur\u021bi Boxwear Tech cu colan\u021bi lungi \u00een interior<\/p>\n<p>Haine pentru boxeri de la Adidas. Ideea este preluat\u0103 aici, croiala este adaptat\u0103 special nevoilor antrenamentului de box. Pantalonii sunt foarte usori si libertatea de miscare este enorma. Nimic nu st\u0103 \u00een calea unui antrenament perfect de box. \u201eBox\u201d este cusut discret pe piciorul st\u00e2ng al pantalonului. Colan\u021bii lungi, prin\u0219i ferm de pantaloni, ofer\u0103 c\u0103ldura suplimentar\u0103 de care ave\u021bi nevoie \u00een timpul antrenamentului. Compresia usoara mentine tonusul muscular si ofera senzatii excelente.<\/p>\n<p>Material:<br \/>\nMaterial pantaloni: 90% poliester (poliester reciclat &#8211; pentru utilizarea durabil\u0103 a resurselor \u00een \u00eembr\u0103c\u0103mintea sport!), 10% poliuretan (PU).<br \/>\nMesh: 100% poliester (100% poliester reciclat &#8211; pentru \u00eembr\u0103c\u0103minte sportiv\u0103 durabil\u0103!)<br \/>\nInterior: 93% poliester (poliester reciclat &#8211; pentru utilizarea durabil\u0103 a resurselor \u00een \u00eembr\u0103c\u0103mintea sport!), 7% poliuretan (PU).<\/p>\n<p>Culoare: negru\/alb<\/p>\n<p>V\u0103 rug\u0103m s\u0103 re\u021bine\u021bi: deoarece acesta este un produs unisex, femeile ar trebui s\u0103 aleag\u0103 o m\u0103rime mai mic\u0103.<\/p>\n","protected":false},"excerpt":{"rendered":"<p>Pantaloni scur\u021bi Boxwear Tech cu colan\u021bi lungi \u00een interior Haine pentru boxeri de la Adidas. Ideea este preluat\u0103 aici, croiala<\/p>\n","protected":false},"featured_media":22581,"comment_status":"open","ping_status":"closed","template":"","meta":[],"product_brand":[],"product_cat":[517,520],"product_tag":[],"class_list":{"0":"post-22589","1":"product","2":"type-product","3":"status-publish","4":"has-post-thumbnail","6":"product_cat-adidas-box-ro","7":"product_cat-imbracaminte-antrenament-ro-4","9":"first","10":"instock","11":"shipping-taxable","12":"purchasable","13":"product-type-variable"},"_links":{"self":[{"href":"https:\/\/adidascombat.md\/ro\/wp-json\/wp\/v2\/product\/22589","targetHints":{"allow":["GET"]}}],"collection":[{"href":"https:\/\/adidascombat.md\/ro\/wp-json\/wp\/v2\/product"}],"about":[{"href":"https:\/\/adidascombat.md\/ro\/wp-json\/wp\/v2\/types\/product"}],"replies":[{"embeddable":true,"href":"https:\/\/adidascombat.md\/ro\/wp-json\/wp\/v2\/comments?post=22589"}],"version-history":[{"count":1,"href":"https:\/\/adidascombat.md\/ro\/wp-json\/wp\/v2\/product\/22589\/revisions"}],"predecessor-version":[{"id":22595,"href":"https:\/\/adidascombat.md\/ro\/wp-json\/wp\/v2\/product\/22589\/revisions\/22595"}],"wp:featuredmedia":[{"embeddable":true,"href":"https:\/\/adidascombat.md\/ro\/wp-json\/wp\/v2\/media\/22581"}],"wp:attachment":[{"href":"https:\/\/adidascombat.md\/ro\/wp-json\/wp\/v2\/media?parent=22589"}],"wp:term":[{"taxonomy":"product_brand","embeddable":true,"href":"https:\/\/adidascombat.md\/ro\/wp-json\/wp\/v2\/product_brand?post=22589"},{"taxonomy":"product_cat","embeddable":true,"href":"https:\/\/adidascombat.md\/ro\/wp-json\/wp\/v2\/product_cat?post=22589"},{"taxonomy":"product_tag","embeddable":true,"href":"https:\/\/adidascombat.md\/ro\/wp-json\/wp\/v2\/product_tag?post=22589"}],"curies":[{"name":"wp","href":"https:\/\/api.w.org\/{rel}","templated":true}]}}