{"id":22610,"date":"2025-01-03T12:03:45","date_gmt":"2025-01-03T12:03:45","guid":{"rendered":"https:\/\/adidascombat.md\/product\/%d0%bc%d0%b0%d0%b9%d0%ba%d0%b0-adidas-boxing-wear-tech-bxwttt01\/"},"modified":"2025-01-03T12:07:23","modified_gmt":"2025-01-03T12:07:23","slug":"%d0%bc%d0%b0%d0%b9%d0%ba%d0%b0-adidas-boxing-wear-tech-bxwttt01","status":"publish","type":"product","link":"https:\/\/adidascombat.md\/ro\/Produs\/%d0%bc%d0%b0%d0%b9%d0%ba%d0%b0-adidas-boxing-wear-tech-bxwttt01\/","title":{"rendered":"Tricou adidas Boxing Wear Tech, BXWTTT01"},"content":{"rendered":"<p>Tricou Boxwear Tech Tech<\/p>\n<p>Haine pentru boxeri de la Adidas. Ideea este preluat\u0103 aici, croiala este adaptat\u0103 special nevoilor antrenamentului de box. Spatele c\u0103m\u0103\u0219ii este pu\u021bin mai lung dec\u00e2t partea din fa\u021b\u0103, ceea ce confer\u0103 v\u00e2rfului un aspect u\u0219or casual. O \u201ecutie\u201d este cusut\u0103 discret pe tivul din spate. Deschiderea m\u00e2necii r\u0103m\u00e2ne foarte mare pentru a asigura libertate maxim\u0103 de mi\u0219care.<\/p>\n<p>De asemenea, grozav pentru cluburi: datorit\u0103 p\u0103r\u021bii drepte libere din fa\u021b\u0103 \u0219i spatelui liber, v\u0103 putem face un tricou \u00een multe variante (imprimat, flock).<\/p>\n<p>Material: 100% poliester (100% poliester reciclat &#8211; pentru utilizarea durabil\u0103 a resurselor \u00een \u00eembr\u0103c\u0103mintea sport!)<br \/>\nCuloare: negru\/alb.<\/p>\n<p>V\u0103 rug\u0103m s\u0103 re\u021bine\u021bi: deoarece acesta este un produs unisex, femeile ar trebui s\u0103 aleag\u0103 o m\u0103rime mai mic\u0103.<\/p>\n","protected":false},"excerpt":{"rendered":"<p>Tricou Boxwear Tech Tech Haine pentru boxeri de la Adidas. Ideea este preluat\u0103 aici, croiala este adaptat\u0103 special nevoilor antrenamentului<\/p>\n","protected":false},"featured_media":22605,"comment_status":"open","ping_status":"closed","template":"","meta":[],"product_brand":[],"product_cat":[517,520],"product_tag":[],"class_list":{"0":"post-22610","1":"product","2":"type-product","3":"status-publish","4":"has-post-thumbnail","6":"product_cat-adidas-box-ro","7":"product_cat-imbracaminte-antrenament-ro-4","9":"first","10":"instock","11":"shipping-taxable","12":"purchasable","13":"product-type-variable"},"_links":{"self":[{"href":"https:\/\/adidascombat.md\/ro\/wp-json\/wp\/v2\/product\/22610","targetHints":{"allow":["GET"]}}],"collection":[{"href":"https:\/\/adidascombat.md\/ro\/wp-json\/wp\/v2\/product"}],"about":[{"href":"https:\/\/adidascombat.md\/ro\/wp-json\/wp\/v2\/types\/product"}],"replies":[{"embeddable":true,"href":"https:\/\/adidascombat.md\/ro\/wp-json\/wp\/v2\/comments?post=22610"}],"version-history":[{"count":2,"href":"https:\/\/adidascombat.md\/ro\/wp-json\/wp\/v2\/product\/22610\/revisions"}],"predecessor-version":[{"id":22617,"href":"https:\/\/adidascombat.md\/ro\/wp-json\/wp\/v2\/product\/22610\/revisions\/22617"}],"wp:featuredmedia":[{"embeddable":true,"href":"https:\/\/adidascombat.md\/ro\/wp-json\/wp\/v2\/media\/22605"}],"wp:attachment":[{"href":"https:\/\/adidascombat.md\/ro\/wp-json\/wp\/v2\/media?parent=22610"}],"wp:term":[{"taxonomy":"product_brand","embeddable":true,"href":"https:\/\/adidascombat.md\/ro\/wp-json\/wp\/v2\/product_brand?post=22610"},{"taxonomy":"product_cat","embeddable":true,"href":"https:\/\/adidascombat.md\/ro\/wp-json\/wp\/v2\/product_cat?post=22610"},{"taxonomy":"product_tag","embeddable":true,"href":"https:\/\/adidascombat.md\/ro\/wp-json\/wp\/v2\/product_tag?post=22610"}],"curies":[{"name":"wp","href":"https:\/\/api.w.org\/{rel}","templated":true}]}}