{"id":22719,"date":"2025-01-03T12:43:45","date_gmt":"2025-01-03T12:43:45","guid":{"rendered":"https:\/\/adidascombat.md\/product\/%d1%84%d1%83%d1%82%d0%b1%d0%be%d0%bb%d0%ba%d0%b0-adidas-boxing-wear-tech-bxwtts01\/"},"modified":"2025-01-03T12:46:03","modified_gmt":"2025-01-03T12:46:03","slug":"%d1%84%d1%83%d1%82%d0%b1%d0%be%d0%bb%d0%ba%d0%b0-adidas-boxing-wear-tech-bxwtts01","status":"publish","type":"product","link":"https:\/\/adidascombat.md\/ro\/Produs\/%d1%84%d1%83%d1%82%d0%b1%d0%be%d0%bb%d0%ba%d0%b0-adidas-boxing-wear-tech-bxwtts01\/","title":{"rendered":"Tricou adidas Boxing Wear Tech, BXWTTS01"},"content":{"rendered":"<p>Tricou Boxwear Tech<\/p>\n<p>Haine pentru boxeri de la Adidas. Ideea este preluat\u0103 aici, croiala este adaptat\u0103 special nevoilor antrenamentului de box. Spatele c\u0103m\u0103\u0219ii este pu\u021bin mai lung dec\u00e2t partea din fa\u021b\u0103, oferind tricoului o senza\u021bie casual. Pe tivul din spate este cusut\u0103 discret o cutie. Cele \u201etrei dungi\u201d de pe m\u00e2neci fac c\u0103ma\u0219a unic\u0103.<\/p>\n<p>De asemenea, grozav pentru cluburi: datorit\u0103 fa\u021bei drepte largi \u0219i spate, putem personaliza tricoul pentru tine \u00een multe variante (imprimat, turm\u0103).<\/p>\n<p>Material: 100% poliester (100% poliester reciclat &#8211; pentru utilizarea durabil\u0103 a resurselor \u00een \u00eembr\u0103c\u0103mintea sport!)<br \/>\nCuloare: negru\/alb.<\/p>\n<p>V\u0103 rug\u0103m s\u0103 re\u021bine\u021bi: deoarece acesta este un produs unisex, femeile ar trebui s\u0103 aleag\u0103 o m\u0103rime mai mic\u0103.<\/p>\n","protected":false},"excerpt":{"rendered":"<p>Tricou Boxwear Tech Haine pentru boxeri de la Adidas. Ideea este preluat\u0103 aici, croiala este adaptat\u0103 special nevoilor antrenamentului de<\/p>\n","protected":false},"featured_media":22714,"comment_status":"open","ping_status":"closed","template":"","meta":[],"product_brand":[],"product_cat":[517,520],"product_tag":[],"class_list":{"0":"post-22719","1":"product","2":"type-product","3":"status-publish","4":"has-post-thumbnail","6":"product_cat-adidas-box-ro","7":"product_cat-imbracaminte-antrenament-ro-4","9":"first","10":"instock","11":"shipping-taxable","12":"purchasable","13":"product-type-variable"},"_links":{"self":[{"href":"https:\/\/adidascombat.md\/ro\/wp-json\/wp\/v2\/product\/22719","targetHints":{"allow":["GET"]}}],"collection":[{"href":"https:\/\/adidascombat.md\/ro\/wp-json\/wp\/v2\/product"}],"about":[{"href":"https:\/\/adidascombat.md\/ro\/wp-json\/wp\/v2\/types\/product"}],"replies":[{"embeddable":true,"href":"https:\/\/adidascombat.md\/ro\/wp-json\/wp\/v2\/comments?post=22719"}],"version-history":[{"count":1,"href":"https:\/\/adidascombat.md\/ro\/wp-json\/wp\/v2\/product\/22719\/revisions"}],"predecessor-version":[{"id":22725,"href":"https:\/\/adidascombat.md\/ro\/wp-json\/wp\/v2\/product\/22719\/revisions\/22725"}],"wp:featuredmedia":[{"embeddable":true,"href":"https:\/\/adidascombat.md\/ro\/wp-json\/wp\/v2\/media\/22714"}],"wp:attachment":[{"href":"https:\/\/adidascombat.md\/ro\/wp-json\/wp\/v2\/media?parent=22719"}],"wp:term":[{"taxonomy":"product_brand","embeddable":true,"href":"https:\/\/adidascombat.md\/ro\/wp-json\/wp\/v2\/product_brand?post=22719"},{"taxonomy":"product_cat","embeddable":true,"href":"https:\/\/adidascombat.md\/ro\/wp-json\/wp\/v2\/product_cat?post=22719"},{"taxonomy":"product_tag","embeddable":true,"href":"https:\/\/adidascombat.md\/ro\/wp-json\/wp\/v2\/product_tag?post=22719"}],"curies":[{"name":"wp","href":"https:\/\/api.w.org\/{rel}","templated":true}]}}