{"id":22813,"date":"2025-01-03T17:03:19","date_gmt":"2025-01-03T17:03:19","guid":{"rendered":"https:\/\/adidascombat.md\/product\/%d0%b1%d0%b5%d0%b9%d1%81%d0%b1%d0%be%d0%bb%d0%ba%d0%b0-adidas-%d0%b1%d0%be%d0%ba%d1%81%d0%b5%d1%80%d1%81%d0%ba%d0%b0%d1%8f-%d1%87%d0%b5%d1%80%d0%bd%d0%b0%d1%8f-adicap01\/"},"modified":"2025-01-03T17:05:27","modified_gmt":"2025-01-03T17:05:27","slug":"%d0%b1%d0%b5%d0%b9%d1%81%d0%b1%d0%be%d0%bb%d0%ba%d0%b0-adidas-%d0%b1%d0%be%d0%ba%d1%81%d0%b5%d1%80%d1%81%d0%ba%d0%b0%d1%8f-%d1%87%d0%b5%d1%80%d0%bd%d0%b0%d1%8f-adicap01","status":"publish","type":"product","link":"https:\/\/adidascombat.md\/ro\/Produs\/%d0%b1%d0%b5%d0%b9%d1%81%d0%b1%d0%be%d0%bb%d0%ba%d0%b0-adidas-%d0%b1%d0%be%d0%ba%d1%81%d0%b5%d1%80%d1%81%d0%ba%d0%b0%d1%8f-%d1%87%d0%b5%d1%80%d0%bd%d0%b0%d1%8f-adicap01\/","title":{"rendered":"\u015eapc\u0103 de baseball box Adidas neagr\u0103, Adicap01"},"content":{"rendered":"<p>Vine cu o curea reglabil\u0103 pentru ceaf\u0103 \u0219i are, de asemenea, protec\u021bie UV \u0219i faimoasele trei dungi pe viziera pre-curbat\u0103.<\/p>\n<p>Cu broderie de box care va deveni un must-have pentru to\u021bi sportivii pasiona\u021bi de box!<br \/>\nVizor curbat mediu cu trei dungi brodate.<br \/>\nCurea reglabil\u0103 \u00een partea din spate a capului.<br \/>\nDesign cu \u0219ase panouri.<br \/>\nLogo adidas brodat \u00een fa\u021b\u0103.<br \/>\nProtectie UV (UPF 50+).<br \/>\nM\u0103rime unic\u0103.<br \/>\nMaterial: material exterior: 100% bumbac, banda de protectie: 100%. bumbac, c\u0103ptu\u0219eal\u0103: 80% poliester, 20% bumbac<\/p>\n","protected":false},"excerpt":{"rendered":"<p>Vine cu o curea reglabil\u0103 pentru ceaf\u0103 \u0219i are, de asemenea, protec\u021bie UV \u0219i faimoasele trei dungi pe viziera pre-curbat\u0103.<\/p>\n","protected":false},"featured_media":22811,"comment_status":"open","ping_status":"closed","template":"","meta":[],"product_brand":[],"product_cat":[517,535],"product_tag":[],"class_list":{"0":"post-22813","1":"product","2":"type-product","3":"status-publish","4":"has-post-thumbnail","6":"product_cat-adidas-box-ro","7":"product_cat-imbracaminte-casual-ro-4","9":"first","10":"instock","11":"shipping-taxable","12":"purchasable","13":"product-type-simple"},"_links":{"self":[{"href":"https:\/\/adidascombat.md\/ro\/wp-json\/wp\/v2\/product\/22813","targetHints":{"allow":["GET"]}}],"collection":[{"href":"https:\/\/adidascombat.md\/ro\/wp-json\/wp\/v2\/product"}],"about":[{"href":"https:\/\/adidascombat.md\/ro\/wp-json\/wp\/v2\/types\/product"}],"replies":[{"embeddable":true,"href":"https:\/\/adidascombat.md\/ro\/wp-json\/wp\/v2\/comments?post=22813"}],"version-history":[{"count":2,"href":"https:\/\/adidascombat.md\/ro\/wp-json\/wp\/v2\/product\/22813\/revisions"}],"predecessor-version":[{"id":22815,"href":"https:\/\/adidascombat.md\/ro\/wp-json\/wp\/v2\/product\/22813\/revisions\/22815"}],"wp:featuredmedia":[{"embeddable":true,"href":"https:\/\/adidascombat.md\/ro\/wp-json\/wp\/v2\/media\/22811"}],"wp:attachment":[{"href":"https:\/\/adidascombat.md\/ro\/wp-json\/wp\/v2\/media?parent=22813"}],"wp:term":[{"taxonomy":"product_brand","embeddable":true,"href":"https:\/\/adidascombat.md\/ro\/wp-json\/wp\/v2\/product_brand?post=22813"},{"taxonomy":"product_cat","embeddable":true,"href":"https:\/\/adidascombat.md\/ro\/wp-json\/wp\/v2\/product_cat?post=22813"},{"taxonomy":"product_tag","embeddable":true,"href":"https:\/\/adidascombat.md\/ro\/wp-json\/wp\/v2\/product_tag?post=22813"}],"curies":[{"name":"wp","href":"https:\/\/api.w.org\/{rel}","templated":true}]}}